{"id":3760,"date":"2023-01-15T16:23:07","date_gmt":"2023-01-15T16:23:07","guid":{"rendered":"https:\/\/medposnonwoven.com\/product\/housses-de-lit-non-tissees-a-usage-unique\/"},"modified":"2023-04-16T08:24:06","modified_gmt":"2023-04-16T08:24:06","slug":"housses-de-lit-non-tissees-a-usage-unique","status":"publish","type":"product","link":"https:\/\/medposnonwoven.com\/fr\/produit\/housses-de-lit-non-tissees-a-usage-unique\/","title":{"rendered":"Housses de lit non tiss\u00e9es \u00e0 usage unique"},"content":{"rendered":"<ul>\n<li>Nos couvertures de lit jetables utilisent un tissu non tiss\u00e9 \u00e9pais en mat\u00e9riau imperm\u00e9able. Elles sont envelopp\u00e9es herm\u00e9tiquement, propres et hygi\u00e9niques, et la protection contre les coupures aseptiques est plus r\u00e9fl\u00e9chie. Imperm\u00e9able, plus \u00e9tanche, emp\u00eachant les fuites de liquides, isolation efficace pour \u00e9viter les salissures, tissu \u00e9pais solide et durable, support solide, doux et confortable. Les deux extr\u00e9mit\u00e9s ou le tour complet de la bande \u00e9lastique en cuir. Les clients peuvent choisir parmi une grande vari\u00e9t\u00e9 de tailles et de couleurs.<\/li>\n<li>La housse de lit est largement utilis\u00e9e dans les lits d&rsquo;h\u00f4pitaux, les salons de beaut\u00e9, les clubs de beaut\u00e9, les saunas, les soins \u00e0 domicile, les bains, les voyages d&rsquo;affaires, les voyages&#8230;<br \/>\n(1) Il est utilis\u00e9 pour les draps d&rsquo;examen gyn\u00e9cologique, les draps jetables et les draps de lit utilis\u00e9s dans les diff\u00e9rents services des h\u00f4pitaux.<br \/>\n(2) Il peut \u00eatre utilis\u00e9 pour les patients alit\u00e9s, les femmes en p\u00e9riode menstruelle, les femmes en post-partum et d&rsquo;autres matelas imperm\u00e9ables afin d&rsquo;\u00e9viter la contamination du matelas.<br \/>\n(3) Il peut \u00eatre utilis\u00e9 comme tampon urinaire pour les nourrissons et les enfants.<br \/>\n(4) Utilis\u00e9 \u00e0 la maison comme serviette hygi\u00e9nique, notamment pour emp\u00eacher l&rsquo;urine de tremper les draps et le sang menstruel de contaminer les draps.<br \/>\n(5) A l&rsquo;ext\u00e9rieur pour les pique-niques, les \u00e9tals, etc., l\u00e9ger et facile \u00e0 transporter.<br \/>\n(6) pos\u00e9 en \u00e9t\u00e9 sous le tapis de fra\u00eecheur, en particulier sous le tapis de mahjong, pour \u00e9viter la pollution des draps par la poussi\u00e8re et les scories, un bon nettoyage.<br \/>\n(7) voyage d&rsquo;affaires pour s\u00e9journer dans un h\u00f4tel lorsque le patient est allong\u00e9 sur le lit, propre et hygi\u00e9nique.<br \/>\n(8) utilisation de tapis jetables pour la maison ou la cuisine, les restaurants et les professionnels.<\/li>\n<\/ul>\n<p>&nbsp;<\/p>\n<p>&nbsp;<\/p>\n","protected":false},"excerpt":{"rendered":"<ul>\n<li>Les draps-housses jetables sont dot\u00e9s d&rsquo;un bord \u00e9lastique aux deux extr\u00e9mit\u00e9s. Ils ne tombent pas facilement et sont pratiques \u00e0 utiliser, les clients peuvent les retourner \u00e0 leur guise.<\/li>\n<li>Largement utilis\u00e9 par les professionnels, tables de massage, lits d&rsquo;examen facial, tables d&rsquo;examen hospitalier, tables de chiropracteur et de kin\u00e9sith\u00e9rapie, chaises d&rsquo;esth\u00e9ticienne, de cil, de cire, de tatouage.<\/li>\n<\/ul>\n<h4>Caract\u00e9ristiques<\/h4>\n<p>Mat\u00e9riau : Polypropyl\u00e8ne Spunbond ou SMS<\/p>\n<p>Taille : 100*200cm ou sur mesure<\/p>\n<p>Couleur : bleu, blanc, rose<\/p>\n<p>Type : Elastiques aux deux extr\u00e9mit\u00e9s ou sur tout le pourtour<\/p>\n<p>Emballage : 10 pi\u00e8ces\/sac, 10 sacs\/carton<\/p>\n<p>&nbsp;<\/p>\n<p>&nbsp;<\/p>\n<p>&nbsp;<\/p>\n","protected":false},"featured_media":3519,"template":"","meta":{"site-sidebar-layout":"default","site-content-layout":"default","ast-site-content-layout":"default","site-content-style":"default","site-sidebar-style":"default","ast-global-header-display":"","ast-banner-title-visibility":"","ast-main-header-display":"","ast-hfb-above-header-display":"","ast-hfb-below-header-display":"","ast-hfb-mobile-header-display":"","site-post-title":"","ast-breadcrumbs-content":"","ast-featured-img":"","footer-sml-layout":"","ast-disable-related-posts":"","theme-transparent-header-meta":"default","adv-header-id-meta":"","stick-header-meta":"","header-above-stick-meta":"","header-main-stick-meta":"","header-below-stick-meta":"","astra-migrate-meta-layouts":"default","ast-page-background-enabled":"default","ast-page-background-meta":{"desktop":{"background-color":"","background-image":"","background-repeat":"repeat","background-position":"center center","background-size":"auto","background-attachment":"scroll","background-type":"","background-media":"","overlay-type":"","overlay-color":"","overlay-opacity":"","overlay-gradient":""},"tablet":{"background-color":"","background-image":"","background-repeat":"repeat","background-position":"center center","background-size":"auto","background-attachment":"scroll","background-type":"","background-media":"","overlay-type":"","overlay-color":"","overlay-opacity":"","overlay-gradient":""},"mobile":{"background-color":"","background-image":"","background-repeat":"repeat","background-position":"center center","background-size":"auto","background-attachment":"scroll","background-type":"","background-media":"","overlay-type":"","overlay-color":"","overlay-opacity":"","overlay-gradient":""}},"ast-content-background-meta":{"desktop":{"background-color":"var(--ast-global-color-5)","background-image":"","background-repeat":"repeat","background-position":"center center","background-size":"auto","background-attachment":"scroll","background-type":"","background-media":"","overlay-type":"","overlay-color":"","overlay-opacity":"","overlay-gradient":""},"tablet":{"background-color":"var(--ast-global-color-5)","background-image":"","background-repeat":"repeat","background-position":"center center","background-size":"auto","background-attachment":"scroll","background-type":"","background-media":"","overlay-type":"","overlay-color":"","overlay-opacity":"","overlay-gradient":""},"mobile":{"background-color":"var(--ast-global-color-5)","background-image":"","background-repeat":"repeat","background-position":"center center","background-size":"auto","background-attachment":"scroll","background-type":"","background-media":"","overlay-type":"","overlay-color":"","overlay-opacity":"","overlay-gradient":""}}},"product_brand":[],"product_cat":[83],"product_tag":[],"class_list":{"0":"post-3760","1":"product","2":"type-product","3":"status-publish","4":"has-post-thumbnail","6":"product_cat-rouleaux-et-housses-de-lit-jetables","7":"desktop-align-center","8":"tablet-align-left","9":"mobile-align-left","11":"first","12":"instock","13":"shipping-taxable","14":"product-type-simple"},"_links":{"self":[{"href":"https:\/\/medposnonwoven.com\/fr\/wp-json\/wp\/v2\/product\/3760","targetHints":{"allow":["GET"]}}],"collection":[{"href":"https:\/\/medposnonwoven.com\/fr\/wp-json\/wp\/v2\/product"}],"about":[{"href":"https:\/\/medposnonwoven.com\/fr\/wp-json\/wp\/v2\/types\/product"}],"wp:featuredmedia":[{"embeddable":true,"href":"https:\/\/medposnonwoven.com\/fr\/wp-json\/wp\/v2\/media\/3519"}],"wp:attachment":[{"href":"https:\/\/medposnonwoven.com\/fr\/wp-json\/wp\/v2\/media?parent=3760"}],"wp:term":[{"taxonomy":"product_brand","embeddable":true,"href":"https:\/\/medposnonwoven.com\/fr\/wp-json\/wp\/v2\/product_brand?post=3760"},{"taxonomy":"product_cat","embeddable":true,"href":"https:\/\/medposnonwoven.com\/fr\/wp-json\/wp\/v2\/product_cat?post=3760"},{"taxonomy":"product_tag","embeddable":true,"href":"https:\/\/medposnonwoven.com\/fr\/wp-json\/wp\/v2\/product_tag?post=3760"}],"curies":[{"name":"wp","href":"https:\/\/api.w.org\/{rel}","templated":true}]}}