{"id":3761,"date":"2023-01-12T17:02:07","date_gmt":"2023-01-12T17:02:07","guid":{"rendered":"https:\/\/medposnonwoven.com\/product\/gant-vinly-jetable\/"},"modified":"2023-04-16T08:36:42","modified_gmt":"2023-04-16T08:36:42","slug":"gant-vinly-jetable","status":"publish","type":"product","link":"https:\/\/medposnonwoven.com\/fr\/produit\/gant-vinly-jetable\/","title":{"rendered":"Gant Vinly jetable"},"content":{"rendered":"<ul>\n<li>Nos gants jetables en PVC sont pauvres en ions, exempts d&rsquo;huile de silicone, d&rsquo;enzymes et d&rsquo;autres substances, tr\u00e8s souples et agr\u00e9ables au toucher, faciles \u00e0 enfiler et confortables \u00e0 porter, et dot\u00e9s de propri\u00e9t\u00e9s antistatiques. largement utilis\u00e9 pour l&rsquo;hygi\u00e8ne familiale, la protection du travail et d&rsquo;autres objectifs dans les industries chimiques, \u00e9lectroniques, pharmaceutiques et autres, ainsi que pour l&rsquo;inspection sanitaire. Les gants jetables en PVC fabriqu\u00e9s dans notre usine ont une bonne r\u00e9sistance \u00e0 la casse et ne se fissurent pas ou ne se cassent pas lorsqu&rsquo;ils sont expos\u00e9s \u00e0 un froid extr\u00eame. Les gants en PVC sont r\u00e9sistants aux acides et aux alcalis et peuvent fonctionner dans une gamme de concentrations d&rsquo;acides et d&rsquo;alcalis, notamment l&rsquo;acide chlorhydrique, le carbonate de calcium, le chlorure de magn\u00e9sium, l&rsquo;ac\u00e9tate de calcium, le chlorure de calcium, l&rsquo;eau ammoniaqu\u00e9e, l&rsquo;hydroxyde de sodium, etc. Les gants jetables en PVC r\u00e9sistant \u00e0 l&rsquo;huile peuvent \u00eatre utilis\u00e9s dans l&rsquo;huile lourde. Cependant, il est peu stable dans le k\u00e9ros\u00e8ne, l&rsquo;huile l\u00e9g\u00e8re et l&rsquo;essence. Pour prot\u00e9ger vos mains, \u00e9vitez d&rsquo;utiliser des gants en PVC avec des solvants tels que le benz\u00e8ne, le tolu\u00e8ne, le xyl\u00e8ne, le t\u00e9traoxyde de carbone, le trichlor\u00e9thyl\u00e8ne, le cr\u00e9sol, etc.<\/li>\n<\/ul>\n<p>&nbsp;<\/p>\n","protected":false},"excerpt":{"rendered":"<ul>\n<li>Ces gants jetables en vinyle sont non allerg\u00e8nes et non irritants. Ils sont test\u00e9s et approuv\u00e9s pour la protection, ce qui en fait le choix pr\u00e9f\u00e9r\u00e9 des personnes allergiques au latex.<\/li>\n<li>Largement utilis\u00e9 dans l&rsquo;industrie alimentaire, la m\u00e9decine, les examens physiques non invasifs, les travaux de laboratoire, la coloration des cheveux, le tatouage, l&rsquo;\u00e9picerie, la peinture, le nettoyage, le m\u00e9nage.<\/li>\n<\/ul>\n<h4>Caract\u00e9ristiques<\/h4>\n<p>Mat\u00e9riau : Chlorure de polyvinyle (PVC) de haute qualit\u00e9<\/p>\n<p>Taille : S, M, L, XL<\/p>\n<p>Couleur : bleu, transparent<\/p>\n<p>Type : En poudre ou sans poudre. Ambidextre<\/p>\n<p>Emballage : 100 pi\u00e8ces\/bo\u00eete, 10 bo\u00eetes\/carton<\/p>\n<p>&nbsp;<\/p>\n<p>&nbsp;<\/p>\n","protected":false},"featured_media":3493,"template":"","meta":{"site-sidebar-layout":"default","site-content-layout":"default","ast-site-content-layout":"default","site-content-style":"default","site-sidebar-style":"default","ast-global-header-display":"","ast-banner-title-visibility":"","ast-main-header-display":"","ast-hfb-above-header-display":"","ast-hfb-below-header-display":"","ast-hfb-mobile-header-display":"","site-post-title":"","ast-breadcrumbs-content":"","ast-featured-img":"","footer-sml-layout":"","ast-disable-related-posts":"","theme-transparent-header-meta":"default","adv-header-id-meta":"","stick-header-meta":"","header-above-stick-meta":"","header-main-stick-meta":"","header-below-stick-meta":"","astra-migrate-meta-layouts":"default","ast-page-background-enabled":"default","ast-page-background-meta":{"desktop":{"background-color":"","background-image":"","background-repeat":"repeat","background-position":"center center","background-size":"auto","background-attachment":"scroll","background-type":"","background-media":"","overlay-type":"","overlay-color":"","overlay-opacity":"","overlay-gradient":""},"tablet":{"background-color":"","background-image":"","background-repeat":"repeat","background-position":"center center","background-size":"auto","background-attachment":"scroll","background-type":"","background-media":"","overlay-type":"","overlay-color":"","overlay-opacity":"","overlay-gradient":""},"mobile":{"background-color":"","background-image":"","background-repeat":"repeat","background-position":"center center","background-size":"auto","background-attachment":"scroll","background-type":"","background-media":"","overlay-type":"","overlay-color":"","overlay-opacity":"","overlay-gradient":""}},"ast-content-background-meta":{"desktop":{"background-color":"var(--ast-global-color-5)","background-image":"","background-repeat":"repeat","background-position":"center center","background-size":"auto","background-attachment":"scroll","background-type":"","background-media":"","overlay-type":"","overlay-color":"","overlay-opacity":"","overlay-gradient":""},"tablet":{"background-color":"var(--ast-global-color-5)","background-image":"","background-repeat":"repeat","background-position":"center center","background-size":"auto","background-attachment":"scroll","background-type":"","background-media":"","overlay-type":"","overlay-color":"","overlay-opacity":"","overlay-gradient":""},"mobile":{"background-color":"var(--ast-global-color-5)","background-image":"","background-repeat":"repeat","background-position":"center center","background-size":"auto","background-attachment":"scroll","background-type":"","background-media":"","overlay-type":"","overlay-color":"","overlay-opacity":"","overlay-gradient":""}}},"product_brand":[],"product_cat":[85],"product_tag":[],"class_list":{"0":"post-3761","1":"product","2":"type-product","3":"status-publish","4":"has-post-thumbnail","6":"product_cat-gants-jetables","7":"desktop-align-center","8":"tablet-align-left","9":"mobile-align-left","11":"first","12":"instock","13":"shipping-taxable","14":"product-type-simple"},"_links":{"self":[{"href":"https:\/\/medposnonwoven.com\/fr\/wp-json\/wp\/v2\/product\/3761","targetHints":{"allow":["GET"]}}],"collection":[{"href":"https:\/\/medposnonwoven.com\/fr\/wp-json\/wp\/v2\/product"}],"about":[{"href":"https:\/\/medposnonwoven.com\/fr\/wp-json\/wp\/v2\/types\/product"}],"wp:featuredmedia":[{"embeddable":true,"href":"https:\/\/medposnonwoven.com\/fr\/wp-json\/wp\/v2\/media\/3493"}],"wp:attachment":[{"href":"https:\/\/medposnonwoven.com\/fr\/wp-json\/wp\/v2\/media?parent=3761"}],"wp:term":[{"taxonomy":"product_brand","embeddable":true,"href":"https:\/\/medposnonwoven.com\/fr\/wp-json\/wp\/v2\/product_brand?post=3761"},{"taxonomy":"product_cat","embeddable":true,"href":"https:\/\/medposnonwoven.com\/fr\/wp-json\/wp\/v2\/product_cat?post=3761"},{"taxonomy":"product_tag","embeddable":true,"href":"https:\/\/medposnonwoven.com\/fr\/wp-json\/wp\/v2\/product_tag?post=3761"}],"curies":[{"name":"wp","href":"https:\/\/api.w.org\/{rel}","templated":true}]}}