{"id":3762,"date":"2023-01-13T16:55:40","date_gmt":"2023-01-13T16:55:40","guid":{"rendered":"https:\/\/medposnonwoven.com\/product\/manchettes-de-bras-micro-poreuses-a-usage-unique\/"},"modified":"2023-04-16T08:30:50","modified_gmt":"2023-04-16T08:30:50","slug":"manchettes-de-bras-micro-poreuses-a-usage-unique","status":"publish","type":"product","link":"https:\/\/medposnonwoven.com\/fr\/produit\/manchettes-de-bras-micro-poreuses-a-usage-unique\/","title":{"rendered":"Manchettes de bras micro-poreuses \u00e0 usage unique"},"content":{"rendered":"<ul>\n<li>Les gaines de protection jetables pour les bras sont fabriqu\u00e9es en polypropyl\u00e8ne de haute qualit\u00e9 avec un film microporeux. La surface lamin\u00e9e des prot\u00e8ge-bras est r\u00e9sistante \u00e0 la d\u00e9chirure et peut \u00eatre facilement essuy\u00e9e. Si vous en avez assez des \u00e9claboussures de liquide sur vos bras ? Essayez nos manchons r\u00e9sistants \u00e0 l&rsquo;eau pour vous prot\u00e9ger contre l&rsquo;eau, l&rsquo;huile, les gouttes, les produits chimiques l\u00e9gers et la salet\u00e9.<\/li>\n<li>Les caract\u00e9ristiques de nos gaines jetables en non-tiss\u00e9 :<br \/>\n1. Bonne r\u00e9sistance et facilit\u00e9 d&rsquo;\u00e9tirement, la traction ne se brise pas.<br \/>\n2. L&rsquo;\u00e9lasticit\u00e9 des poignets est mod\u00e9r\u00e9e. La manche est respirante et confortable. Les mat\u00e9riaux des tissus non tiss\u00e9s sont faciles \u00e0 utiliser.<br \/>\n3. Fabrication exquise, imperm\u00e9able \u00e0 l&rsquo;eau et \u00e0 l&rsquo;huile, utilisable aussi bien par les hommes que par les femmes.<\/li>\n<\/ul>\n<p>&nbsp;<\/p>\n<p>&nbsp;<\/p>\n","protected":false},"excerpt":{"rendered":"<ul>\n<li>Le polypropyl\u00e8ne et le poly\u00e9thyl\u00e8ne de haute qualit\u00e9, qui sont imperm\u00e9ables, respirants, doux, sans latex et l\u00e9gers, sont utilis\u00e9s pour fabriquer les manchons jetables.<\/li>\n<li>Largement utilis\u00e9 dans les traitements m\u00e9dicaux, les usines, les laboratoires, les t\u00e2ches m\u00e9nag\u00e8res, le jardinage, la restauration, le tatouage, la maintenance ou d&rsquo;autres travaux quotidiens.<\/li>\n<\/ul>\n<h4>Caract\u00e9ristiques<\/h4>\n<p>Mat\u00e9riau : polypropyl\u00e8ne (PP) + film microporeux<\/p>\n<p>Taille : 16\u2033(40 x 20cm) , 18\u2033 (45 x 22cm)<\/p>\n<p>Couleur : bleu, blanc<\/p>\n<p>Type : Extr\u00e9mit\u00e9s \u00e9lastiques<\/p>\n<p>Emballage : 100 pi\u00e8ces\/sac, 20 sacs\/carton<\/p>\n<p>&nbsp;<\/p>\n<p>&nbsp;<\/p>\n<p>&nbsp;<\/p>\n","protected":false},"featured_media":3505,"template":"","meta":{"site-sidebar-layout":"default","site-content-layout":"default","ast-site-content-layout":"default","site-content-style":"default","site-sidebar-style":"default","ast-global-header-display":"","ast-banner-title-visibility":"","ast-main-header-display":"","ast-hfb-above-header-display":"","ast-hfb-below-header-display":"","ast-hfb-mobile-header-display":"","site-post-title":"","ast-breadcrumbs-content":"","ast-featured-img":"","footer-sml-layout":"","ast-disable-related-posts":"","theme-transparent-header-meta":"default","adv-header-id-meta":"","stick-header-meta":"","header-above-stick-meta":"","header-main-stick-meta":"","header-below-stick-meta":"","astra-migrate-meta-layouts":"default","ast-page-background-enabled":"default","ast-page-background-meta":{"desktop":{"background-color":"","background-image":"","background-repeat":"repeat","background-position":"center center","background-size":"auto","background-attachment":"scroll","background-type":"","background-media":"","overlay-type":"","overlay-color":"","overlay-opacity":"","overlay-gradient":""},"tablet":{"background-color":"","background-image":"","background-repeat":"repeat","background-position":"center center","background-size":"auto","background-attachment":"scroll","background-type":"","background-media":"","overlay-type":"","overlay-color":"","overlay-opacity":"","overlay-gradient":""},"mobile":{"background-color":"","background-image":"","background-repeat":"repeat","background-position":"center center","background-size":"auto","background-attachment":"scroll","background-type":"","background-media":"","overlay-type":"","overlay-color":"","overlay-opacity":"","overlay-gradient":""}},"ast-content-background-meta":{"desktop":{"background-color":"var(--ast-global-color-5)","background-image":"","background-repeat":"repeat","background-position":"center center","background-size":"auto","background-attachment":"scroll","background-type":"","background-media":"","overlay-type":"","overlay-color":"","overlay-opacity":"","overlay-gradient":""},"tablet":{"background-color":"var(--ast-global-color-5)","background-image":"","background-repeat":"repeat","background-position":"center center","background-size":"auto","background-attachment":"scroll","background-type":"","background-media":"","overlay-type":"","overlay-color":"","overlay-opacity":"","overlay-gradient":""},"mobile":{"background-color":"var(--ast-global-color-5)","background-image":"","background-repeat":"repeat","background-position":"center center","background-size":"auto","background-attachment":"scroll","background-type":"","background-media":"","overlay-type":"","overlay-color":"","overlay-opacity":"","overlay-gradient":""}}},"product_brand":[],"product_cat":[84],"product_tag":[],"class_list":{"0":"post-3762","1":"product","2":"type-product","3":"status-publish","4":"has-post-thumbnail","6":"product_cat-couvertures-de-manchons-jetables","7":"desktop-align-center","8":"tablet-align-left","9":"mobile-align-left","11":"first","12":"instock","13":"shipping-taxable","14":"product-type-simple"},"_links":{"self":[{"href":"https:\/\/medposnonwoven.com\/fr\/wp-json\/wp\/v2\/product\/3762","targetHints":{"allow":["GET"]}}],"collection":[{"href":"https:\/\/medposnonwoven.com\/fr\/wp-json\/wp\/v2\/product"}],"about":[{"href":"https:\/\/medposnonwoven.com\/fr\/wp-json\/wp\/v2\/types\/product"}],"wp:featuredmedia":[{"embeddable":true,"href":"https:\/\/medposnonwoven.com\/fr\/wp-json\/wp\/v2\/media\/3505"}],"wp:attachment":[{"href":"https:\/\/medposnonwoven.com\/fr\/wp-json\/wp\/v2\/media?parent=3762"}],"wp:term":[{"taxonomy":"product_brand","embeddable":true,"href":"https:\/\/medposnonwoven.com\/fr\/wp-json\/wp\/v2\/product_brand?post=3762"},{"taxonomy":"product_cat","embeddable":true,"href":"https:\/\/medposnonwoven.com\/fr\/wp-json\/wp\/v2\/product_cat?post=3762"},{"taxonomy":"product_tag","embeddable":true,"href":"https:\/\/medposnonwoven.com\/fr\/wp-json\/wp\/v2\/product_tag?post=3762"}],"curies":[{"name":"wp","href":"https:\/\/api.w.org\/{rel}","templated":true}]}}