{"id":3764,"date":"2023-01-15T15:55:22","date_gmt":"2023-01-15T15:55:22","guid":{"rendered":"https:\/\/medposnonwoven.com\/product\/rouleaux-de-draps-de-lit-non-tisses-jetables\/"},"modified":"2023-04-16T08:24:36","modified_gmt":"2023-04-16T08:24:36","slug":"rouleaux-de-draps-de-lit-non-tisses-jetables","status":"publish","type":"product","link":"https:\/\/medposnonwoven.com\/fr\/produit\/rouleaux-de-draps-de-lit-non-tisses-jetables\/","title":{"rendered":"Rouleaux de draps de lit non tiss\u00e9s jetables"},"content":{"rendered":"<ul>\n<li>Avez-vous d\u00e9j\u00e0 rencontr\u00e9 ces soucis dans votre salon de beaut\u00e9 ? L&rsquo;utilisation par plusieurs personnes a tendance \u00e0 favoriser la prolif\u00e9ration des bact\u00e9ries ; les clients se soucient de les avoir utilis\u00e9s ; il est difficile de nettoyer la graisse des clients, etc. Vous pouvez r\u00e9soudre ces probl\u00e8mes en choisissant nos rouleaux de feuilles jetables.<\/li>\n<li>Le rouleau de lit est fabriqu\u00e9 \u00e0 partir d&rsquo;un excellent tissu non tiss\u00e9 microporeux, qui pr\u00e9sente les caract\u00e9ristiques suivantes : doux, confortable, non stimulant et antistatique. Le design de la ligne de coupe est facile \u00e0 d\u00e9chirer et \u00e0 ramasser. Le tissu de ce rouleau de canap\u00e9 est solide et ferme, il n&rsquo;est pas facile de le d\u00e9former, il est imperm\u00e9able \u00e0 l&rsquo;eau et \u00e0 l&rsquo;huile, ce qui garantit une utilisation s\u00fbre. Une vari\u00e9t\u00e9 de couleurs et de tailles au choix.<\/li>\n<\/ul>\n<p>&nbsp;<\/p>\n<p>&nbsp;<\/p>\n<p>&nbsp;<\/p>\n<p>&nbsp;<\/p>\n","protected":false},"excerpt":{"rendered":"<ul>\n<li>Les rouleaux pour divan de massage sont fabriqu\u00e9s en tissu non tiss\u00e9 doux, l\u00e9ger et respirant, et r\u00e9sistant tout en prenant soin de votre peau et de celle de votre client. Il vous garde au sec et est imperm\u00e9able \u00e0 l&rsquo;huile, ce qui vous assure un environnement confortable.<\/li>\n<li>Largement utilis\u00e9 par les professionnels, tables de massage, lits d&rsquo;examen du visage, tables d&rsquo;examen hospitali\u00e8res, tables de chiropracteur et de kin\u00e9sith\u00e9rapie, chaises d&rsquo;esth\u00e9ticienne, de cils, de cire, de tatouage.<\/li>\n<\/ul>\n<h4>Caract\u00e9ristiques<\/h4>\n<p>Mat\u00e9riau : Polypropyl\u00e8ne Spunbond ou SMS<\/p>\n<p>Taille : 80*180cm ou personnalis\u00e9e<\/p>\n<p>Couleur : bleu, blanc, rose<\/p>\n<p>Type : Avec ou sans perforation<\/p>\n<p>Emballage : 1 pi\u00e8ce\/rouleau, 8 rouleaux\/carton<\/p>\n<p>&nbsp;<\/p>\n<p>&nbsp;<\/p>\n<p>&nbsp;<\/p>\n<p>&nbsp;<\/p>\n<p>&nbsp;<\/p>\n","protected":false},"featured_media":3516,"template":"","meta":{"site-sidebar-layout":"default","site-content-layout":"default","ast-site-content-layout":"default","site-content-style":"default","site-sidebar-style":"default","ast-global-header-display":"","ast-banner-title-visibility":"","ast-main-header-display":"","ast-hfb-above-header-display":"","ast-hfb-below-header-display":"","ast-hfb-mobile-header-display":"","site-post-title":"","ast-breadcrumbs-content":"","ast-featured-img":"","footer-sml-layout":"","ast-disable-related-posts":"","theme-transparent-header-meta":"default","adv-header-id-meta":"","stick-header-meta":"","header-above-stick-meta":"","header-main-stick-meta":"","header-below-stick-meta":"","astra-migrate-meta-layouts":"default","ast-page-background-enabled":"default","ast-page-background-meta":{"desktop":{"background-color":"","background-image":"","background-repeat":"repeat","background-position":"center center","background-size":"auto","background-attachment":"scroll","background-type":"","background-media":"","overlay-type":"","overlay-color":"","overlay-opacity":"","overlay-gradient":""},"tablet":{"background-color":"","background-image":"","background-repeat":"repeat","background-position":"center center","background-size":"auto","background-attachment":"scroll","background-type":"","background-media":"","overlay-type":"","overlay-color":"","overlay-opacity":"","overlay-gradient":""},"mobile":{"background-color":"","background-image":"","background-repeat":"repeat","background-position":"center center","background-size":"auto","background-attachment":"scroll","background-type":"","background-media":"","overlay-type":"","overlay-color":"","overlay-opacity":"","overlay-gradient":""}},"ast-content-background-meta":{"desktop":{"background-color":"var(--ast-global-color-5)","background-image":"","background-repeat":"repeat","background-position":"center center","background-size":"auto","background-attachment":"scroll","background-type":"","background-media":"","overlay-type":"","overlay-color":"","overlay-opacity":"","overlay-gradient":""},"tablet":{"background-color":"var(--ast-global-color-5)","background-image":"","background-repeat":"repeat","background-position":"center center","background-size":"auto","background-attachment":"scroll","background-type":"","background-media":"","overlay-type":"","overlay-color":"","overlay-opacity":"","overlay-gradient":""},"mobile":{"background-color":"var(--ast-global-color-5)","background-image":"","background-repeat":"repeat","background-position":"center center","background-size":"auto","background-attachment":"scroll","background-type":"","background-media":"","overlay-type":"","overlay-color":"","overlay-opacity":"","overlay-gradient":""}}},"product_brand":[],"product_cat":[83],"product_tag":[],"class_list":{"0":"post-3764","1":"product","2":"type-product","3":"status-publish","4":"has-post-thumbnail","6":"product_cat-rouleaux-et-housses-de-lit-jetables","7":"desktop-align-center","8":"tablet-align-left","9":"mobile-align-left","11":"first","12":"instock","13":"shipping-taxable","14":"product-type-simple"},"_links":{"self":[{"href":"https:\/\/medposnonwoven.com\/fr\/wp-json\/wp\/v2\/product\/3764","targetHints":{"allow":["GET"]}}],"collection":[{"href":"https:\/\/medposnonwoven.com\/fr\/wp-json\/wp\/v2\/product"}],"about":[{"href":"https:\/\/medposnonwoven.com\/fr\/wp-json\/wp\/v2\/types\/product"}],"wp:featuredmedia":[{"embeddable":true,"href":"https:\/\/medposnonwoven.com\/fr\/wp-json\/wp\/v2\/media\/3516"}],"wp:attachment":[{"href":"https:\/\/medposnonwoven.com\/fr\/wp-json\/wp\/v2\/media?parent=3764"}],"wp:term":[{"taxonomy":"product_brand","embeddable":true,"href":"https:\/\/medposnonwoven.com\/fr\/wp-json\/wp\/v2\/product_brand?post=3764"},{"taxonomy":"product_cat","embeddable":true,"href":"https:\/\/medposnonwoven.com\/fr\/wp-json\/wp\/v2\/product_cat?post=3764"},{"taxonomy":"product_tag","embeddable":true,"href":"https:\/\/medposnonwoven.com\/fr\/wp-json\/wp\/v2\/product_tag?post=3764"}],"curies":[{"name":"wp","href":"https:\/\/api.w.org\/{rel}","templated":true}]}}