{"id":3765,"date":"2023-01-12T16:20:25","date_gmt":"2023-01-12T16:20:25","guid":{"rendered":"https:\/\/medposnonwoven.com\/product\/gant-tpe-jetable\/"},"modified":"2023-04-16T08:40:15","modified_gmt":"2023-04-16T08:40:15","slug":"gant-tpe-jetable","status":"publish","type":"product","link":"https:\/\/medposnonwoven.com\/fr\/produit\/gant-tpe-jetable\/","title":{"rendered":"Gant TPE jetable"},"content":{"rendered":"<ul>\n<li>Qu&rsquo;est-ce qu&rsquo;un gant TPE jetable ?<br \/>\nLes gants jetables en TPE utilisent le SEBS comme mat\u00e9riau de base, et les gants en film coul\u00e9 en TPE sont produits par moulage par injection, calandrage et autres m\u00e9thodes de traitement. Il s&rsquo;agit de gants en plastique jetables relativement haut de gamme. Dans les applications de base, ils peuvent remplacer les gants ordinaires en PVC et en PE. Ce produit pr\u00e9sente les caract\u00e9ristiques suivantes : excellente force de traction et \u00e9lasticit\u00e9, forte \u00e9paisseur, r\u00e9sistance \u00e0 la corrosion, r\u00e9sistance \u00e0 l&rsquo;huile, pas facile \u00e0 casser, bonne prise en main, etc.<\/li>\n<li>Quelles sont les caract\u00e9ristiques des gants jetables en TPE ?<br \/>\n1. Les gants en TPE sont plus souples, plus \u00e9lastiques et plus r\u00e9sistants que les gants en plastique PE et PVC ordinaires ; ils ont de meilleures performances antistatiques que les gants en latex et n&rsquo;ont pas d&rsquo;odeur particuli\u00e8re.<br \/>\n2. Le gaufrage est plus fin, non collant, doux et non glissant.<br \/>\n3. Il est plus facile \u00e0 porter, a une bonne adh\u00e9rence et rend les mouvements du poing plus souples.<br \/>\n4. Ne contient pas d&rsquo;ingr\u00e9dients en latex naturel, n&rsquo;a pas de r\u00e9action allergique \u00e0 la peau humaine, n&rsquo;est pas facile \u00e0 casser et est plein d&rsquo;\u00e9lasticit\u00e9.<br \/>\n5. Solide et durable, il peut remplacer les gants en latex dans certains domaines, son prix est bas et il peut \u00eatre recycl\u00e9 et r\u00e9utilis\u00e9.<br \/>\n6. Sa duret\u00e9 et ses propri\u00e9t\u00e9s physiques ajustables offrent aux concepteurs de produits un large \u00e9ventail d&rsquo;imagination et d&rsquo;espace de conception. Ses caract\u00e9ristiques de protection de l&rsquo;environnement et de non-toxicit\u00e9 m\u00e9ritent la confiance des consommateurs.<br \/>\n7. Il ne contient pas de prot\u00e9ines de latex et ne provoque donc pas de r\u00e9actions allergiques. Il poss\u00e8de \u00e9galement des propri\u00e9t\u00e9s antistatiques, anti-\u00e2ge et r\u00e9sistantes \u00e0 l&rsquo;huile. La forme des gants est con\u00e7ue en fonction de la forme de la main humaine, avec une grande sensibilit\u00e9, de bonnes propri\u00e9t\u00e9s de traction et une r\u00e9sistance \u00e0 la perforation, une grande r\u00e9sistance \u00e0 la traction et une bonne r\u00e9sistance \u00e0 l&rsquo;abrasion.<\/li>\n<\/ul>\n<p>&nbsp;<\/p>\n<p>&nbsp;<\/p>\n","protected":false},"excerpt":{"rendered":"<ul>\n<li>Les gants jetables en TPE sont plus extensibles que les gants en PE classiques, qui sont peu extensibles et peuvent comprimer la peau. Fabriqu\u00e9 en \u00e9lastom\u00e8re thermoplastique plut\u00f4t qu&rsquo;en latex de caoutchouc naturel, ce qui peut aider en cas d&rsquo;allergie au latex.<\/li>\n<li>Largement utilis\u00e9 dans la manipulation des aliments, la cuisine, les maisons, les h\u00f4tels, les traitements m\u00e9dicaux, la coiffure, le nettoyage des laboratoires et d&rsquo;autres lieux applicables.<\/li>\n<\/ul>\n<h4>Caract\u00e9ristiques<\/h4>\n<p>Mat\u00e9riau : TPE (\u00e9lastom\u00e8res thermoplastiques)<\/p>\n<p>Taille : S, M, L, XL<\/p>\n<p>Couleur : bleu, transparent, noir ou personnalis\u00e9<\/p>\n<p>Type : Surface gaufr\u00e9e. Ambidextre<\/p>\n<p>Emballage : Sac, bo\u00eete ou sur mesure<\/p>\n<p>&nbsp;<\/p>\n<p>&nbsp;<\/p>\n<p>&nbsp;<\/p>\n","protected":false},"featured_media":3489,"template":"","meta":{"site-sidebar-layout":"default","site-content-layout":"default","ast-site-content-layout":"default","site-content-style":"default","site-sidebar-style":"default","ast-global-header-display":"","ast-banner-title-visibility":"","ast-main-header-display":"","ast-hfb-above-header-display":"","ast-hfb-below-header-display":"","ast-hfb-mobile-header-display":"","site-post-title":"","ast-breadcrumbs-content":"","ast-featured-img":"","footer-sml-layout":"","ast-disable-related-posts":"","theme-transparent-header-meta":"default","adv-header-id-meta":"","stick-header-meta":"","header-above-stick-meta":"","header-main-stick-meta":"","header-below-stick-meta":"","astra-migrate-meta-layouts":"default","ast-page-background-enabled":"default","ast-page-background-meta":{"desktop":{"background-color":"","background-image":"","background-repeat":"repeat","background-position":"center center","background-size":"auto","background-attachment":"scroll","background-type":"","background-media":"","overlay-type":"","overlay-color":"","overlay-opacity":"","overlay-gradient":""},"tablet":{"background-color":"","background-image":"","background-repeat":"repeat","background-position":"center center","background-size":"auto","background-attachment":"scroll","background-type":"","background-media":"","overlay-type":"","overlay-color":"","overlay-opacity":"","overlay-gradient":""},"mobile":{"background-color":"","background-image":"","background-repeat":"repeat","background-position":"center center","background-size":"auto","background-attachment":"scroll","background-type":"","background-media":"","overlay-type":"","overlay-color":"","overlay-opacity":"","overlay-gradient":""}},"ast-content-background-meta":{"desktop":{"background-color":"var(--ast-global-color-5)","background-image":"","background-repeat":"repeat","background-position":"center center","background-size":"auto","background-attachment":"scroll","background-type":"","background-media":"","overlay-type":"","overlay-color":"","overlay-opacity":"","overlay-gradient":""},"tablet":{"background-color":"var(--ast-global-color-5)","background-image":"","background-repeat":"repeat","background-position":"center center","background-size":"auto","background-attachment":"scroll","background-type":"","background-media":"","overlay-type":"","overlay-color":"","overlay-opacity":"","overlay-gradient":""},"mobile":{"background-color":"var(--ast-global-color-5)","background-image":"","background-repeat":"repeat","background-position":"center center","background-size":"auto","background-attachment":"scroll","background-type":"","background-media":"","overlay-type":"","overlay-color":"","overlay-opacity":"","overlay-gradient":""}}},"product_brand":[],"product_cat":[85],"product_tag":[],"class_list":{"0":"post-3765","1":"product","2":"type-product","3":"status-publish","4":"has-post-thumbnail","6":"product_cat-gants-jetables","7":"desktop-align-center","8":"tablet-align-left","9":"mobile-align-left","11":"first","12":"instock","13":"shipping-taxable","14":"product-type-simple"},"_links":{"self":[{"href":"https:\/\/medposnonwoven.com\/fr\/wp-json\/wp\/v2\/product\/3765","targetHints":{"allow":["GET"]}}],"collection":[{"href":"https:\/\/medposnonwoven.com\/fr\/wp-json\/wp\/v2\/product"}],"about":[{"href":"https:\/\/medposnonwoven.com\/fr\/wp-json\/wp\/v2\/types\/product"}],"wp:featuredmedia":[{"embeddable":true,"href":"https:\/\/medposnonwoven.com\/fr\/wp-json\/wp\/v2\/media\/3489"}],"wp:attachment":[{"href":"https:\/\/medposnonwoven.com\/fr\/wp-json\/wp\/v2\/media?parent=3765"}],"wp:term":[{"taxonomy":"product_brand","embeddable":true,"href":"https:\/\/medposnonwoven.com\/fr\/wp-json\/wp\/v2\/product_brand?post=3765"},{"taxonomy":"product_cat","embeddable":true,"href":"https:\/\/medposnonwoven.com\/fr\/wp-json\/wp\/v2\/product_cat?post=3765"},{"taxonomy":"product_tag","embeddable":true,"href":"https:\/\/medposnonwoven.com\/fr\/wp-json\/wp\/v2\/product_tag?post=3765"}],"curies":[{"name":"wp","href":"https:\/\/api.w.org\/{rel}","templated":true}]}}