{"id":3766,"date":"2023-01-13T16:32:34","date_gmt":"2023-01-13T16:32:34","guid":{"rendered":"https:\/\/medposnonwoven.com\/product\/manches-jetables-non-tissees\/"},"modified":"2023-04-16T08:31:48","modified_gmt":"2023-04-16T08:31:48","slug":"manches-jetables-non-tissees","status":"publish","type":"product","link":"https:\/\/medposnonwoven.com\/fr\/produit\/manches-jetables-non-tissees\/","title":{"rendered":"Manches jetables non tiss\u00e9es"},"content":{"rendered":"<ul>\n<li>Vous pouvez vous fier \u00e0 nos housses jetables, qui offrent \u00e0 l&rsquo;utilisateur une sensation de tissu, lorsque vous avez besoin d&rsquo;une combinaison de qualit\u00e9 et de confort de haut niveau, ainsi que d&rsquo;une protection fiable. Ils sont fabriqu\u00e9s en polypropyl\u00e8ne bleu fil\u00e9-li\u00e9 de haute qualit\u00e9, peu pelucheux, respirant, doux, sans latex et l\u00e9ger. Le tissu respirant sup\u00e9rieur est \u00e0 la fois confortable et frais. Les manchons de bras en non-tiss\u00e9 sont con\u00e7us avec des \u00e9lastiques aux deux extr\u00e9mit\u00e9s pour couvrir les avant-bras. La fermeture \u00e9lastique attache les manches au poignet et au coude pour faciliter l&rsquo;enfilage.<\/li>\n<\/ul>\n<p>&nbsp;<\/p>\n<p>&nbsp;<\/p>\n","protected":false},"excerpt":{"rendered":"<ul>\n<li>Le tissu de polypropyl\u00e8ne fil\u00e9-li\u00e9 de haute qualit\u00e9, peu pelucheux, respirant, doux, sans latex et l\u00e9ger, est utilis\u00e9 pour fabriquer les manchons jetables.<\/li>\n<li>Largement utilis\u00e9 dans les t\u00e2ches m\u00e9nag\u00e8res, le jardinage, la restauration, le tatouage, l&rsquo;entretien ou d&rsquo;autres travaux quotidiens.<\/li>\n<\/ul>\n<h4>Caract\u00e9ristiques<\/h4>\n<p>Mat\u00e9riau : polypropyl\u00e8ne non tiss\u00e9<\/p>\n<p>Taille : 16\u2033(40 x 20cm) , 18\u2033 (45 x 22cm)<\/p>\n<p>Couleur : bleu, blanc<\/p>\n<p>Type : Extr\u00e9mit\u00e9s \u00e9lastiques<\/p>\n<p>Emballage : 100 pi\u00e8ces\/sac, 20 sacs\/carton<\/p>\n<p>&nbsp;<\/p>\n<p>&nbsp;<\/p>\n<p>&nbsp;<\/p>\n","protected":false},"featured_media":3502,"template":"","meta":{"site-sidebar-layout":"default","site-content-layout":"default","ast-site-content-layout":"default","site-content-style":"default","site-sidebar-style":"default","ast-global-header-display":"","ast-banner-title-visibility":"","ast-main-header-display":"","ast-hfb-above-header-display":"","ast-hfb-below-header-display":"","ast-hfb-mobile-header-display":"","site-post-title":"","ast-breadcrumbs-content":"","ast-featured-img":"","footer-sml-layout":"","ast-disable-related-posts":"","theme-transparent-header-meta":"default","adv-header-id-meta":"","stick-header-meta":"","header-above-stick-meta":"","header-main-stick-meta":"","header-below-stick-meta":"","astra-migrate-meta-layouts":"default","ast-page-background-enabled":"default","ast-page-background-meta":{"desktop":{"background-color":"","background-image":"","background-repeat":"repeat","background-position":"center center","background-size":"auto","background-attachment":"scroll","background-type":"","background-media":"","overlay-type":"","overlay-color":"","overlay-opacity":"","overlay-gradient":""},"tablet":{"background-color":"","background-image":"","background-repeat":"repeat","background-position":"center center","background-size":"auto","background-attachment":"scroll","background-type":"","background-media":"","overlay-type":"","overlay-color":"","overlay-opacity":"","overlay-gradient":""},"mobile":{"background-color":"","background-image":"","background-repeat":"repeat","background-position":"center center","background-size":"auto","background-attachment":"scroll","background-type":"","background-media":"","overlay-type":"","overlay-color":"","overlay-opacity":"","overlay-gradient":""}},"ast-content-background-meta":{"desktop":{"background-color":"var(--ast-global-color-5)","background-image":"","background-repeat":"repeat","background-position":"center center","background-size":"auto","background-attachment":"scroll","background-type":"","background-media":"","overlay-type":"","overlay-color":"","overlay-opacity":"","overlay-gradient":""},"tablet":{"background-color":"var(--ast-global-color-5)","background-image":"","background-repeat":"repeat","background-position":"center center","background-size":"auto","background-attachment":"scroll","background-type":"","background-media":"","overlay-type":"","overlay-color":"","overlay-opacity":"","overlay-gradient":""},"mobile":{"background-color":"var(--ast-global-color-5)","background-image":"","background-repeat":"repeat","background-position":"center center","background-size":"auto","background-attachment":"scroll","background-type":"","background-media":"","overlay-type":"","overlay-color":"","overlay-opacity":"","overlay-gradient":""}}},"product_brand":[],"product_cat":[84],"product_tag":[],"class_list":{"0":"post-3766","1":"product","2":"type-product","3":"status-publish","4":"has-post-thumbnail","6":"product_cat-couvertures-de-manchons-jetables","7":"desktop-align-center","8":"tablet-align-left","9":"mobile-align-left","11":"first","12":"instock","13":"shipping-taxable","14":"product-type-simple"},"_links":{"self":[{"href":"https:\/\/medposnonwoven.com\/fr\/wp-json\/wp\/v2\/product\/3766","targetHints":{"allow":["GET"]}}],"collection":[{"href":"https:\/\/medposnonwoven.com\/fr\/wp-json\/wp\/v2\/product"}],"about":[{"href":"https:\/\/medposnonwoven.com\/fr\/wp-json\/wp\/v2\/types\/product"}],"wp:featuredmedia":[{"embeddable":true,"href":"https:\/\/medposnonwoven.com\/fr\/wp-json\/wp\/v2\/media\/3502"}],"wp:attachment":[{"href":"https:\/\/medposnonwoven.com\/fr\/wp-json\/wp\/v2\/media?parent=3766"}],"wp:term":[{"taxonomy":"product_brand","embeddable":true,"href":"https:\/\/medposnonwoven.com\/fr\/wp-json\/wp\/v2\/product_brand?post=3766"},{"taxonomy":"product_cat","embeddable":true,"href":"https:\/\/medposnonwoven.com\/fr\/wp-json\/wp\/v2\/product_cat?post=3766"},{"taxonomy":"product_tag","embeddable":true,"href":"https:\/\/medposnonwoven.com\/fr\/wp-json\/wp\/v2\/product_tag?post=3766"}],"curies":[{"name":"wp","href":"https:\/\/api.w.org\/{rel}","templated":true}]}}