{"id":3767,"date":"2023-01-16T12:41:47","date_gmt":"2023-01-16T12:41:47","guid":{"rendered":"https:\/\/medposnonwoven.com\/product\/taies-doreiller-jetables\/"},"modified":"2023-04-16T08:20:56","modified_gmt":"2023-04-16T08:20:56","slug":"taies-doreiller-jetables","status":"publish","type":"product","link":"https:\/\/medposnonwoven.com\/fr\/produit\/taies-doreiller-jetables\/","title":{"rendered":"Taies d&rsquo;oreiller jetables"},"content":{"rendered":"<ul>\n<li>Les draps et couvertures jetables sont principalement utilis\u00e9s pour couvrir temporairement des surfaces afin d&rsquo;\u00e9viter toute contamination au cas o\u00f9 une mati\u00e8re potentiellement contamin\u00e9e ou dangereuse entrerait en contact avec la surface. Ce ph\u00e9nom\u00e8ne est emp\u00each\u00e9 par le drap, qui agit comme une barri\u00e8re physique.<br \/>\nIl sert de barri\u00e8re physique emp\u00eachant le transfert de mat\u00e9riel contamin\u00e9 ou infectieux sur la surface. La personne ou l&rsquo;objet suivant qui entre en contact avec la surface court \u00e9galement un risque si la feuille n&rsquo;\u00e9tait pas l\u00e0 et que la surface est entr\u00e9e en contact avec un contaminant. Par cons\u00e9quent, les draps de lit jetables r\u00e9duisent \u00e9galement la propagation des maladies entre les personnes.<\/li>\n<li>Les draps et couvertures jetables peuvent r\u00e9sister aux produits chimiques et aux liquides. Ils sont con\u00e7us pour n&rsquo;\u00eatre utilis\u00e9s qu&rsquo;une seule fois afin d&rsquo;\u00e9viter la propagation de mati\u00e8res dangereuses. Pour faciliter les choses, il suffit de les \u00e9liminer. Les feuilles ne sont pas seulement utiles dans le secteur m\u00e9dical. Les h\u00f4tels et les instituts de beaut\u00e9 les utilisent pour r\u00e9duire les frais de blanchisserie et prot\u00e9ger les surfaces.<\/li>\n<\/ul>\n","protected":false},"excerpt":{"rendered":"<ul>\n<li>La housse d&rsquo;oreiller jetable est fabriqu\u00e9e en mat\u00e9riau non tiss\u00e9 jetable, elle est pratique \u00e0 utiliser, elle est douce et respirante, elle vous procure une merveilleuse relaxation.<\/li>\n<li>Largement utilis\u00e9 dans les h\u00f4pitaux, les h\u00f4tels, les salons de beaut\u00e9, les tables de massage, les lits d&rsquo;examen et de soins du visage, les tables d&rsquo;examen hospitali\u00e8res, les tables de chiropraxie et de kin\u00e9sith\u00e9rapie.<\/li>\n<\/ul>\n<h4>Caract\u00e9ristiques<\/h4>\n<p>Mat\u00e9riau : Polypropyl\u00e8ne Spunbond<\/p>\n<p>Taille : 45x60cm, 50x70cm ou sur mesure<\/p>\n<p>Couleur : bleu, blanc, rose<\/p>\n<p>Type : Fournitures jetables<\/p>\n<p>Emballage : 50 pi\u00e8ces\/sac, 10 sacs\/carton<\/p>\n<p>&nbsp;<\/p>\n","protected":false},"featured_media":3529,"template":"","meta":{"site-sidebar-layout":"default","site-content-layout":"default","ast-site-content-layout":"default","site-content-style":"default","site-sidebar-style":"default","ast-global-header-display":"","ast-banner-title-visibility":"","ast-main-header-display":"","ast-hfb-above-header-display":"","ast-hfb-below-header-display":"","ast-hfb-mobile-header-display":"","site-post-title":"","ast-breadcrumbs-content":"","ast-featured-img":"","footer-sml-layout":"","ast-disable-related-posts":"","theme-transparent-header-meta":"default","adv-header-id-meta":"","stick-header-meta":"","header-above-stick-meta":"","header-main-stick-meta":"","header-below-stick-meta":"","astra-migrate-meta-layouts":"default","ast-page-background-enabled":"default","ast-page-background-meta":{"desktop":{"background-color":"","background-image":"","background-repeat":"repeat","background-position":"center center","background-size":"auto","background-attachment":"scroll","background-type":"","background-media":"","overlay-type":"","overlay-color":"","overlay-opacity":"","overlay-gradient":""},"tablet":{"background-color":"","background-image":"","background-repeat":"repeat","background-position":"center center","background-size":"auto","background-attachment":"scroll","background-type":"","background-media":"","overlay-type":"","overlay-color":"","overlay-opacity":"","overlay-gradient":""},"mobile":{"background-color":"","background-image":"","background-repeat":"repeat","background-position":"center center","background-size":"auto","background-attachment":"scroll","background-type":"","background-media":"","overlay-type":"","overlay-color":"","overlay-opacity":"","overlay-gradient":""}},"ast-content-background-meta":{"desktop":{"background-color":"var(--ast-global-color-5)","background-image":"","background-repeat":"repeat","background-position":"center center","background-size":"auto","background-attachment":"scroll","background-type":"","background-media":"","overlay-type":"","overlay-color":"","overlay-opacity":"","overlay-gradient":""},"tablet":{"background-color":"var(--ast-global-color-5)","background-image":"","background-repeat":"repeat","background-position":"center center","background-size":"auto","background-attachment":"scroll","background-type":"","background-media":"","overlay-type":"","overlay-color":"","overlay-opacity":"","overlay-gradient":""},"mobile":{"background-color":"var(--ast-global-color-5)","background-image":"","background-repeat":"repeat","background-position":"center center","background-size":"auto","background-attachment":"scroll","background-type":"","background-media":"","overlay-type":"","overlay-color":"","overlay-opacity":"","overlay-gradient":""}}},"product_brand":[],"product_cat":[83],"product_tag":[],"class_list":{"0":"post-3767","1":"product","2":"type-product","3":"status-publish","4":"has-post-thumbnail","6":"product_cat-rouleaux-et-housses-de-lit-jetables","7":"desktop-align-center","8":"tablet-align-left","9":"mobile-align-left","11":"first","12":"instock","13":"shipping-taxable","14":"product-type-simple"},"_links":{"self":[{"href":"https:\/\/medposnonwoven.com\/fr\/wp-json\/wp\/v2\/product\/3767","targetHints":{"allow":["GET"]}}],"collection":[{"href":"https:\/\/medposnonwoven.com\/fr\/wp-json\/wp\/v2\/product"}],"about":[{"href":"https:\/\/medposnonwoven.com\/fr\/wp-json\/wp\/v2\/types\/product"}],"wp:featuredmedia":[{"embeddable":true,"href":"https:\/\/medposnonwoven.com\/fr\/wp-json\/wp\/v2\/media\/3529"}],"wp:attachment":[{"href":"https:\/\/medposnonwoven.com\/fr\/wp-json\/wp\/v2\/media?parent=3767"}],"wp:term":[{"taxonomy":"product_brand","embeddable":true,"href":"https:\/\/medposnonwoven.com\/fr\/wp-json\/wp\/v2\/product_brand?post=3767"},{"taxonomy":"product_cat","embeddable":true,"href":"https:\/\/medposnonwoven.com\/fr\/wp-json\/wp\/v2\/product_cat?post=3767"},{"taxonomy":"product_tag","embeddable":true,"href":"https:\/\/medposnonwoven.com\/fr\/wp-json\/wp\/v2\/product_tag?post=3767"}],"curies":[{"name":"wp","href":"https:\/\/api.w.org\/{rel}","templated":true}]}}