{"id":3768,"date":"2023-01-14T15:34:55","date_gmt":"2023-01-14T15:34:55","guid":{"rendered":"https:\/\/medposnonwoven.com\/product\/serviettes-pour-incontinence-avec-bande-adhesive\/"},"modified":"2023-04-16T08:26:16","modified_gmt":"2023-04-16T08:26:16","slug":"serviettes-pour-incontinence-avec-bande-adhesive","status":"publish","type":"product","link":"https:\/\/medposnonwoven.com\/fr\/produit\/serviettes-pour-incontinence-avec-bande-adhesive\/","title":{"rendered":"Serviettes pour incontinence avec bande adh\u00e9sive"},"content":{"rendered":"<ul>\n<li>Ces probl\u00e8mes vous pr\u00e9occupent-ils ?<br \/>\n1. Lorsque vous \u00eates fatigu\u00e9 apr\u00e8s une longue journ\u00e9e de travail, vous trouvez l&rsquo;urine de votre chien partout dans la maison.<br \/>\n2. Lorsque vous \u00eates enthousiaste \u00e0 l&rsquo;id\u00e9e d&#8217;emmener votre chien en week-end, celui-ci ne peut s&#8217;emp\u00eacher de faire pipi dans la voiture pendant le trajet.<br \/>\n3. Lorsqu&rsquo;une chienne donne naissance \u00e0 des chiots, votre maison devient sale et malodorante.<br \/>\nEssayez nos coussins pour animaux de compagnie qui peuvent vous aider \u00e0 r\u00e9soudre ces probl\u00e8mes. Nos compresses jetables sont tr\u00e8s absorbantes, le tissu non tiss\u00e9 sec est doux et respirant, confortable et respectueux de la peau. Film PE solide et imperm\u00e9able, solide et durable pour emp\u00eacher les fuites sur les bords et le fond, ce qui permet de garder le sol propre. L&rsquo;ajout d&rsquo;un facteur de d\u00e9sodorisation permet de conserver la fra\u00eecheur et de pr\u00e9server le temps pass\u00e9 \u00e0 la maison. Les al\u00e8ses peuvent \u00eatre fix\u00e9es au sol \u00e0 l&rsquo;aide d&rsquo;un adh\u00e9sif pour r\u00e9soudre les probl\u00e8mes de d\u00e9placement caus\u00e9s par les pas et les marches des animaux de compagnie.<\/li>\n<\/ul>\n<p>&nbsp;<\/p>\n","protected":false},"excerpt":{"rendered":"<ul>\n<li>Pour \u00e9viter que les serviettes hygi\u00e9niques ne se d\u00e9placent de mani\u00e8re al\u00e9atoire, nous utilisons deux larges bandes adh\u00e9sives au dos du produit. Il faut \u00e9viter d&rsquo;appliquer des adh\u00e9sifs sur les sols en bois.<\/li>\n<li>Largement utilis\u00e9 dans les h\u00f4pitaux, les maisons de retraite, les soins aux b\u00e9b\u00e9s, les m\u00e9nages, le dressage des chiens et la protection des meubles.<\/li>\n<\/ul>\n<h4>Caract\u00e9ristiques<\/h4>\n<p>Mat\u00e9riau : non tiss\u00e9+papier+fluff+SAP+film PE<\/p>\n<p>Taille : 60x60cm, 60x90cm ou sur mesure<\/p>\n<p>Couleur : bleu, blanc, vert<\/p>\n<p>Type : Avec ou sans motif gaufr\u00e9<\/p>\n<p>Emballage : 20 pi\u00e8ces\/sac, 15 sacs\/carton<\/p>\n<p>&nbsp;<\/p>\n<p>&nbsp;<\/p>\n","protected":false},"featured_media":3514,"template":"","meta":{"site-sidebar-layout":"default","site-content-layout":"default","ast-site-content-layout":"default","site-content-style":"default","site-sidebar-style":"default","ast-global-header-display":"","ast-banner-title-visibility":"","ast-main-header-display":"","ast-hfb-above-header-display":"","ast-hfb-below-header-display":"","ast-hfb-mobile-header-display":"","site-post-title":"","ast-breadcrumbs-content":"","ast-featured-img":"","footer-sml-layout":"","ast-disable-related-posts":"","theme-transparent-header-meta":"default","adv-header-id-meta":"","stick-header-meta":"","header-above-stick-meta":"","header-main-stick-meta":"","header-below-stick-meta":"","astra-migrate-meta-layouts":"default","ast-page-background-enabled":"default","ast-page-background-meta":{"desktop":{"background-color":"","background-image":"","background-repeat":"repeat","background-position":"center center","background-size":"auto","background-attachment":"scroll","background-type":"","background-media":"","overlay-type":"","overlay-color":"","overlay-opacity":"","overlay-gradient":""},"tablet":{"background-color":"","background-image":"","background-repeat":"repeat","background-position":"center center","background-size":"auto","background-attachment":"scroll","background-type":"","background-media":"","overlay-type":"","overlay-color":"","overlay-opacity":"","overlay-gradient":""},"mobile":{"background-color":"","background-image":"","background-repeat":"repeat","background-position":"center center","background-size":"auto","background-attachment":"scroll","background-type":"","background-media":"","overlay-type":"","overlay-color":"","overlay-opacity":"","overlay-gradient":""}},"ast-content-background-meta":{"desktop":{"background-color":"var(--ast-global-color-5)","background-image":"","background-repeat":"repeat","background-position":"center center","background-size":"auto","background-attachment":"scroll","background-type":"","background-media":"","overlay-type":"","overlay-color":"","overlay-opacity":"","overlay-gradient":""},"tablet":{"background-color":"var(--ast-global-color-5)","background-image":"","background-repeat":"repeat","background-position":"center center","background-size":"auto","background-attachment":"scroll","background-type":"","background-media":"","overlay-type":"","overlay-color":"","overlay-opacity":"","overlay-gradient":""},"mobile":{"background-color":"var(--ast-global-color-5)","background-image":"","background-repeat":"repeat","background-position":"center center","background-size":"auto","background-attachment":"scroll","background-type":"","background-media":"","overlay-type":"","overlay-color":"","overlay-opacity":"","overlay-gradient":""}}},"product_brand":[],"product_cat":[82],"product_tag":[],"class_list":{"0":"post-3768","1":"product","2":"type-product","3":"status-publish","4":"has-post-thumbnail","6":"product_cat-serviettes-hygieniques-jetables","7":"desktop-align-center","8":"tablet-align-left","9":"mobile-align-left","11":"first","12":"instock","13":"shipping-taxable","14":"product-type-simple"},"_links":{"self":[{"href":"https:\/\/medposnonwoven.com\/fr\/wp-json\/wp\/v2\/product\/3768","targetHints":{"allow":["GET"]}}],"collection":[{"href":"https:\/\/medposnonwoven.com\/fr\/wp-json\/wp\/v2\/product"}],"about":[{"href":"https:\/\/medposnonwoven.com\/fr\/wp-json\/wp\/v2\/types\/product"}],"wp:featuredmedia":[{"embeddable":true,"href":"https:\/\/medposnonwoven.com\/fr\/wp-json\/wp\/v2\/media\/3514"}],"wp:attachment":[{"href":"https:\/\/medposnonwoven.com\/fr\/wp-json\/wp\/v2\/media?parent=3768"}],"wp:term":[{"taxonomy":"product_brand","embeddable":true,"href":"https:\/\/medposnonwoven.com\/fr\/wp-json\/wp\/v2\/product_brand?post=3768"},{"taxonomy":"product_cat","embeddable":true,"href":"https:\/\/medposnonwoven.com\/fr\/wp-json\/wp\/v2\/product_cat?post=3768"},{"taxonomy":"product_tag","embeddable":true,"href":"https:\/\/medposnonwoven.com\/fr\/wp-json\/wp\/v2\/product_tag?post=3768"}],"curies":[{"name":"wp","href":"https:\/\/api.w.org\/{rel}","templated":true}]}}