{"id":3769,"date":"2023-01-12T14:47:20","date_gmt":"2023-01-12T14:47:20","guid":{"rendered":"https:\/\/medposnonwoven.com\/product\/gant-cpe-jetable\/"},"modified":"2023-04-16T08:45:58","modified_gmt":"2023-04-16T08:45:58","slug":"gant-cpe-jetable","status":"publish","type":"product","link":"https:\/\/medposnonwoven.com\/fr\/produit\/gant-cpe-jetable\/","title":{"rendered":"Gant CPE jetable"},"content":{"rendered":"<ul>\n<li>Les gants en plastique jetables sont fabriqu\u00e9s en poly\u00e9thyl\u00e8ne haute densit\u00e9 (PEHD) et en poly\u00e9thyl\u00e8ne basse densit\u00e9 (PEBD). Ils sont tr\u00e8s transparents, s&rsquo;ouvrent bien et sont dot\u00e9s d&rsquo;un gaufrage antid\u00e9rapant. Produit \u00e0 partir d&rsquo;un nouveau mat\u00e9riau non toxique et insipide. Pratique, hygi\u00e9nique, s\u00fbr, sain, respectueux de l&rsquo;environnement, tr\u00e8s \u00e9conomique, adapt\u00e9 aux industries \u00e0 forte fr\u00e9quence de remplacement. Contr\u00f4le efficace des co\u00fbts, mat\u00e9riau ultra-saint, bonne r\u00e9sistance, plus souple \u00e0 l&rsquo;usure, particuli\u00e8rement adapt\u00e9 \u00e0 l&rsquo;industrie alimentaire, aux cuisines d&rsquo;h\u00f4tels et \u00e0 d&rsquo;autres secteurs de transformation. La surface est gaufr\u00e9e et piqu\u00e9e. Conception antid\u00e9rapante, prise plus ferme, adapt\u00e9e \u00e0 la main, plus confortable \u00e0 porter, plus flexible, st\u00e9rile et insipide, \u00e9vitant la pollution et les infections crois\u00e9es caus\u00e9es par l&rsquo;utilisation.<\/li>\n<\/ul>\n<p>&nbsp;<\/p>\n","protected":false},"excerpt":{"rendered":"<ul>\n<li>Les gants CPE sont fabriqu\u00e9s en poly\u00e9thyl\u00e8ne moul\u00e9, suffisamment solides pour pr\u00e9parer les aliments et effectuer des travaux simples en contact avec les aliments. Plus durable et plus r\u00e9sistant que le gant en PE.<\/li>\n<li>Largement utilis\u00e9 dans la manipulation des aliments, la cuisine, les maisons, les h\u00f4tels, les traitements m\u00e9dicaux, la coiffure, le nettoyage des laboratoires et d&rsquo;autres lieux applicables.<\/li>\n<\/ul>\n<h4>Caract\u00e9ristiques<\/h4>\n<p>Mat\u00e9riau : Poly\u00e9thyl\u00e8ne coul\u00e9 (CPE)<\/p>\n<p>Taille : S, M, L, XL<\/p>\n<p>Couleur : transparent<\/p>\n<p>Type : Surface gaufr\u00e9e. Ambidextre<\/p>\n<p>Emballage : Sac, bo\u00eete ou sur mesure<\/p>\n<p>&nbsp;<\/p>\n<p>&nbsp;<\/p>\n","protected":false},"featured_media":3486,"template":"","meta":{"site-sidebar-layout":"default","site-content-layout":"default","ast-site-content-layout":"default","site-content-style":"default","site-sidebar-style":"default","ast-global-header-display":"","ast-banner-title-visibility":"","ast-main-header-display":"","ast-hfb-above-header-display":"","ast-hfb-below-header-display":"","ast-hfb-mobile-header-display":"","site-post-title":"","ast-breadcrumbs-content":"","ast-featured-img":"","footer-sml-layout":"","ast-disable-related-posts":"","theme-transparent-header-meta":"default","adv-header-id-meta":"","stick-header-meta":"","header-above-stick-meta":"","header-main-stick-meta":"","header-below-stick-meta":"","astra-migrate-meta-layouts":"default","ast-page-background-enabled":"default","ast-page-background-meta":{"desktop":{"background-color":"","background-image":"","background-repeat":"repeat","background-position":"center center","background-size":"auto","background-attachment":"scroll","background-type":"","background-media":"","overlay-type":"","overlay-color":"","overlay-opacity":"","overlay-gradient":""},"tablet":{"background-color":"","background-image":"","background-repeat":"repeat","background-position":"center center","background-size":"auto","background-attachment":"scroll","background-type":"","background-media":"","overlay-type":"","overlay-color":"","overlay-opacity":"","overlay-gradient":""},"mobile":{"background-color":"","background-image":"","background-repeat":"repeat","background-position":"center center","background-size":"auto","background-attachment":"scroll","background-type":"","background-media":"","overlay-type":"","overlay-color":"","overlay-opacity":"","overlay-gradient":""}},"ast-content-background-meta":{"desktop":{"background-color":"var(--ast-global-color-5)","background-image":"","background-repeat":"repeat","background-position":"center center","background-size":"auto","background-attachment":"scroll","background-type":"","background-media":"","overlay-type":"","overlay-color":"","overlay-opacity":"","overlay-gradient":""},"tablet":{"background-color":"var(--ast-global-color-5)","background-image":"","background-repeat":"repeat","background-position":"center center","background-size":"auto","background-attachment":"scroll","background-type":"","background-media":"","overlay-type":"","overlay-color":"","overlay-opacity":"","overlay-gradient":""},"mobile":{"background-color":"var(--ast-global-color-5)","background-image":"","background-repeat":"repeat","background-position":"center center","background-size":"auto","background-attachment":"scroll","background-type":"","background-media":"","overlay-type":"","overlay-color":"","overlay-opacity":"","overlay-gradient":""}}},"product_brand":[],"product_cat":[85],"product_tag":[],"class_list":{"0":"post-3769","1":"product","2":"type-product","3":"status-publish","4":"has-post-thumbnail","6":"product_cat-gants-jetables","7":"desktop-align-center","8":"tablet-align-left","9":"mobile-align-left","11":"first","12":"instock","13":"shipping-taxable","14":"product-type-simple"},"_links":{"self":[{"href":"https:\/\/medposnonwoven.com\/fr\/wp-json\/wp\/v2\/product\/3769","targetHints":{"allow":["GET"]}}],"collection":[{"href":"https:\/\/medposnonwoven.com\/fr\/wp-json\/wp\/v2\/product"}],"about":[{"href":"https:\/\/medposnonwoven.com\/fr\/wp-json\/wp\/v2\/types\/product"}],"wp:featuredmedia":[{"embeddable":true,"href":"https:\/\/medposnonwoven.com\/fr\/wp-json\/wp\/v2\/media\/3486"}],"wp:attachment":[{"href":"https:\/\/medposnonwoven.com\/fr\/wp-json\/wp\/v2\/media?parent=3769"}],"wp:term":[{"taxonomy":"product_brand","embeddable":true,"href":"https:\/\/medposnonwoven.com\/fr\/wp-json\/wp\/v2\/product_brand?post=3769"},{"taxonomy":"product_cat","embeddable":true,"href":"https:\/\/medposnonwoven.com\/fr\/wp-json\/wp\/v2\/product_cat?post=3769"},{"taxonomy":"product_tag","embeddable":true,"href":"https:\/\/medposnonwoven.com\/fr\/wp-json\/wp\/v2\/product_tag?post=3769"}],"curies":[{"name":"wp","href":"https:\/\/api.w.org\/{rel}","templated":true}]}}