{"id":3770,"date":"2023-01-13T16:09:42","date_gmt":"2023-01-13T16:09:42","guid":{"rendered":"https:\/\/medposnonwoven.com\/product\/manchettes-de-bras-jetables-en-pe-blanc\/"},"modified":"2023-04-16T08:34:07","modified_gmt":"2023-04-16T08:34:07","slug":"manchettes-de-bras-jetables-en-pe-blanc","status":"publish","type":"product","link":"https:\/\/medposnonwoven.com\/fr\/produit\/manchettes-de-bras-jetables-en-pe-blanc\/","title":{"rendered":"Manchettes de bras jetables en PE blanc"},"content":{"rendered":"<ul>\n<li>Les prot\u00e8ge-manches jetables sont des housses plac\u00e9es sur les manches des v\u00eatements pour les prot\u00e9ger des infections. Ils sont fr\u00e9quemment utilis\u00e9s dans les \u00e9tablissements de soins de sant\u00e9 tels que les h\u00f4pitaux et les cliniques pour prot\u00e9ger les patients et le personnel contre la propagation des maladies et des germes. Ils recouvrent souvent les manches d&rsquo;une blouse de laboratoire ou d&rsquo;un gant de travail et sont fabriqu\u00e9s dans un mat\u00e9riau l\u00e9ger et jetable, comme le non-tiss\u00e9 ou le plastique.<\/li>\n<li>Pour \u00e9viter toute contamination, les manches jetables sont un type d&rsquo;\u00e9quipement de protection individuelle (EPI) plac\u00e9 sur les manches des v\u00eatements. Souvent fabriqu\u00e9s dans un mat\u00e9riau fin et jetable comme le poly\u00e9thyl\u00e8ne ou le polypropyl\u00e8ne, ils sont destin\u00e9s \u00e0 \u00eatre port\u00e9s par-dessus les blouses de laboratoire ou les chemises \u00e0 manches longues. En haut et en bas de la couverture, ils sont normalement maintenus en place par un \u00e9lastique ou une bande adh\u00e9sive. Pour \u00e9viter la propagation de maladies ou de germes, les couvertures sont con\u00e7ues pour n&rsquo;\u00eatre utilis\u00e9es qu&rsquo;une seule fois avant d&rsquo;\u00eatre jet\u00e9es. Ils sont fr\u00e9quemment utilis\u00e9s dans les environnements m\u00e9dicaux, notamment les h\u00f4pitaux et les cliniques, ainsi que dans les domaines o\u00f9 le personnel est en contact avec des substances potentiellement dangereuses.<\/li>\n<\/ul>\n<p>&nbsp;<\/p>\n<p>&nbsp;<\/p>\n","protected":false},"excerpt":{"rendered":"<ul>\n<li>Le manchon jetable est fabriqu\u00e9 en plastique de haute qualit\u00e9, r\u00e9sistant, doux, l\u00e9ger et confortable, flexible, ce qui lui conf\u00e8re un bon effet protecteur pendant une longue p\u00e9riode.<\/li>\n<li>Largement utilis\u00e9 dans la manipulation des aliments et les t\u00e2ches humides, les salles de nettoyage, les zones de production \u00e9lectronique, l&rsquo;industrie de l&#8217;emballage, par les nettoyeurs, les d\u00e9corateurs et les artisans.<\/li>\n<\/ul>\n<h4>Caract\u00e9ristiques<\/h4>\n<p>Mat\u00e9riau : Poly\u00e9thyl\u00e8ne (LDPE)<\/p>\n<p>Taille : 16\u2033(40 x 20cm) , 18\u2033 (45 x 22cm)<\/p>\n<p>Couleur : bleu, blanc<\/p>\n<p>Type : Surface gaufr\u00e9e ou lisse, extr\u00e9mit\u00e9s \u00e9lastiques<\/p>\n<p>Emballage : 100 pi\u00e8ces\/sac, 20 sacs\/carton<\/p>\n<p>&nbsp;<\/p>\n<p>&nbsp;<\/p>\n<p>&nbsp;<\/p>\n","protected":false},"featured_media":3500,"template":"","meta":{"site-sidebar-layout":"default","site-content-layout":"default","ast-site-content-layout":"default","site-content-style":"default","site-sidebar-style":"default","ast-global-header-display":"","ast-banner-title-visibility":"","ast-main-header-display":"","ast-hfb-above-header-display":"","ast-hfb-below-header-display":"","ast-hfb-mobile-header-display":"","site-post-title":"","ast-breadcrumbs-content":"","ast-featured-img":"","footer-sml-layout":"","ast-disable-related-posts":"","theme-transparent-header-meta":"default","adv-header-id-meta":"","stick-header-meta":"","header-above-stick-meta":"","header-main-stick-meta":"","header-below-stick-meta":"","astra-migrate-meta-layouts":"default","ast-page-background-enabled":"default","ast-page-background-meta":{"desktop":{"background-color":"","background-image":"","background-repeat":"repeat","background-position":"center center","background-size":"auto","background-attachment":"scroll","background-type":"","background-media":"","overlay-type":"","overlay-color":"","overlay-opacity":"","overlay-gradient":""},"tablet":{"background-color":"","background-image":"","background-repeat":"repeat","background-position":"center center","background-size":"auto","background-attachment":"scroll","background-type":"","background-media":"","overlay-type":"","overlay-color":"","overlay-opacity":"","overlay-gradient":""},"mobile":{"background-color":"","background-image":"","background-repeat":"repeat","background-position":"center center","background-size":"auto","background-attachment":"scroll","background-type":"","background-media":"","overlay-type":"","overlay-color":"","overlay-opacity":"","overlay-gradient":""}},"ast-content-background-meta":{"desktop":{"background-color":"var(--ast-global-color-5)","background-image":"","background-repeat":"repeat","background-position":"center center","background-size":"auto","background-attachment":"scroll","background-type":"","background-media":"","overlay-type":"","overlay-color":"","overlay-opacity":"","overlay-gradient":""},"tablet":{"background-color":"var(--ast-global-color-5)","background-image":"","background-repeat":"repeat","background-position":"center center","background-size":"auto","background-attachment":"scroll","background-type":"","background-media":"","overlay-type":"","overlay-color":"","overlay-opacity":"","overlay-gradient":""},"mobile":{"background-color":"var(--ast-global-color-5)","background-image":"","background-repeat":"repeat","background-position":"center center","background-size":"auto","background-attachment":"scroll","background-type":"","background-media":"","overlay-type":"","overlay-color":"","overlay-opacity":"","overlay-gradient":""}}},"product_brand":[],"product_cat":[84],"product_tag":[],"class_list":{"0":"post-3770","1":"product","2":"type-product","3":"status-publish","4":"has-post-thumbnail","6":"product_cat-couvertures-de-manchons-jetables","7":"desktop-align-center","8":"tablet-align-left","9":"mobile-align-left","11":"first","12":"instock","13":"shipping-taxable","14":"product-type-simple"},"_links":{"self":[{"href":"https:\/\/medposnonwoven.com\/fr\/wp-json\/wp\/v2\/product\/3770","targetHints":{"allow":["GET"]}}],"collection":[{"href":"https:\/\/medposnonwoven.com\/fr\/wp-json\/wp\/v2\/product"}],"about":[{"href":"https:\/\/medposnonwoven.com\/fr\/wp-json\/wp\/v2\/types\/product"}],"wp:featuredmedia":[{"embeddable":true,"href":"https:\/\/medposnonwoven.com\/fr\/wp-json\/wp\/v2\/media\/3500"}],"wp:attachment":[{"href":"https:\/\/medposnonwoven.com\/fr\/wp-json\/wp\/v2\/media?parent=3770"}],"wp:term":[{"taxonomy":"product_brand","embeddable":true,"href":"https:\/\/medposnonwoven.com\/fr\/wp-json\/wp\/v2\/product_brand?post=3770"},{"taxonomy":"product_cat","embeddable":true,"href":"https:\/\/medposnonwoven.com\/fr\/wp-json\/wp\/v2\/product_cat?post=3770"},{"taxonomy":"product_tag","embeddable":true,"href":"https:\/\/medposnonwoven.com\/fr\/wp-json\/wp\/v2\/product_tag?post=3770"}],"curies":[{"name":"wp","href":"https:\/\/api.w.org\/{rel}","templated":true}]}}