{"id":3771,"date":"2023-01-15T17:12:38","date_gmt":"2023-01-15T17:12:38","guid":{"rendered":"https:\/\/medposnonwoven.com\/product\/draps-de-lit-jetables\/"},"modified":"2023-04-16T08:21:46","modified_gmt":"2023-04-16T08:21:46","slug":"draps-de-lit-jetables","status":"publish","type":"product","link":"https:\/\/medposnonwoven.com\/fr\/produit\/draps-de-lit-jetables\/","title":{"rendered":"Draps de lit jetables"},"content":{"rendered":"<ul>\n<li>Nous choisissons strictement des tissus non tiss\u00e9s, utilisant 100 % de mat\u00e9riaux vierges pour produire des draps de lit jetables, sans odeur et sans probl\u00e8mes cach\u00e9s, ils entrent directement en contact avec la peau, \u00e9liminant compl\u00e8tement les d\u00e9mangeaisons, les \u00e9ruptions cutan\u00e9es et autres risques sanitaires associ\u00e9s \u00e0 la reproduction de mat\u00e9riaux gaspill\u00e9s. Les tissus sont respirants, tr\u00e8s confortables, l\u00e9gers, hygi\u00e9niques et propres. L&rsquo;\u00e9paisseur du tissu est visible et \u00e9pouse bien la peau. La finition est plus d\u00e9taill\u00e9e et plus douce. Le pliage simple est pratique. La couleur et la taille peuvent \u00eatre personnalis\u00e9es en fonction des besoins du client.<\/li>\n<\/ul>\n<p>&nbsp;<\/p>\n<p>&nbsp;<\/p>\n","protected":false},"excerpt":{"rendered":"<ul>\n<li>Lors de l&rsquo;utilisation de nos draps de lit SPA jetables, leur surface imperm\u00e9able bloque efficacement les taches et les rend difficiles \u00e0 glisser.<\/li>\n<li>Largement utilis\u00e9 par les professionnels, tables de massage, lits d&rsquo;examen facial, tables d&rsquo;examen hospitalier, tables de chiropracteur et de kin\u00e9sith\u00e9rapie, chaises d&rsquo;esth\u00e9ticienne, de cil, de cire, de tatouage.<\/li>\n<\/ul>\n<h4>Caract\u00e9ristiques<\/h4>\n<p>Mat\u00e9riau : Polypropyl\u00e8ne Spunbond ou SMS<\/p>\n<p>Taille : 100*200cm ou sur mesure<\/p>\n<p>Couleur : bleu, blanc, rose<\/p>\n<p>Type : Fournitures jetables<\/p>\n<p>Emballage : 10 pi\u00e8ces\/sac, 10 sacs\/carton<\/p>\n<p>&nbsp;<\/p>\n<p>&nbsp;<\/p>\n<p>&nbsp;<\/p>\n","protected":false},"featured_media":3526,"template":"","meta":{"site-sidebar-layout":"default","site-content-layout":"default","ast-site-content-layout":"default","site-content-style":"default","site-sidebar-style":"default","ast-global-header-display":"","ast-banner-title-visibility":"","ast-main-header-display":"","ast-hfb-above-header-display":"","ast-hfb-below-header-display":"","ast-hfb-mobile-header-display":"","site-post-title":"","ast-breadcrumbs-content":"","ast-featured-img":"","footer-sml-layout":"","ast-disable-related-posts":"","theme-transparent-header-meta":"default","adv-header-id-meta":"","stick-header-meta":"","header-above-stick-meta":"","header-main-stick-meta":"","header-below-stick-meta":"","astra-migrate-meta-layouts":"default","ast-page-background-enabled":"default","ast-page-background-meta":{"desktop":{"background-color":"","background-image":"","background-repeat":"repeat","background-position":"center center","background-size":"auto","background-attachment":"scroll","background-type":"","background-media":"","overlay-type":"","overlay-color":"","overlay-opacity":"","overlay-gradient":""},"tablet":{"background-color":"","background-image":"","background-repeat":"repeat","background-position":"center center","background-size":"auto","background-attachment":"scroll","background-type":"","background-media":"","overlay-type":"","overlay-color":"","overlay-opacity":"","overlay-gradient":""},"mobile":{"background-color":"","background-image":"","background-repeat":"repeat","background-position":"center center","background-size":"auto","background-attachment":"scroll","background-type":"","background-media":"","overlay-type":"","overlay-color":"","overlay-opacity":"","overlay-gradient":""}},"ast-content-background-meta":{"desktop":{"background-color":"var(--ast-global-color-5)","background-image":"","background-repeat":"repeat","background-position":"center center","background-size":"auto","background-attachment":"scroll","background-type":"","background-media":"","overlay-type":"","overlay-color":"","overlay-opacity":"","overlay-gradient":""},"tablet":{"background-color":"var(--ast-global-color-5)","background-image":"","background-repeat":"repeat","background-position":"center center","background-size":"auto","background-attachment":"scroll","background-type":"","background-media":"","overlay-type":"","overlay-color":"","overlay-opacity":"","overlay-gradient":""},"mobile":{"background-color":"var(--ast-global-color-5)","background-image":"","background-repeat":"repeat","background-position":"center center","background-size":"auto","background-attachment":"scroll","background-type":"","background-media":"","overlay-type":"","overlay-color":"","overlay-opacity":"","overlay-gradient":""}}},"product_brand":[],"product_cat":[83],"product_tag":[],"class_list":{"0":"post-3771","1":"product","2":"type-product","3":"status-publish","4":"has-post-thumbnail","6":"product_cat-rouleaux-et-housses-de-lit-jetables","7":"desktop-align-center","8":"tablet-align-left","9":"mobile-align-left","11":"first","12":"instock","13":"shipping-taxable","14":"product-type-simple"},"_links":{"self":[{"href":"https:\/\/medposnonwoven.com\/fr\/wp-json\/wp\/v2\/product\/3771","targetHints":{"allow":["GET"]}}],"collection":[{"href":"https:\/\/medposnonwoven.com\/fr\/wp-json\/wp\/v2\/product"}],"about":[{"href":"https:\/\/medposnonwoven.com\/fr\/wp-json\/wp\/v2\/types\/product"}],"wp:featuredmedia":[{"embeddable":true,"href":"https:\/\/medposnonwoven.com\/fr\/wp-json\/wp\/v2\/media\/3526"}],"wp:attachment":[{"href":"https:\/\/medposnonwoven.com\/fr\/wp-json\/wp\/v2\/media?parent=3771"}],"wp:term":[{"taxonomy":"product_brand","embeddable":true,"href":"https:\/\/medposnonwoven.com\/fr\/wp-json\/wp\/v2\/product_brand?post=3771"},{"taxonomy":"product_cat","embeddable":true,"href":"https:\/\/medposnonwoven.com\/fr\/wp-json\/wp\/v2\/product_cat?post=3771"},{"taxonomy":"product_tag","embeddable":true,"href":"https:\/\/medposnonwoven.com\/fr\/wp-json\/wp\/v2\/product_tag?post=3771"}],"curies":[{"name":"wp","href":"https:\/\/api.w.org\/{rel}","templated":true}]}}