{"id":3772,"date":"2023-01-14T15:25:06","date_gmt":"2023-01-14T15:25:06","guid":{"rendered":"https:\/\/medposnonwoven.com\/product\/tapis-dentrainement-pour-animaux-de-compagnie\/"},"modified":"2023-04-16T08:27:29","modified_gmt":"2023-04-16T08:27:29","slug":"tapis-dentrainement-pour-animaux-de-compagnie","status":"publish","type":"product","link":"https:\/\/medposnonwoven.com\/fr\/produit\/tapis-dentrainement-pour-animaux-de-compagnie\/","title":{"rendered":"Tapis d&rsquo;entra\u00eenement pour animaux de compagnie"},"content":{"rendered":"<ul>\n<li>Vos animaux de compagnie vous causeront-ils ces probl\u00e8mes ? D\u00e9collement partout ; go\u00fbt d&rsquo;int\u00e9rieur ; urine sur les griffes des animaux de compagnie. Nos tampons anti-urine peuvent vous aider \u00e0 r\u00e9soudre ces probl\u00e8mes. Tout d&rsquo;abord, nos coussins d&rsquo;entra\u00eenement pour animaux de compagnie peuvent absorber instantan\u00e9ment l&rsquo;eau sans qu&rsquo;il soit n\u00e9cessaire de nettoyer l&rsquo;urine des animaux tous les jours. Deuxi\u00e8mement, l&rsquo;absorption physique est forte et peut \u00e9liminer efficacement l&rsquo;odeur d&rsquo;urine. Troisi\u00e8mement, aidez le propri\u00e9taire \u00e0 apprendre \u00e0 son animal \u00e0 faire pipi \u00e0 l&rsquo;endroit d\u00e9sign\u00e9. Enfin, le coton \u00e9paissi sur les quatre c\u00f4t\u00e9s emp\u00eache l&rsquo;urine de d\u00e9border.<\/li>\n<li>Nos coussins de soins pour animaux de compagnie pr\u00e9sentent les caract\u00e9ristiques suivantes :<br \/>\n1. Le polym\u00e8re SAP et la pulpe de bois absorbent rapidement l&rsquo;eau et la retiennent, ils sont secs et imperm\u00e9ables.<br \/>\n2. Le tissu non tiss\u00e9 est d\u00e9licat, agr\u00e9able pour la peau et doux pour le b\u00e9b\u00e9.<br \/>\n3. L&rsquo;indentation de la surface est serr\u00e9e, la texture est uniforme, ce qui favorise le reflux de l&rsquo;urine des animaux de compagnie et am\u00e9liore le taux d&rsquo;absorption.<\/li>\n<\/ul>\n<p>&nbsp;<\/p>\n","protected":false},"excerpt":{"rendered":"<ul>\n<li>Le fait de disposer d&rsquo;un attracteur int\u00e9gr\u00e9 qui aide \u00e0 guider votre chien vers le coussin peut vous aider \u00e0 r\u00e9ussir \u00e0 le rendre propre. Ces coussinets peuvent aider \u00e0 prot\u00e9ger votre bois dur et votre tapis en absorbant les odeurs et l&rsquo;urine des animaux de compagnie.<\/li>\n<li>Largement utilis\u00e9 dans les h\u00f4pitaux, les maisons de retraite, les soins aux b\u00e9b\u00e9s, les m\u00e9nages, le dressage des chiens et la protection des meubles.<\/li>\n<\/ul>\n<h4>Caract\u00e9ristiques<\/h4>\n<p>Mat\u00e9riau : non tiss\u00e9+papier+fluff+SAP+film PE<\/p>\n<p>Taille : 60x60cm, 60x90cm ou sur mesure<\/p>\n<p>Couleur : bleu, blanc, rose<\/p>\n<p>Type : Avec ou sans motif gaufr\u00e9<\/p>\n<p>Emballage : 20 pi\u00e8ces\/sac, 15 sacs\/carton<\/p>\n<p>&nbsp;<\/p>\n<p>&nbsp;<\/p>\n","protected":false},"featured_media":3512,"template":"","meta":{"site-sidebar-layout":"default","site-content-layout":"default","ast-site-content-layout":"default","site-content-style":"default","site-sidebar-style":"default","ast-global-header-display":"","ast-banner-title-visibility":"","ast-main-header-display":"","ast-hfb-above-header-display":"","ast-hfb-below-header-display":"","ast-hfb-mobile-header-display":"","site-post-title":"","ast-breadcrumbs-content":"","ast-featured-img":"","footer-sml-layout":"","ast-disable-related-posts":"","theme-transparent-header-meta":"default","adv-header-id-meta":"","stick-header-meta":"","header-above-stick-meta":"","header-main-stick-meta":"","header-below-stick-meta":"","astra-migrate-meta-layouts":"default","ast-page-background-enabled":"default","ast-page-background-meta":{"desktop":{"background-color":"","background-image":"","background-repeat":"repeat","background-position":"center center","background-size":"auto","background-attachment":"scroll","background-type":"","background-media":"","overlay-type":"","overlay-color":"","overlay-opacity":"","overlay-gradient":""},"tablet":{"background-color":"","background-image":"","background-repeat":"repeat","background-position":"center center","background-size":"auto","background-attachment":"scroll","background-type":"","background-media":"","overlay-type":"","overlay-color":"","overlay-opacity":"","overlay-gradient":""},"mobile":{"background-color":"","background-image":"","background-repeat":"repeat","background-position":"center center","background-size":"auto","background-attachment":"scroll","background-type":"","background-media":"","overlay-type":"","overlay-color":"","overlay-opacity":"","overlay-gradient":""}},"ast-content-background-meta":{"desktop":{"background-color":"var(--ast-global-color-5)","background-image":"","background-repeat":"repeat","background-position":"center center","background-size":"auto","background-attachment":"scroll","background-type":"","background-media":"","overlay-type":"","overlay-color":"","overlay-opacity":"","overlay-gradient":""},"tablet":{"background-color":"var(--ast-global-color-5)","background-image":"","background-repeat":"repeat","background-position":"center center","background-size":"auto","background-attachment":"scroll","background-type":"","background-media":"","overlay-type":"","overlay-color":"","overlay-opacity":"","overlay-gradient":""},"mobile":{"background-color":"var(--ast-global-color-5)","background-image":"","background-repeat":"repeat","background-position":"center center","background-size":"auto","background-attachment":"scroll","background-type":"","background-media":"","overlay-type":"","overlay-color":"","overlay-opacity":"","overlay-gradient":""}}},"product_brand":[],"product_cat":[82],"product_tag":[],"class_list":{"0":"post-3772","1":"product","2":"type-product","3":"status-publish","4":"has-post-thumbnail","6":"product_cat-serviettes-hygieniques-jetables","7":"desktop-align-center","8":"tablet-align-left","9":"mobile-align-left","11":"first","12":"instock","13":"shipping-taxable","14":"product-type-simple"},"_links":{"self":[{"href":"https:\/\/medposnonwoven.com\/fr\/wp-json\/wp\/v2\/product\/3772","targetHints":{"allow":["GET"]}}],"collection":[{"href":"https:\/\/medposnonwoven.com\/fr\/wp-json\/wp\/v2\/product"}],"about":[{"href":"https:\/\/medposnonwoven.com\/fr\/wp-json\/wp\/v2\/types\/product"}],"wp:featuredmedia":[{"embeddable":true,"href":"https:\/\/medposnonwoven.com\/fr\/wp-json\/wp\/v2\/media\/3512"}],"wp:attachment":[{"href":"https:\/\/medposnonwoven.com\/fr\/wp-json\/wp\/v2\/media?parent=3772"}],"wp:term":[{"taxonomy":"product_brand","embeddable":true,"href":"https:\/\/medposnonwoven.com\/fr\/wp-json\/wp\/v2\/product_brand?post=3772"},{"taxonomy":"product_cat","embeddable":true,"href":"https:\/\/medposnonwoven.com\/fr\/wp-json\/wp\/v2\/product_cat?post=3772"},{"taxonomy":"product_tag","embeddable":true,"href":"https:\/\/medposnonwoven.com\/fr\/wp-json\/wp\/v2\/product_tag?post=3772"}],"curies":[{"name":"wp","href":"https:\/\/api.w.org\/{rel}","templated":true}]}}