{"id":3773,"date":"2023-01-11T16:29:27","date_gmt":"2023-01-11T16:29:27","guid":{"rendered":"https:\/\/medposnonwoven.com\/product\/gants-en-plastique-jetables\/"},"modified":"2023-04-16T08:48:29","modified_gmt":"2023-04-16T08:48:29","slug":"gants-en-plastique-jetables","status":"publish","type":"product","link":"https:\/\/medposnonwoven.com\/fr\/produit\/gants-en-plastique-jetables\/","title":{"rendered":"Gants en plastique jetables"},"content":{"rendered":"<ul>\n<li>Le mat\u00e9riau de base des gants jetables est le PEBD, qui est extrud\u00e9, moul\u00e9, puis refroidi \u00e0 l&rsquo;aide de rouleaux refroidisseurs. Une forte t\u00e9nacit\u00e9, une excellente \u00e9lasticit\u00e9, une r\u00e9sistance aux fissures, une faible \u00e9paisseur, une r\u00e9sistance au froid, une r\u00e9sistance \u00e0 la chaleur, une \u00e9tanch\u00e9it\u00e9 \u00e0 la poussi\u00e8re et une imperm\u00e9abilit\u00e9 \u00e0 l&rsquo;eau sont quelques-uns de ses avantages. En outre, <span data-type=\"0\" data-index=\"1\" data-gid=\"0\">il est flexible et facile \u00e0 utiliser.<\/span> Il peut \u00eatre largement utilis\u00e9 dans le secteur de l&rsquo;h\u00f4tellerie et de la restauration, la restauration, la pr\u00e9paration des aliments, le nettoyage m\u00e9nager, l&rsquo;inspection des soins infirmiers, les cheveux teints \u00e0 l&rsquo;huile, l&rsquo;hygi\u00e8ne personnelle et d&rsquo;autres domaines pour vous donner des soins intimes.<\/li>\n<li>Le gaufrage de la surface des gants jetables Hdpe et Ldpe est g\u00e9n\u00e9ralement un motif torsad\u00e9, ce qui fait que les gants jetables ne semblent pas glisser. L&rsquo;utilisation d&rsquo;une technologie avanc\u00e9e et d&rsquo;une formule PE rend le gant anti-poussi\u00e8re, anti-salissure, l\u00e9ger et flexible, apr\u00e8s la conception d&rsquo;extraction correspondante, il est facile de le d\u00e9chirer. Conception \u00e9paissie, bonne qualit\u00e9, bon rapport qualit\u00e9-prix.<\/li>\n<\/ul>\n<p>&nbsp;<\/p>\n","protected":false},"excerpt":{"rendered":"<ul>\n<li>Gants jetables en PE, convenant aux hommes et aux femmes, main gauche et main droite. Bonne r\u00e9sistance, grande tension, facile \u00e0 \u00e9tirer, sensation de confort et de douceur.<\/li>\n<li>Largement utilis\u00e9 dans la manipulation des aliments, la cuisine, les maisons, les h\u00f4tels, les traitements m\u00e9dicaux, la coiffure, le nettoyage des laboratoires et d&rsquo;autres lieux applicables.<\/li>\n<\/ul>\n<h4>Caract\u00e9ristiques<\/h4>\n<p>Mat\u00e9riau : Poly\u00e9thyl\u00e8ne HDPE ou LDPE<\/p>\n<p>Taille : S, M, L, XL<\/p>\n<p>Couleur : transparent<\/p>\n<p>Type : Surface gaufr\u00e9e ou lisse. Ambidextre<\/p>\n<p>Emballage : Sac, bo\u00eete ou sur mesure<\/p>\n<p>&nbsp;<\/p>\n<p>&nbsp;<\/p>\n","protected":false},"featured_media":3483,"template":"","meta":{"site-sidebar-layout":"default","site-content-layout":"default","ast-site-content-layout":"default","site-content-style":"default","site-sidebar-style":"default","ast-global-header-display":"","ast-banner-title-visibility":"","ast-main-header-display":"","ast-hfb-above-header-display":"","ast-hfb-below-header-display":"","ast-hfb-mobile-header-display":"","site-post-title":"","ast-breadcrumbs-content":"","ast-featured-img":"","footer-sml-layout":"","ast-disable-related-posts":"","theme-transparent-header-meta":"default","adv-header-id-meta":"","stick-header-meta":"","header-above-stick-meta":"","header-main-stick-meta":"","header-below-stick-meta":"","astra-migrate-meta-layouts":"default","ast-page-background-enabled":"default","ast-page-background-meta":{"desktop":{"background-color":"","background-image":"","background-repeat":"repeat","background-position":"center center","background-size":"auto","background-attachment":"scroll","background-type":"","background-media":"","overlay-type":"","overlay-color":"","overlay-opacity":"","overlay-gradient":""},"tablet":{"background-color":"","background-image":"","background-repeat":"repeat","background-position":"center center","background-size":"auto","background-attachment":"scroll","background-type":"","background-media":"","overlay-type":"","overlay-color":"","overlay-opacity":"","overlay-gradient":""},"mobile":{"background-color":"","background-image":"","background-repeat":"repeat","background-position":"center center","background-size":"auto","background-attachment":"scroll","background-type":"","background-media":"","overlay-type":"","overlay-color":"","overlay-opacity":"","overlay-gradient":""}},"ast-content-background-meta":{"desktop":{"background-color":"var(--ast-global-color-5)","background-image":"","background-repeat":"repeat","background-position":"center center","background-size":"auto","background-attachment":"scroll","background-type":"","background-media":"","overlay-type":"","overlay-color":"","overlay-opacity":"","overlay-gradient":""},"tablet":{"background-color":"var(--ast-global-color-5)","background-image":"","background-repeat":"repeat","background-position":"center center","background-size":"auto","background-attachment":"scroll","background-type":"","background-media":"","overlay-type":"","overlay-color":"","overlay-opacity":"","overlay-gradient":""},"mobile":{"background-color":"var(--ast-global-color-5)","background-image":"","background-repeat":"repeat","background-position":"center center","background-size":"auto","background-attachment":"scroll","background-type":"","background-media":"","overlay-type":"","overlay-color":"","overlay-opacity":"","overlay-gradient":""}}},"product_brand":[],"product_cat":[85],"product_tag":[],"class_list":{"0":"post-3773","1":"product","2":"type-product","3":"status-publish","4":"has-post-thumbnail","6":"product_cat-gants-jetables","7":"desktop-align-center","8":"tablet-align-left","9":"mobile-align-left","11":"first","12":"instock","13":"shipping-taxable","14":"product-type-simple"},"_links":{"self":[{"href":"https:\/\/medposnonwoven.com\/fr\/wp-json\/wp\/v2\/product\/3773","targetHints":{"allow":["GET"]}}],"collection":[{"href":"https:\/\/medposnonwoven.com\/fr\/wp-json\/wp\/v2\/product"}],"about":[{"href":"https:\/\/medposnonwoven.com\/fr\/wp-json\/wp\/v2\/types\/product"}],"wp:featuredmedia":[{"embeddable":true,"href":"https:\/\/medposnonwoven.com\/fr\/wp-json\/wp\/v2\/media\/3483"}],"wp:attachment":[{"href":"https:\/\/medposnonwoven.com\/fr\/wp-json\/wp\/v2\/media?parent=3773"}],"wp:term":[{"taxonomy":"product_brand","embeddable":true,"href":"https:\/\/medposnonwoven.com\/fr\/wp-json\/wp\/v2\/product_brand?post=3773"},{"taxonomy":"product_cat","embeddable":true,"href":"https:\/\/medposnonwoven.com\/fr\/wp-json\/wp\/v2\/product_cat?post=3773"},{"taxonomy":"product_tag","embeddable":true,"href":"https:\/\/medposnonwoven.com\/fr\/wp-json\/wp\/v2\/product_tag?post=3773"}],"curies":[{"name":"wp","href":"https:\/\/api.w.org\/{rel}","templated":true}]}}