{"id":3774,"date":"2023-01-06T14:27:26","date_gmt":"2023-01-06T14:27:26","guid":{"rendered":"https:\/\/medposnonwoven.com\/product\/blouse-cpe-jetable\/"},"modified":"2023-04-16T09:05:23","modified_gmt":"2023-04-16T09:05:23","slug":"blouse-cpe-jetable","status":"publish","type":"product","link":"https:\/\/medposnonwoven.com\/fr\/produit\/blouse-cpe-jetable\/","title":{"rendered":"Blouse CPE jetable"},"content":{"rendered":"<ul>\n<li>Nos blouses CPE jetables sont fabriqu\u00e9es \u00e0 partir d&rsquo;un film CPE de haute qualit\u00e9, r\u00e9sistant aux d\u00e9chirures et au sang, imperm\u00e9able, r\u00e9sistant \u00e0 l&rsquo;huile, ayant un effet de barri\u00e8re contre la poussi\u00e8re et n&rsquo;irritant pas la peau. Les propri\u00e9t\u00e9s d&#8217;emballage sont bonnes et la poussi\u00e8re ne p\u00e9n\u00e8tre pas facilement dans la blouse de protection. Doux au toucher et fabriqu\u00e9 en CPE \u00e9paissi pour une longue dur\u00e9e de vie. Isole les liquides externes et filtre les gaz volatils pour \u00e9viter tout contact direct.<\/li>\n<li>Moulage int\u00e9gr\u00e9 enti\u00e8rement automatique, bords sans bavures, confortable et simple, beau et g\u00e9n\u00e9reux. Conception humanis\u00e9e du brassard, moulage int\u00e9gr\u00e9, ne tombe pas facilement, conserve les meilleures conditions de travail. La\u00e7age traditionnel, int\u00e9gr\u00e9 \u00e0 la blouse elle-m\u00eame, nouveau mat\u00e9riau CPE avec une meilleure r\u00e9sistance \u00e0 la traction, ne se cassant pas facilement. Processus de pressage thermique du corps de la manche, nous sommes extr\u00eamement stricts en ce qui concerne le seul processus manuel de laminage thermique pour les blouses CPE, avec plus de 10 ans d&rsquo;exp\u00e9rience des travailleurs, afin d&rsquo;\u00e9viter qu&rsquo;elles ne tombent.<\/li>\n<\/ul>\n<p>&nbsp;<\/p>\n","protected":false},"excerpt":{"rendered":"<ul>\n<li>Chaque robe est con\u00e7ue avec des trous pour les pouces afin qu&rsquo;elle soit toujours bien ajust\u00e9e. Les trous pour les pouces permettent de porter des gants sans que les manches ne remontent pour une protection suppl\u00e9mentaire.<\/li>\n<li>Largement utilis\u00e9 dans la restauration, la transformation de la viande, la cuisine, la manipulation des aliments, les salles blanches, le jardinage et l&rsquo;imprimerie.<\/li>\n<\/ul>\n<h4>Caract\u00e9ristiques<\/h4>\n<p>Mat\u00e9riau : Poly\u00e9thyl\u00e8ne CPE<\/p>\n<p>Taille : 112*117cm\/90*122cm\/100*121cm ou sur mesure<\/p>\n<p>Couleur : bleu ou personnalis\u00e9e<\/p>\n<p>Type:Forme monobloc, avec crochet pour le pouce et dos ouvert.<\/p>\n<p>Emballage : 1 pi\u00e8ce\/paquet, 200 paquets\/carton<\/p>\n<p>&nbsp;<\/p>\n<p>&nbsp;<\/p>\n","protected":false},"featured_media":3451,"template":"","meta":{"site-sidebar-layout":"default","site-content-layout":"default","ast-site-content-layout":"default","site-content-style":"default","site-sidebar-style":"default","ast-global-header-display":"","ast-banner-title-visibility":"","ast-main-header-display":"","ast-hfb-above-header-display":"","ast-hfb-below-header-display":"","ast-hfb-mobile-header-display":"","site-post-title":"","ast-breadcrumbs-content":"","ast-featured-img":"","footer-sml-layout":"","ast-disable-related-posts":"","theme-transparent-header-meta":"default","adv-header-id-meta":"","stick-header-meta":"","header-above-stick-meta":"","header-main-stick-meta":"","header-below-stick-meta":"","astra-migrate-meta-layouts":"default","ast-page-background-enabled":"default","ast-page-background-meta":{"desktop":{"background-color":"","background-image":"","background-repeat":"repeat","background-position":"center center","background-size":"auto","background-attachment":"scroll","background-type":"","background-media":"","overlay-type":"","overlay-color":"","overlay-opacity":"","overlay-gradient":""},"tablet":{"background-color":"","background-image":"","background-repeat":"repeat","background-position":"center center","background-size":"auto","background-attachment":"scroll","background-type":"","background-media":"","overlay-type":"","overlay-color":"","overlay-opacity":"","overlay-gradient":""},"mobile":{"background-color":"","background-image":"","background-repeat":"repeat","background-position":"center center","background-size":"auto","background-attachment":"scroll","background-type":"","background-media":"","overlay-type":"","overlay-color":"","overlay-opacity":"","overlay-gradient":""}},"ast-content-background-meta":{"desktop":{"background-color":"var(--ast-global-color-5)","background-image":"","background-repeat":"repeat","background-position":"center center","background-size":"auto","background-attachment":"scroll","background-type":"","background-media":"","overlay-type":"","overlay-color":"","overlay-opacity":"","overlay-gradient":""},"tablet":{"background-color":"var(--ast-global-color-5)","background-image":"","background-repeat":"repeat","background-position":"center center","background-size":"auto","background-attachment":"scroll","background-type":"","background-media":"","overlay-type":"","overlay-color":"","overlay-opacity":"","overlay-gradient":""},"mobile":{"background-color":"var(--ast-global-color-5)","background-image":"","background-repeat":"repeat","background-position":"center center","background-size":"auto","background-attachment":"scroll","background-type":"","background-media":"","overlay-type":"","overlay-color":"","overlay-opacity":"","overlay-gradient":""}}},"product_brand":[],"product_cat":[86],"product_tag":[],"class_list":{"0":"post-3774","1":"product","2":"type-product","3":"status-publish","4":"has-post-thumbnail","6":"product_cat-tabliers-jetables","7":"desktop-align-center","8":"tablet-align-left","9":"mobile-align-left","11":"first","12":"instock","13":"shipping-taxable","14":"product-type-simple"},"_links":{"self":[{"href":"https:\/\/medposnonwoven.com\/fr\/wp-json\/wp\/v2\/product\/3774","targetHints":{"allow":["GET"]}}],"collection":[{"href":"https:\/\/medposnonwoven.com\/fr\/wp-json\/wp\/v2\/product"}],"about":[{"href":"https:\/\/medposnonwoven.com\/fr\/wp-json\/wp\/v2\/types\/product"}],"wp:featuredmedia":[{"embeddable":true,"href":"https:\/\/medposnonwoven.com\/fr\/wp-json\/wp\/v2\/media\/3451"}],"wp:attachment":[{"href":"https:\/\/medposnonwoven.com\/fr\/wp-json\/wp\/v2\/media?parent=3774"}],"wp:term":[{"taxonomy":"product_brand","embeddable":true,"href":"https:\/\/medposnonwoven.com\/fr\/wp-json\/wp\/v2\/product_brand?post=3774"},{"taxonomy":"product_cat","embeddable":true,"href":"https:\/\/medposnonwoven.com\/fr\/wp-json\/wp\/v2\/product_cat?post=3774"},{"taxonomy":"product_tag","embeddable":true,"href":"https:\/\/medposnonwoven.com\/fr\/wp-json\/wp\/v2\/product_tag?post=3774"}],"curies":[{"name":"wp","href":"https:\/\/api.w.org\/{rel}","templated":true}]}}