{"id":3776,"date":"2023-01-04T14:46:42","date_gmt":"2023-01-04T14:46:42","guid":{"rendered":"https:\/\/medposnonwoven.com\/product\/blouse-de-laboratoire-non-tissee-blouse-visiteur-fermeture-par-boutons-pression\/"},"modified":"2023-04-16T09:12:06","modified_gmt":"2023-04-16T09:12:06","slug":"blouse-de-laboratoire-non-tissee-blouse-visiteur-fermeture-par-boutons-pression","status":"publish","type":"product","link":"https:\/\/medposnonwoven.com\/fr\/produit\/blouse-de-laboratoire-non-tissee-blouse-visiteur-fermeture-par-boutons-pression\/","title":{"rendered":"Blouse de laboratoire non tiss\u00e9e (blouse visiteur) &#8211; Fermeture par boutons-pression"},"content":{"rendered":"<ul>\n<li>Nos blouses de laboratoire jetables sont fabriqu\u00e9es \u00e0 partir d&rsquo;un tissu non tiss\u00e9 de haute qualit\u00e9, g\u00e9n\u00e9ralement du spunbond, du SMS ou du film PE lamin\u00e9 avec un mat\u00e9riau non tiss\u00e9. Le tissu est solide et durable, r\u00e9sistant \u00e0 la d\u00e9chirure et \u00e0 l&rsquo;abrasion, confortable \u00e0 porter, doux et respirant, r\u00e9sistant \u00e0 la salet\u00e9 et aux taches. Le design des boutons est beau et g\u00e9n\u00e9reux.<\/li>\n<li>Domaine d&rsquo;application :<br \/>\n1. Peinture et traitement de surface<br \/>\nPeinture, rev\u00eatement par pulv\u00e9risation, dorure, traitement de surface, p\u00e9dale, voiture, camion, bateau, traitement de givrage des surfaces en bois.<br \/>\n2. salle blanche<br \/>\nProduction de plaquettes, essais de bo\u00eetiers et autres industries des semi-conducteurs, disques durs d&rsquo;ordinateurs, assemblage d&rsquo;\u00e9quipements optiques de pr\u00e9cision, recherche sur les min\u00e9raux biochimiques, d\u00e9sinfection et manipulation de mati\u00e8res dangereuses et fabrication de mat\u00e9riaux toxiques ou corrosifs, \u00e9limination des d\u00e9versements, fuites et d\u00e9bordements de liquides, nettoyage, rin\u00e7age, purification des pipelines et des r\u00e9servoirs de p\u00e9trole.<br \/>\n3. Transformation des aliments<br \/>\nManipulation et transformation des aliments, y compris la pr\u00e9paration, la cuisson, la modification, la liaison et l&#8217;emballage de divers aliments.<\/li>\n<\/ul>\n<p>&nbsp;<\/p>\n<p>&nbsp;<\/p>\n","protected":false},"excerpt":{"rendered":"<ul>\n<li>Ces manteaux de visite \u00e9quip\u00e9s d&rsquo;une fermeture \u00e0 bouton-pression sont plus \u00e9l\u00e9gants. Ce sont d&rsquo;excellents v\u00eatements de protection qui prot\u00e8gent les patients et le personnel contre le transfert de particules et de liquides.<\/li>\n<li>Largement utilis\u00e9 dans les applications industrielles g\u00e9n\u00e9rales et dans la vie quotidienne. Parfait pour les projets scientifiques en laboratoire ou \u00e0 l&rsquo;universit\u00e9, l&rsquo;entretien g\u00e9n\u00e9ral, la transformation des aliments, la restauration, la peinture et le nettoyage, etc.<\/li>\n<\/ul>\n<h4>Caract\u00e9ristiques<\/h4>\n<p>Mat\u00e9riau : Spunbond, SMS, PP+PE<\/p>\n<p>Taille : S, M, L, XL, XXL, 3XL, 4XL<\/p>\n<p>Couleur:Blanc, Bleu, Bleu fonc\u00e9<\/p>\n<p>Type:Avec col, poignets \u00e9lastiques\/manches tricot\u00e9es, fermeture par boutons-pression.<\/p>\n<p>Emballage : 10 pi\u00e8ces\/sac, 10 sacs\/carton<\/p>\n<p>&nbsp;<\/p>\n<p>&nbsp;<\/p>\n<p>&nbsp;<\/p>\n","protected":false},"featured_media":3437,"template":"","meta":{"site-sidebar-layout":"default","site-content-layout":"default","ast-site-content-layout":"default","site-content-style":"default","site-sidebar-style":"default","ast-global-header-display":"","ast-banner-title-visibility":"","ast-main-header-display":"","ast-hfb-above-header-display":"","ast-hfb-below-header-display":"","ast-hfb-mobile-header-display":"","site-post-title":"","ast-breadcrumbs-content":"","ast-featured-img":"","footer-sml-layout":"","ast-disable-related-posts":"","theme-transparent-header-meta":"default","adv-header-id-meta":"","stick-header-meta":"","header-above-stick-meta":"","header-main-stick-meta":"","header-below-stick-meta":"","astra-migrate-meta-layouts":"default","ast-page-background-enabled":"default","ast-page-background-meta":{"desktop":{"background-color":"","background-image":"","background-repeat":"repeat","background-position":"center center","background-size":"auto","background-attachment":"scroll","background-type":"","background-media":"","overlay-type":"","overlay-color":"","overlay-opacity":"","overlay-gradient":""},"tablet":{"background-color":"","background-image":"","background-repeat":"repeat","background-position":"center center","background-size":"auto","background-attachment":"scroll","background-type":"","background-media":"","overlay-type":"","overlay-color":"","overlay-opacity":"","overlay-gradient":""},"mobile":{"background-color":"","background-image":"","background-repeat":"repeat","background-position":"center center","background-size":"auto","background-attachment":"scroll","background-type":"","background-media":"","overlay-type":"","overlay-color":"","overlay-opacity":"","overlay-gradient":""}},"ast-content-background-meta":{"desktop":{"background-color":"var(--ast-global-color-5)","background-image":"","background-repeat":"repeat","background-position":"center center","background-size":"auto","background-attachment":"scroll","background-type":"","background-media":"","overlay-type":"","overlay-color":"","overlay-opacity":"","overlay-gradient":""},"tablet":{"background-color":"var(--ast-global-color-5)","background-image":"","background-repeat":"repeat","background-position":"center center","background-size":"auto","background-attachment":"scroll","background-type":"","background-media":"","overlay-type":"","overlay-color":"","overlay-opacity":"","overlay-gradient":""},"mobile":{"background-color":"var(--ast-global-color-5)","background-image":"","background-repeat":"repeat","background-position":"center center","background-size":"auto","background-attachment":"scroll","background-type":"","background-media":"","overlay-type":"","overlay-color":"","overlay-opacity":"","overlay-gradient":""}}},"product_brand":[],"product_cat":[88],"product_tag":[],"class_list":{"0":"post-3776","1":"product","2":"type-product","3":"status-publish","4":"has-post-thumbnail","6":"product_cat-blouses-de-protection","7":"desktop-align-center","8":"tablet-align-left","9":"mobile-align-left","11":"first","12":"instock","13":"shipping-taxable","14":"product-type-simple"},"_links":{"self":[{"href":"https:\/\/medposnonwoven.com\/fr\/wp-json\/wp\/v2\/product\/3776","targetHints":{"allow":["GET"]}}],"collection":[{"href":"https:\/\/medposnonwoven.com\/fr\/wp-json\/wp\/v2\/product"}],"about":[{"href":"https:\/\/medposnonwoven.com\/fr\/wp-json\/wp\/v2\/types\/product"}],"wp:featuredmedia":[{"embeddable":true,"href":"https:\/\/medposnonwoven.com\/fr\/wp-json\/wp\/v2\/media\/3437"}],"wp:attachment":[{"href":"https:\/\/medposnonwoven.com\/fr\/wp-json\/wp\/v2\/media?parent=3776"}],"wp:term":[{"taxonomy":"product_brand","embeddable":true,"href":"https:\/\/medposnonwoven.com\/fr\/wp-json\/wp\/v2\/product_brand?post=3776"},{"taxonomy":"product_cat","embeddable":true,"href":"https:\/\/medposnonwoven.com\/fr\/wp-json\/wp\/v2\/product_cat?post=3776"},{"taxonomy":"product_tag","embeddable":true,"href":"https:\/\/medposnonwoven.com\/fr\/wp-json\/wp\/v2\/product_tag?post=3776"}],"curies":[{"name":"wp","href":"https:\/\/api.w.org\/{rel}","templated":true}]}}