{"id":3777,"date":"2023-01-10T13:28:29","date_gmt":"2023-01-10T13:28:29","guid":{"rendered":"https:\/\/medposnonwoven.com\/product\/couvre-chaussure-non-tisse\/"},"modified":"2023-04-16T08:59:26","modified_gmt":"2023-04-16T08:59:26","slug":"couvre-chaussure-non-tisse","status":"publish","type":"product","link":"https:\/\/medposnonwoven.com\/fr\/produit\/couvre-chaussure-non-tisse\/","title":{"rendered":"Couvre-chaussure non tiss\u00e9"},"content":{"rendered":"<ul>\n<li>Le couvre-chaussure en non-tiss\u00e9 poss\u00e8de une certaine \u00e9lasticit\u00e9 et est \u00e9quip\u00e9 d&rsquo;une bande \u00e9lastique. Le tissu non-tiss\u00e9 de la housse de chaussure est con\u00e7u pour r\u00e9sister aux d\u00e9chirures et aux ruptures. La tension et la souplesse du couvre-chaussures lui permettent de garder les chaussures impeccables tout en prot\u00e9geant la moquette et le sol de la salet\u00e9 et des dommages. Nos couvre-chaussures sont plus \u00e9pais, plus r\u00e9sistants, ont une dur\u00e9e de vie plus longue et pr\u00e9servent l&rsquo;environnement gr\u00e2ce au tissu non tiss\u00e9 r\u00e9sistant et durable. En m\u00eame temps, son poids est \u00e0 peine perceptible.<\/li>\n<li>Les couvre-chaussures emp\u00eachent les substances de se r\u00e9pandre dans le b\u00e2timent ou l&rsquo;espace de travail, ce qui pourrait endommager le rev\u00eatement de sol, constituer un risque de chute ou nuire \u00e0 la st\u00e9rilit\u00e9 et \u00e0 la propret\u00e9 des locaux. Les entrepreneurs tels que les \u00e9lectriciens et les plombiers peuvent utiliser des couvre-chaussures jetables pour \u00e9viter la propagation de la salet\u00e9 ordinaire lorsqu&rsquo;ils entrent et sortent de la maison d&rsquo;un client.<\/li>\n<li>De nombreuses professions n\u00e9cessitent des t\u00e2ches susceptibles d&rsquo;exposer les travailleurs \u00e0 des substances qui endommagent ou tachent les chaussures. Les chaussures individuelles restent plus propres car les couvre-chaussures cr\u00e9ent une barri\u00e8re physique entre ces mat\u00e9riaux.<\/li>\n<\/ul>\n<p>&nbsp;<\/p>\n","protected":false},"excerpt":{"rendered":"<ul>\n<li>Nos couvre-chaussures sont nettement plus \u00e9pais, plus r\u00e9sistants et dureront plus longtemps gr\u00e2ce \u00e0 des tissus non tiss\u00e9s durables, difficiles \u00e0 casser et r\u00e9sistants \u00e0 l&rsquo;usure. En m\u00eame temps, son poids est presque imperceptible.<\/li>\n<li>Largement utilis\u00e9 dans les maisons, les h\u00f4tels, l&rsquo;industrie alimentaire, les traitements m\u00e9dicaux, les usines, le nettoyage des laboratoires et d&rsquo;autres endroits concern\u00e9s.<\/li>\n<\/ul>\n<h4>Caract\u00e9ristiques<\/h4>\n<p>Mat\u00e9riau : polypropyl\u00e8ne fil\u00e9-li\u00e9 ou SMS de 25 \u00e0 40 g\/m\u00b2.<\/p>\n<p>Taille : 15x38cm, 16x40cm, 17x41cm, 17x42cm ou personnalis\u00e9e<\/p>\n<p>Couleur : bleu, blanc, gris ou personnalis\u00e9e<\/p>\n<p>Type:Bracelet \u00e9lastique \u00e0 la cheville, surface gaufr\u00e9e<\/p>\n<p>Emballage : 100pcs\/sac, 20 sacs\/carton<\/p>\n<p>&nbsp;<\/p>\n<p>&nbsp;<\/p>\n","protected":false},"featured_media":3464,"template":"","meta":{"site-sidebar-layout":"default","site-content-layout":"default","ast-site-content-layout":"default","site-content-style":"default","site-sidebar-style":"default","ast-global-header-display":"","ast-banner-title-visibility":"","ast-main-header-display":"","ast-hfb-above-header-display":"","ast-hfb-below-header-display":"","ast-hfb-mobile-header-display":"","site-post-title":"","ast-breadcrumbs-content":"","ast-featured-img":"","footer-sml-layout":"","ast-disable-related-posts":"","theme-transparent-header-meta":"default","adv-header-id-meta":"","stick-header-meta":"","header-above-stick-meta":"","header-main-stick-meta":"","header-below-stick-meta":"","astra-migrate-meta-layouts":"default","ast-page-background-enabled":"default","ast-page-background-meta":{"desktop":{"background-color":"","background-image":"","background-repeat":"repeat","background-position":"center center","background-size":"auto","background-attachment":"scroll","background-type":"","background-media":"","overlay-type":"","overlay-color":"","overlay-opacity":"","overlay-gradient":""},"tablet":{"background-color":"","background-image":"","background-repeat":"repeat","background-position":"center center","background-size":"auto","background-attachment":"scroll","background-type":"","background-media":"","overlay-type":"","overlay-color":"","overlay-opacity":"","overlay-gradient":""},"mobile":{"background-color":"","background-image":"","background-repeat":"repeat","background-position":"center center","background-size":"auto","background-attachment":"scroll","background-type":"","background-media":"","overlay-type":"","overlay-color":"","overlay-opacity":"","overlay-gradient":""}},"ast-content-background-meta":{"desktop":{"background-color":"var(--ast-global-color-5)","background-image":"","background-repeat":"repeat","background-position":"center center","background-size":"auto","background-attachment":"scroll","background-type":"","background-media":"","overlay-type":"","overlay-color":"","overlay-opacity":"","overlay-gradient":""},"tablet":{"background-color":"var(--ast-global-color-5)","background-image":"","background-repeat":"repeat","background-position":"center center","background-size":"auto","background-attachment":"scroll","background-type":"","background-media":"","overlay-type":"","overlay-color":"","overlay-opacity":"","overlay-gradient":""},"mobile":{"background-color":"var(--ast-global-color-5)","background-image":"","background-repeat":"repeat","background-position":"center center","background-size":"auto","background-attachment":"scroll","background-type":"","background-media":"","overlay-type":"","overlay-color":"","overlay-opacity":"","overlay-gradient":""}}},"product_brand":[],"product_cat":[87],"product_tag":[],"class_list":{"0":"post-3777","1":"product","2":"type-product","3":"status-publish","4":"has-post-thumbnail","6":"product_cat-couvre-chaussures-et-couvre-bottes","7":"desktop-align-center","8":"tablet-align-left","9":"mobile-align-left","11":"first","12":"instock","13":"shipping-taxable","14":"product-type-simple"},"_links":{"self":[{"href":"https:\/\/medposnonwoven.com\/fr\/wp-json\/wp\/v2\/product\/3777","targetHints":{"allow":["GET"]}}],"collection":[{"href":"https:\/\/medposnonwoven.com\/fr\/wp-json\/wp\/v2\/product"}],"about":[{"href":"https:\/\/medposnonwoven.com\/fr\/wp-json\/wp\/v2\/types\/product"}],"wp:featuredmedia":[{"embeddable":true,"href":"https:\/\/medposnonwoven.com\/fr\/wp-json\/wp\/v2\/media\/3464"}],"wp:attachment":[{"href":"https:\/\/medposnonwoven.com\/fr\/wp-json\/wp\/v2\/media?parent=3777"}],"wp:term":[{"taxonomy":"product_brand","embeddable":true,"href":"https:\/\/medposnonwoven.com\/fr\/wp-json\/wp\/v2\/product_brand?post=3777"},{"taxonomy":"product_cat","embeddable":true,"href":"https:\/\/medposnonwoven.com\/fr\/wp-json\/wp\/v2\/product_cat?post=3777"},{"taxonomy":"product_tag","embeddable":true,"href":"https:\/\/medposnonwoven.com\/fr\/wp-json\/wp\/v2\/product_tag?post=3777"}],"curies":[{"name":"wp","href":"https:\/\/api.w.org\/{rel}","templated":true}]}}