{"id":3778,"date":"2023-01-05T16:06:55","date_gmt":"2023-01-05T16:06:55","guid":{"rendered":"https:\/\/medposnonwoven.com\/product\/tablier-pe-jetable-en-rouleau\/"},"modified":"2023-04-16T09:07:22","modified_gmt":"2023-04-16T09:07:22","slug":"tablier-pe-jetable-en-rouleau","status":"publish","type":"product","link":"https:\/\/medposnonwoven.com\/fr\/produit\/tablier-pe-jetable-en-rouleau\/","title":{"rendered":"Tablier PE jetable en rouleau"},"content":{"rendered":"<ul>\n<li>Nos tabliers jetables sont fabriqu\u00e9s en poly\u00e9thyl\u00e8ne de haute qualit\u00e9, ind\u00e9chirable et translucide. Son design simple \u00e0 porter, sa fonction d&rsquo;accrochage rapide au cou et son lien extra-long \u00e0 la taille permettent de l&rsquo;attacher facilement dans le dos. Il suffit de quelques secondes pour l&rsquo;enfiler et commencer \u00e0 travailler. Ne vous inqui\u00e9tez pas si vous ouvrez le tablier pli\u00e9 et que vous n&rsquo;en voyez que la moiti\u00e9. Nos tabliers sont munis d&rsquo;ouvertures sur les deux c\u00f4t\u00e9s qui permettent de les rouvrir pour qu&rsquo;ils soient compl\u00e8tement form\u00e9s.<\/li>\n<\/ul>\n<p>&nbsp;<\/p>\n","protected":false},"excerpt":{"rendered":"<ul>\n<li>Des tabliers jetables sont fournis aux adultes, et chaque tablier est emball\u00e9 s\u00e9par\u00e9ment, ce qui est facile \u00e0 transporter. Ils prot\u00e8gent mieux vos v\u00eatements, robes ou chemises de la salet\u00e9 et de l&rsquo;humidit\u00e9.<\/li>\n<li>Largement utilis\u00e9 dans la restauration, la transformation de la viande, la cuisine, la manipulation des aliments, les salles blanches, le jardinage et l&rsquo;imprimerie.<\/li>\n<\/ul>\n<h4>Caract\u00e9ristiques<\/h4>\n<p>Mat\u00e9riau : Poly\u00e9thyl\u00e8ne HDPE ou LDPE<\/p>\n<p>Taille:27\u00d742\u2033(69x107cm), 28\u00d746\u2033(71x117cm), 32\u2033x49\u2033(80x125cm)<\/p>\n<p>Couleur : bleu, vert ou personnalis\u00e9e<\/p>\n<p>Type:Forme monobloc, avec attaches \u00e0 l&rsquo;arri\u00e8re, surface gaufr\u00e9e ou lisse<\/p>\n<p>Emballage : 50 pcs\/rouleau, 20 rouleaux\/carton<\/p>\n<p>&nbsp;<\/p>\n<p>&nbsp;<\/p>\n<p>&nbsp;<\/p>\n","protected":false},"featured_media":3448,"template":"","meta":{"site-sidebar-layout":"default","site-content-layout":"default","ast-site-content-layout":"default","site-content-style":"default","site-sidebar-style":"default","ast-global-header-display":"","ast-banner-title-visibility":"","ast-main-header-display":"","ast-hfb-above-header-display":"","ast-hfb-below-header-display":"","ast-hfb-mobile-header-display":"","site-post-title":"","ast-breadcrumbs-content":"","ast-featured-img":"","footer-sml-layout":"","ast-disable-related-posts":"","theme-transparent-header-meta":"default","adv-header-id-meta":"","stick-header-meta":"","header-above-stick-meta":"","header-main-stick-meta":"","header-below-stick-meta":"","astra-migrate-meta-layouts":"default","ast-page-background-enabled":"default","ast-page-background-meta":{"desktop":{"background-color":"","background-image":"","background-repeat":"repeat","background-position":"center center","background-size":"auto","background-attachment":"scroll","background-type":"","background-media":"","overlay-type":"","overlay-color":"","overlay-opacity":"","overlay-gradient":""},"tablet":{"background-color":"","background-image":"","background-repeat":"repeat","background-position":"center center","background-size":"auto","background-attachment":"scroll","background-type":"","background-media":"","overlay-type":"","overlay-color":"","overlay-opacity":"","overlay-gradient":""},"mobile":{"background-color":"","background-image":"","background-repeat":"repeat","background-position":"center center","background-size":"auto","background-attachment":"scroll","background-type":"","background-media":"","overlay-type":"","overlay-color":"","overlay-opacity":"","overlay-gradient":""}},"ast-content-background-meta":{"desktop":{"background-color":"var(--ast-global-color-5)","background-image":"","background-repeat":"repeat","background-position":"center center","background-size":"auto","background-attachment":"scroll","background-type":"","background-media":"","overlay-type":"","overlay-color":"","overlay-opacity":"","overlay-gradient":""},"tablet":{"background-color":"var(--ast-global-color-5)","background-image":"","background-repeat":"repeat","background-position":"center center","background-size":"auto","background-attachment":"scroll","background-type":"","background-media":"","overlay-type":"","overlay-color":"","overlay-opacity":"","overlay-gradient":""},"mobile":{"background-color":"var(--ast-global-color-5)","background-image":"","background-repeat":"repeat","background-position":"center center","background-size":"auto","background-attachment":"scroll","background-type":"","background-media":"","overlay-type":"","overlay-color":"","overlay-opacity":"","overlay-gradient":""}}},"product_brand":[],"product_cat":[86],"product_tag":[],"class_list":{"0":"post-3778","1":"product","2":"type-product","3":"status-publish","4":"has-post-thumbnail","6":"product_cat-tabliers-jetables","7":"desktop-align-center","8":"tablet-align-left","9":"mobile-align-left","11":"first","12":"instock","13":"shipping-taxable","14":"product-type-simple"},"_links":{"self":[{"href":"https:\/\/medposnonwoven.com\/fr\/wp-json\/wp\/v2\/product\/3778","targetHints":{"allow":["GET"]}}],"collection":[{"href":"https:\/\/medposnonwoven.com\/fr\/wp-json\/wp\/v2\/product"}],"about":[{"href":"https:\/\/medposnonwoven.com\/fr\/wp-json\/wp\/v2\/types\/product"}],"wp:featuredmedia":[{"embeddable":true,"href":"https:\/\/medposnonwoven.com\/fr\/wp-json\/wp\/v2\/media\/3448"}],"wp:attachment":[{"href":"https:\/\/medposnonwoven.com\/fr\/wp-json\/wp\/v2\/media?parent=3778"}],"wp:term":[{"taxonomy":"product_brand","embeddable":true,"href":"https:\/\/medposnonwoven.com\/fr\/wp-json\/wp\/v2\/product_brand?post=3778"},{"taxonomy":"product_cat","embeddable":true,"href":"https:\/\/medposnonwoven.com\/fr\/wp-json\/wp\/v2\/product_cat?post=3778"},{"taxonomy":"product_tag","embeddable":true,"href":"https:\/\/medposnonwoven.com\/fr\/wp-json\/wp\/v2\/product_tag?post=3778"}],"curies":[{"name":"wp","href":"https:\/\/api.w.org\/{rel}","templated":true}]}}