{"id":3779,"date":"2023-01-11T14:46:32","date_gmt":"2023-01-11T14:46:32","guid":{"rendered":"https:\/\/medposnonwoven.com\/product\/couvre-bottes-microporeux\/"},"modified":"2023-04-16T08:53:57","modified_gmt":"2023-04-16T08:53:57","slug":"couvre-bottes-microporeux","status":"publish","type":"product","link":"https:\/\/medposnonwoven.com\/fr\/produit\/couvre-bottes-microporeux\/","title":{"rendered":"Couvre-bottes microporeux"},"content":{"rendered":"<ul>\n<li>Les couvre-bottes jetables peuvent \u00eatre jet\u00e9s apr\u00e8s usage. Cela permet de r\u00e9duire consid\u00e9rablement le risque de contamination crois\u00e9e et d&rsquo;\u00e9viter que les travailleurs de la sant\u00e9 ne r\u00e9pandent des contaminants potentiels dans d&rsquo;autres zones.<\/li>\n<li>Les couvre-bottes jetables sont parfaits pour prot\u00e9ger vos chaussures des substances aqueuses. Les couvre-bottes pour la pluie sont disponibles dans une grande vari\u00e9t\u00e9 de couleurs et sont dot\u00e9s d&rsquo;attaches lat\u00e9rales qui permettent de fixer les bottes amovibles sur votre jambe. Ils sont fabriqu\u00e9s \u00e0 partir d&rsquo;un m\u00e9lange de deux tissus : un tissu non tiss\u00e9 et un film PE respirant. Le mat\u00e9riau double couche offre une excellente r\u00e9sistance \u00e0 la d\u00e9chirure. Deux bandes \u00e9lastiques sont install\u00e9es sur le bord et la cheville des chaussons, ce qui garantit un ajustement s\u00fbr \u00e0 vos jambes. Cette caract\u00e9ristique permet de porter rapidement et facilement des couvre-chaussures imperm\u00e9ables sans avoir \u00e0 les fixer.<\/li>\n<\/ul>\n<p>&nbsp;<\/p>\n","protected":false},"excerpt":{"rendered":"<ul>\n<li>Fabriqu\u00e9 en polypropyl\u00e8ne et poly\u00e9thyl\u00e8ne, imperm\u00e9able, antid\u00e9rapant, confortable et respirant.<\/li>\n<li>Largement utilis\u00e9 dans les maisons, les h\u00f4tels, l&rsquo;industrie alimentaire, les traitements m\u00e9dicaux, les usines, le nettoyage des laboratoires et d&rsquo;autres endroits concern\u00e9s.<\/li>\n<\/ul>\n<h4>Caract\u00e9ristiques<\/h4>\n<p>Mat\u00e9riau : Polypropyl\u00e8ne (PP) + film microporeux<\/p>\n<p>Taille : 40x50cm ou personnalis\u00e9e<\/p>\n<p>Couleur:Blanc, Bleu<\/p>\n<p>Type:Haut \u00e9lastique, avec bande bleue<\/p>\n<p>Emballage : 100pcs\/sac, 10 sacs\/carton<\/p>\n<p>&nbsp;<\/p>\n<p>&nbsp;<\/p>\n","protected":false},"featured_media":3476,"template":"","meta":{"site-sidebar-layout":"default","site-content-layout":"default","ast-site-content-layout":"default","site-content-style":"default","site-sidebar-style":"default","ast-global-header-display":"","ast-banner-title-visibility":"","ast-main-header-display":"","ast-hfb-above-header-display":"","ast-hfb-below-header-display":"","ast-hfb-mobile-header-display":"","site-post-title":"","ast-breadcrumbs-content":"","ast-featured-img":"","footer-sml-layout":"","ast-disable-related-posts":"","theme-transparent-header-meta":"default","adv-header-id-meta":"","stick-header-meta":"","header-above-stick-meta":"","header-main-stick-meta":"","header-below-stick-meta":"","astra-migrate-meta-layouts":"default","ast-page-background-enabled":"default","ast-page-background-meta":{"desktop":{"background-color":"","background-image":"","background-repeat":"repeat","background-position":"center center","background-size":"auto","background-attachment":"scroll","background-type":"","background-media":"","overlay-type":"","overlay-color":"","overlay-opacity":"","overlay-gradient":""},"tablet":{"background-color":"","background-image":"","background-repeat":"repeat","background-position":"center center","background-size":"auto","background-attachment":"scroll","background-type":"","background-media":"","overlay-type":"","overlay-color":"","overlay-opacity":"","overlay-gradient":""},"mobile":{"background-color":"","background-image":"","background-repeat":"repeat","background-position":"center center","background-size":"auto","background-attachment":"scroll","background-type":"","background-media":"","overlay-type":"","overlay-color":"","overlay-opacity":"","overlay-gradient":""}},"ast-content-background-meta":{"desktop":{"background-color":"var(--ast-global-color-5)","background-image":"","background-repeat":"repeat","background-position":"center center","background-size":"auto","background-attachment":"scroll","background-type":"","background-media":"","overlay-type":"","overlay-color":"","overlay-opacity":"","overlay-gradient":""},"tablet":{"background-color":"var(--ast-global-color-5)","background-image":"","background-repeat":"repeat","background-position":"center center","background-size":"auto","background-attachment":"scroll","background-type":"","background-media":"","overlay-type":"","overlay-color":"","overlay-opacity":"","overlay-gradient":""},"mobile":{"background-color":"var(--ast-global-color-5)","background-image":"","background-repeat":"repeat","background-position":"center center","background-size":"auto","background-attachment":"scroll","background-type":"","background-media":"","overlay-type":"","overlay-color":"","overlay-opacity":"","overlay-gradient":""}}},"product_brand":[],"product_cat":[87],"product_tag":[],"class_list":{"0":"post-3779","1":"product","2":"type-product","3":"status-publish","4":"has-post-thumbnail","6":"product_cat-couvre-chaussures-et-couvre-bottes","7":"desktop-align-center","8":"tablet-align-left","9":"mobile-align-left","11":"first","12":"instock","13":"shipping-taxable","14":"product-type-simple"},"_links":{"self":[{"href":"https:\/\/medposnonwoven.com\/fr\/wp-json\/wp\/v2\/product\/3779","targetHints":{"allow":["GET"]}}],"collection":[{"href":"https:\/\/medposnonwoven.com\/fr\/wp-json\/wp\/v2\/product"}],"about":[{"href":"https:\/\/medposnonwoven.com\/fr\/wp-json\/wp\/v2\/types\/product"}],"wp:featuredmedia":[{"embeddable":true,"href":"https:\/\/medposnonwoven.com\/fr\/wp-json\/wp\/v2\/media\/3476"}],"wp:attachment":[{"href":"https:\/\/medposnonwoven.com\/fr\/wp-json\/wp\/v2\/media?parent=3779"}],"wp:term":[{"taxonomy":"product_brand","embeddable":true,"href":"https:\/\/medposnonwoven.com\/fr\/wp-json\/wp\/v2\/product_brand?post=3779"},{"taxonomy":"product_cat","embeddable":true,"href":"https:\/\/medposnonwoven.com\/fr\/wp-json\/wp\/v2\/product_cat?post=3779"},{"taxonomy":"product_tag","embeddable":true,"href":"https:\/\/medposnonwoven.com\/fr\/wp-json\/wp\/v2\/product_tag?post=3779"}],"curies":[{"name":"wp","href":"https:\/\/api.w.org\/{rel}","templated":true}]}}