{"id":3780,"date":"2023-01-04T13:52:45","date_gmt":"2023-01-04T13:52:45","guid":{"rendered":"https:\/\/medposnonwoven.com\/product\/blouse-de-laboratoire-non-tissee-blouse-visiteur-fermeture-velcro\/"},"modified":"2023-04-16T09:12:42","modified_gmt":"2023-04-16T09:12:42","slug":"blouse-de-laboratoire-non-tissee-blouse-visiteur-fermeture-velcro","status":"publish","type":"product","link":"https:\/\/medposnonwoven.com\/fr\/produit\/blouse-de-laboratoire-non-tissee-blouse-visiteur-fermeture-velcro\/","title":{"rendered":"Blouse de laboratoire non tiss\u00e9e (blouse visiteur) &#8211; Fermeture velcro"},"content":{"rendered":"<ul>\n<li>Ce manteau jetable pour visiteurs est dot\u00e9 d&rsquo;une fermeture velcro, facile \u00e0 ouvrir et \u00e0 fermer, vous pouvez le porter et l&rsquo;enlever tr\u00e8s rapidement. Fabriqu\u00e9s \u00e0 partir de mat\u00e9riaux appropri\u00e9s pr\u00e9sentant une r\u00e9sistance et des propri\u00e9t\u00e9s de barri\u00e8re suffisantes, nous pouvons les fabriquer en version st\u00e9rile ou non st\u00e9rile.<\/li>\n<li>Utilisation pr\u00e9vue : convient \u00e0 l&rsquo;environnement m\u00e9dical, aux laboratoires (organiques), aux sc\u00e9narios de recherche et de d\u00e9veloppement, aux sc\u00e9narios d&rsquo;essai et \u00e0 d&rsquo;autres sc\u00e9narios sp\u00e9ciaux de classe int\u00e9gr\u00e9e.<\/li>\n<li>Attention : attention aux personnes allergiques au non-tiss\u00e9 et \u00e0 d&rsquo;autres mati\u00e8res premi\u00e8res Ce produit est \u00e0 usage unique et doit \u00eatre \u00e9limin\u00e9 comme un d\u00e9chet m\u00e9dical apr\u00e8s utilisation Ce produit doit \u00e9viter tout contact avec des acides, des produits chimiques alcalins et des objets tranchants, collision S&rsquo;il est cass\u00e9, ne continuez pas \u00e0 l&rsquo;utiliser.<\/li>\n<\/ul>\n<p>&nbsp;<\/p>\n","protected":false},"excerpt":{"rendered":"<ul>\n<li>Les blouses de laboratoire jetables sont fabriqu\u00e9es dans un tissu non tiss\u00e9 en polypropyl\u00e8ne antistatique et r\u00e9sistant aux \u00e9claboussures, 100 % sans latex. Elles sont l\u00e9g\u00e8res mais r\u00e9sistantes, ce qui permet de les porter heure apr\u00e8s heure et d&rsquo;assurer leur confort.<\/li>\n<li>Largement utilis\u00e9 dans les applications industrielles g\u00e9n\u00e9rales et dans la vie quotidienne. Parfait pour les projets scientifiques en laboratoire ou \u00e0 l&rsquo;universit\u00e9, l&rsquo;entretien g\u00e9n\u00e9ral, la transformation des aliments, la restauration, la peinture et le nettoyage, etc.<\/li>\n<\/ul>\n<h4>Caract\u00e9ristiques<\/h4>\n<p>Mat\u00e9riau : Spunbond, SMS, PP+PE<\/p>\n<p>Taille : S, M, L, XL, XXL, 3XL, 4XL<\/p>\n<p>Couleur:Blanc, Bleu, Bleu fonc\u00e9<\/p>\n<p>Type : avec col, poignets \u00e9lastiques\/tricot\u00e9s, fermeture velcro.<\/p>\n<p>Emballage : 10 pi\u00e8ces\/sac, 10 sacs\/carton<\/p>\n<p>&nbsp;<\/p>\n<p>&nbsp;<\/p>\n","protected":false},"featured_media":3434,"template":"","meta":{"site-sidebar-layout":"default","site-content-layout":"default","ast-site-content-layout":"default","site-content-style":"default","site-sidebar-style":"default","ast-global-header-display":"","ast-banner-title-visibility":"","ast-main-header-display":"","ast-hfb-above-header-display":"","ast-hfb-below-header-display":"","ast-hfb-mobile-header-display":"","site-post-title":"","ast-breadcrumbs-content":"","ast-featured-img":"","footer-sml-layout":"","ast-disable-related-posts":"","theme-transparent-header-meta":"default","adv-header-id-meta":"","stick-header-meta":"","header-above-stick-meta":"","header-main-stick-meta":"","header-below-stick-meta":"","astra-migrate-meta-layouts":"default","ast-page-background-enabled":"default","ast-page-background-meta":{"desktop":{"background-color":"","background-image":"","background-repeat":"repeat","background-position":"center center","background-size":"auto","background-attachment":"scroll","background-type":"","background-media":"","overlay-type":"","overlay-color":"","overlay-opacity":"","overlay-gradient":""},"tablet":{"background-color":"","background-image":"","background-repeat":"repeat","background-position":"center center","background-size":"auto","background-attachment":"scroll","background-type":"","background-media":"","overlay-type":"","overlay-color":"","overlay-opacity":"","overlay-gradient":""},"mobile":{"background-color":"","background-image":"","background-repeat":"repeat","background-position":"center center","background-size":"auto","background-attachment":"scroll","background-type":"","background-media":"","overlay-type":"","overlay-color":"","overlay-opacity":"","overlay-gradient":""}},"ast-content-background-meta":{"desktop":{"background-color":"var(--ast-global-color-5)","background-image":"","background-repeat":"repeat","background-position":"center center","background-size":"auto","background-attachment":"scroll","background-type":"","background-media":"","overlay-type":"","overlay-color":"","overlay-opacity":"","overlay-gradient":""},"tablet":{"background-color":"var(--ast-global-color-5)","background-image":"","background-repeat":"repeat","background-position":"center center","background-size":"auto","background-attachment":"scroll","background-type":"","background-media":"","overlay-type":"","overlay-color":"","overlay-opacity":"","overlay-gradient":""},"mobile":{"background-color":"var(--ast-global-color-5)","background-image":"","background-repeat":"repeat","background-position":"center center","background-size":"auto","background-attachment":"scroll","background-type":"","background-media":"","overlay-type":"","overlay-color":"","overlay-opacity":"","overlay-gradient":""}}},"product_brand":[],"product_cat":[88],"product_tag":[],"class_list":{"0":"post-3780","1":"product","2":"type-product","3":"status-publish","4":"has-post-thumbnail","6":"product_cat-blouses-de-protection","7":"desktop-align-center","8":"tablet-align-left","9":"mobile-align-left","11":"first","12":"instock","13":"shipping-taxable","14":"product-type-simple"},"_links":{"self":[{"href":"https:\/\/medposnonwoven.com\/fr\/wp-json\/wp\/v2\/product\/3780","targetHints":{"allow":["GET"]}}],"collection":[{"href":"https:\/\/medposnonwoven.com\/fr\/wp-json\/wp\/v2\/product"}],"about":[{"href":"https:\/\/medposnonwoven.com\/fr\/wp-json\/wp\/v2\/types\/product"}],"wp:featuredmedia":[{"embeddable":true,"href":"https:\/\/medposnonwoven.com\/fr\/wp-json\/wp\/v2\/media\/3434"}],"wp:attachment":[{"href":"https:\/\/medposnonwoven.com\/fr\/wp-json\/wp\/v2\/media?parent=3780"}],"wp:term":[{"taxonomy":"product_brand","embeddable":true,"href":"https:\/\/medposnonwoven.com\/fr\/wp-json\/wp\/v2\/product_brand?post=3780"},{"taxonomy":"product_cat","embeddable":true,"href":"https:\/\/medposnonwoven.com\/fr\/wp-json\/wp\/v2\/product_cat?post=3780"},{"taxonomy":"product_tag","embeddable":true,"href":"https:\/\/medposnonwoven.com\/fr\/wp-json\/wp\/v2\/product_tag?post=3780"}],"curies":[{"name":"wp","href":"https:\/\/api.w.org\/{rel}","templated":true}]}}