{"id":3781,"date":"2023-01-07T15:44:39","date_gmt":"2023-01-07T15:44:39","guid":{"rendered":"https:\/\/medposnonwoven.com\/product\/couvre-chaussure-jetable-pour-cpe\/"},"modified":"2023-04-16T09:00:57","modified_gmt":"2023-04-16T09:00:57","slug":"couvre-chaussure-jetable-pour-cpe","status":"publish","type":"product","link":"https:\/\/medposnonwoven.com\/fr\/produit\/couvre-chaussure-jetable-pour-cpe\/","title":{"rendered":"Couvre-chaussure jetable pour CPE"},"content":{"rendered":"<ul>\n<li>Les couvre-chaussures jetables sont fabriqu\u00e9s \u00e0 partir de mat\u00e9riaux CPE de haute qualit\u00e9, tr\u00e8s \u00e9pais, robustes et durables, 100 % recyclables. Ils sont \u00e9galement imperm\u00e9ables, antid\u00e9rapants, r\u00e9sistants \u00e0 la d\u00e9chirure et dot\u00e9s d&rsquo;une surface antid\u00e9rapante. Les couvre-chaussures polyvalents conviennent aux chaussures, aux bottes, aux chaussons, aux chaussures de sport ou aux baskets dans de nombreux contextes int\u00e9rieurs et ext\u00e9rieurs, notamment ceux li\u00e9s \u00e0 la famille, aux voyages, aux f\u00eates, aux jardins, aux mus\u00e9es, aux lieux de travail, aux moquettes int\u00e9rieures, aux voitures, etc. Id\u00e9al pour les touristes, les invit\u00e9s, les peintres, les professionnels de la petite enfance, les agents immobiliers et les projets familiaux.<\/li>\n<li>Les couvre-chaussures emp\u00eachent les substances de se r\u00e9pandre dans le b\u00e2timent ou l&rsquo;espace de travail, ce qui pourrait endommager le rev\u00eatement de sol, constituer un risque de chute ou nuire \u00e0 la st\u00e9rilit\u00e9 et \u00e0 la propret\u00e9 des locaux. Les entrepreneurs tels que les \u00e9lectriciens et les plombiers peuvent utiliser des couvre-chaussures jetables pour \u00e9viter la propagation de la salet\u00e9 ordinaire lorsqu&rsquo;ils entrent et sortent de la maison d&rsquo;un client.<\/li>\n<li>De nombreuses professions n\u00e9cessitent des t\u00e2ches susceptibles d&rsquo;exposer les travailleurs \u00e0 des substances qui endommagent ou tachent les chaussures. Les chaussures individuelles restent plus propres car les couvre-chaussures cr\u00e9ent une barri\u00e8re physique entre ces mat\u00e9riaux.<\/li>\n<\/ul>\n<p>&nbsp;<\/p>\n","protected":false},"excerpt":{"rendered":"<ul>\n<li>Par rapport aux couvre-chaussures en LDPE, les couvre-chaussures en CPE pr\u00e9sentent une meilleure r\u00e9sistance aux intemp\u00e9ries, \u00e0 l&rsquo;ozone, aux produits chimiques et au vieillissement, ainsi qu&rsquo;une excellente r\u00e9sistance \u00e0 l&rsquo;huile, un effet retardateur de flamme et une fonction de coloration.<\/li>\n<li>Largement utilis\u00e9 dans les maisons, les h\u00f4tels, l&rsquo;industrie alimentaire, les traitements m\u00e9dicaux, les usines, le nettoyage des laboratoires et d&rsquo;autres endroits concern\u00e9s.<\/li>\n<\/ul>\n<h4>Caract\u00e9ristiques<\/h4>\n<p>Mat\u00e9riau : CPE (poly\u00e9thyl\u00e8ne chlor\u00e9)<\/p>\n<p>Taille : 15*41cm, 16*40cm ou sur mesure<\/p>\n<p>Couleur : bleu, vert ou personnalis\u00e9e<\/p>\n<p>Type:Bracelet \u00e9lastique \u00e0 la cheville, surface gaufr\u00e9e<\/p>\n<p>Emballage : 100pcs\/sac, 20 sacs\/carton<\/p>\n<p>&nbsp;<\/p>\n<p>&nbsp;<\/p>\n","protected":false},"featured_media":3462,"template":"","meta":{"site-sidebar-layout":"default","site-content-layout":"default","ast-site-content-layout":"default","site-content-style":"default","site-sidebar-style":"default","ast-global-header-display":"","ast-banner-title-visibility":"","ast-main-header-display":"","ast-hfb-above-header-display":"","ast-hfb-below-header-display":"","ast-hfb-mobile-header-display":"","site-post-title":"","ast-breadcrumbs-content":"","ast-featured-img":"","footer-sml-layout":"","ast-disable-related-posts":"","theme-transparent-header-meta":"default","adv-header-id-meta":"","stick-header-meta":"","header-above-stick-meta":"","header-main-stick-meta":"","header-below-stick-meta":"","astra-migrate-meta-layouts":"default","ast-page-background-enabled":"default","ast-page-background-meta":{"desktop":{"background-color":"","background-image":"","background-repeat":"repeat","background-position":"center center","background-size":"auto","background-attachment":"scroll","background-type":"","background-media":"","overlay-type":"","overlay-color":"","overlay-opacity":"","overlay-gradient":""},"tablet":{"background-color":"","background-image":"","background-repeat":"repeat","background-position":"center center","background-size":"auto","background-attachment":"scroll","background-type":"","background-media":"","overlay-type":"","overlay-color":"","overlay-opacity":"","overlay-gradient":""},"mobile":{"background-color":"","background-image":"","background-repeat":"repeat","background-position":"center center","background-size":"auto","background-attachment":"scroll","background-type":"","background-media":"","overlay-type":"","overlay-color":"","overlay-opacity":"","overlay-gradient":""}},"ast-content-background-meta":{"desktop":{"background-color":"var(--ast-global-color-5)","background-image":"","background-repeat":"repeat","background-position":"center center","background-size":"auto","background-attachment":"scroll","background-type":"","background-media":"","overlay-type":"","overlay-color":"","overlay-opacity":"","overlay-gradient":""},"tablet":{"background-color":"var(--ast-global-color-5)","background-image":"","background-repeat":"repeat","background-position":"center center","background-size":"auto","background-attachment":"scroll","background-type":"","background-media":"","overlay-type":"","overlay-color":"","overlay-opacity":"","overlay-gradient":""},"mobile":{"background-color":"var(--ast-global-color-5)","background-image":"","background-repeat":"repeat","background-position":"center center","background-size":"auto","background-attachment":"scroll","background-type":"","background-media":"","overlay-type":"","overlay-color":"","overlay-opacity":"","overlay-gradient":""}}},"product_brand":[],"product_cat":[87],"product_tag":[],"class_list":{"0":"post-3781","1":"product","2":"type-product","3":"status-publish","4":"has-post-thumbnail","6":"product_cat-couvre-chaussures-et-couvre-bottes","7":"desktop-align-center","8":"tablet-align-left","9":"mobile-align-left","11":"first","12":"instock","13":"shipping-taxable","14":"product-type-simple"},"_links":{"self":[{"href":"https:\/\/medposnonwoven.com\/fr\/wp-json\/wp\/v2\/product\/3781","targetHints":{"allow":["GET"]}}],"collection":[{"href":"https:\/\/medposnonwoven.com\/fr\/wp-json\/wp\/v2\/product"}],"about":[{"href":"https:\/\/medposnonwoven.com\/fr\/wp-json\/wp\/v2\/types\/product"}],"wp:featuredmedia":[{"embeddable":true,"href":"https:\/\/medposnonwoven.com\/fr\/wp-json\/wp\/v2\/media\/3462"}],"wp:attachment":[{"href":"https:\/\/medposnonwoven.com\/fr\/wp-json\/wp\/v2\/media?parent=3781"}],"wp:term":[{"taxonomy":"product_brand","embeddable":true,"href":"https:\/\/medposnonwoven.com\/fr\/wp-json\/wp\/v2\/product_brand?post=3781"},{"taxonomy":"product_cat","embeddable":true,"href":"https:\/\/medposnonwoven.com\/fr\/wp-json\/wp\/v2\/product_cat?post=3781"},{"taxonomy":"product_tag","embeddable":true,"href":"https:\/\/medposnonwoven.com\/fr\/wp-json\/wp\/v2\/product_tag?post=3781"}],"curies":[{"name":"wp","href":"https:\/\/api.w.org\/{rel}","templated":true}]}}