{"id":3782,"date":"2023-01-05T15:23:58","date_gmt":"2023-01-05T15:23:58","guid":{"rendered":"https:\/\/medposnonwoven.com\/product\/tablier-en-plastique-jetable\/"},"modified":"2023-04-16T09:09:06","modified_gmt":"2023-04-16T09:09:06","slug":"tablier-en-plastique-jetable","status":"publish","type":"product","link":"https:\/\/medposnonwoven.com\/fr\/produit\/tablier-en-plastique-jetable\/","title":{"rendered":"Tablier en plastique jetable"},"content":{"rendered":"<ul>\n<li>Les tabliers en plastique jetables sont de plus en plus utilis\u00e9s en raison de leur commodit\u00e9 et de leur prix abordable, avec le d\u00e9veloppement rapide de la technologie et des industries pharmaceutiques et de la restauration dans le monde entier. Les tabliers en plastique jetables peuvent \u00eatre divis\u00e9s en tabliers en plastique poly\u00e9thyl\u00e8ne (PE) et en tabliers en plastique polychlorure de vinyle (PVC) en fonction de leur mat\u00e9riau, mais il existe \u00e9galement d&rsquo;autres mat\u00e9riaux. Les tabliers jetables en poly\u00e9thyl\u00e8ne (PE) sont l\u00e9gers, imperm\u00e9ables et disponibles dans une large gamme de tailles. Ces tabliers sont r\u00e9sistants aux liquides, aux graisses et aux taches d&rsquo;huile et sont couramment utilis\u00e9s dans l&rsquo;industrie alimentaire, la restauration, la boulangerie et les applications pharmaceutiques. Les tabliers jetables en plastique de chlorure de polyvinyle (PVC) sont durables et peuvent \u00eatre nettoy\u00e9s avec des lingettes humides. Ce produit est g\u00e9n\u00e9ralement r\u00e9glable en longueur pour s&rsquo;adapter aux diff\u00e9rentes morphologies ; il est r\u00e9sistant \u00e0 l&rsquo;eau, \u00e0 la graisse, \u00e0 la corrosion et \u00e0 la poussi\u00e8re et convient \u00e0 un usage commercial et professionnel, notamment pour les menuisiers, les coiffeurs, les peintres, les chefs cuisiniers, les serveurs, etc. En outre, certains produits sont dot\u00e9s de poches pour transporter des objets, ce qui les rend encore plus pratiques. Actuellement, les tabliers en plastique poly\u00e9thyl\u00e8ne sont les plus utilis\u00e9s.<\/li>\n<\/ul>\n<p>&nbsp;<\/p>\n","protected":false},"excerpt":{"rendered":"<ul>\n<li>Le tablier jetable cr\u00e9e une barri\u00e8re fiable entre vos v\u00eatements et votre environnement de travail. Notre tablier bleu en plastique imperm\u00e9able remplacera avantageusement les uniformes co\u00fbteux.<\/li>\n<li>Largement utilis\u00e9 dans la restauration, la transformation de la viande, la cuisine, la manipulation des aliments, les salles blanches, le jardinage et l&rsquo;imprimerie.<\/li>\n<\/ul>\n<h4>Caract\u00e9ristiques<\/h4>\n<p>Mat\u00e9riau : Poly\u00e9thyl\u00e8ne HDPE ou LDPE<\/p>\n<p>Taille:27\u00d742\u2033(69x107cm), 28\u00d746\u2033(71x117cm), 32\u2033x49\u2033(80x125cm)<\/p>\n<p>Couleur:Bleu, Blanc<\/p>\n<p>Type:Forme monobloc, avec attaches \u00e0 l&rsquo;arri\u00e8re, surface gaufr\u00e9e ou lisse<\/p>\n<p>Emballage : 100 pi\u00e8ces\/sac, 10 sacs\/carton<\/p>\n<p>&nbsp;<\/p>\n<p>&nbsp;<\/p>\n","protected":false},"featured_media":3445,"template":"","meta":{"site-sidebar-layout":"default","site-content-layout":"default","ast-site-content-layout":"default","site-content-style":"default","site-sidebar-style":"default","ast-global-header-display":"","ast-banner-title-visibility":"","ast-main-header-display":"","ast-hfb-above-header-display":"","ast-hfb-below-header-display":"","ast-hfb-mobile-header-display":"","site-post-title":"","ast-breadcrumbs-content":"","ast-featured-img":"","footer-sml-layout":"","ast-disable-related-posts":"","theme-transparent-header-meta":"default","adv-header-id-meta":"","stick-header-meta":"","header-above-stick-meta":"","header-main-stick-meta":"","header-below-stick-meta":"","astra-migrate-meta-layouts":"default","ast-page-background-enabled":"default","ast-page-background-meta":{"desktop":{"background-color":"","background-image":"","background-repeat":"repeat","background-position":"center center","background-size":"auto","background-attachment":"scroll","background-type":"","background-media":"","overlay-type":"","overlay-color":"","overlay-opacity":"","overlay-gradient":""},"tablet":{"background-color":"","background-image":"","background-repeat":"repeat","background-position":"center center","background-size":"auto","background-attachment":"scroll","background-type":"","background-media":"","overlay-type":"","overlay-color":"","overlay-opacity":"","overlay-gradient":""},"mobile":{"background-color":"","background-image":"","background-repeat":"repeat","background-position":"center center","background-size":"auto","background-attachment":"scroll","background-type":"","background-media":"","overlay-type":"","overlay-color":"","overlay-opacity":"","overlay-gradient":""}},"ast-content-background-meta":{"desktop":{"background-color":"var(--ast-global-color-5)","background-image":"","background-repeat":"repeat","background-position":"center center","background-size":"auto","background-attachment":"scroll","background-type":"","background-media":"","overlay-type":"","overlay-color":"","overlay-opacity":"","overlay-gradient":""},"tablet":{"background-color":"var(--ast-global-color-5)","background-image":"","background-repeat":"repeat","background-position":"center center","background-size":"auto","background-attachment":"scroll","background-type":"","background-media":"","overlay-type":"","overlay-color":"","overlay-opacity":"","overlay-gradient":""},"mobile":{"background-color":"var(--ast-global-color-5)","background-image":"","background-repeat":"repeat","background-position":"center center","background-size":"auto","background-attachment":"scroll","background-type":"","background-media":"","overlay-type":"","overlay-color":"","overlay-opacity":"","overlay-gradient":""}}},"product_brand":[],"product_cat":[86],"product_tag":[],"class_list":{"0":"post-3782","1":"product","2":"type-product","3":"status-publish","4":"has-post-thumbnail","6":"product_cat-tabliers-jetables","7":"desktop-align-center","8":"tablet-align-left","9":"mobile-align-left","11":"first","12":"instock","13":"shipping-taxable","14":"product-type-simple"},"_links":{"self":[{"href":"https:\/\/medposnonwoven.com\/fr\/wp-json\/wp\/v2\/product\/3782","targetHints":{"allow":["GET"]}}],"collection":[{"href":"https:\/\/medposnonwoven.com\/fr\/wp-json\/wp\/v2\/product"}],"about":[{"href":"https:\/\/medposnonwoven.com\/fr\/wp-json\/wp\/v2\/types\/product"}],"wp:featuredmedia":[{"embeddable":true,"href":"https:\/\/medposnonwoven.com\/fr\/wp-json\/wp\/v2\/media\/3445"}],"wp:attachment":[{"href":"https:\/\/medposnonwoven.com\/fr\/wp-json\/wp\/v2\/media?parent=3782"}],"wp:term":[{"taxonomy":"product_brand","embeddable":true,"href":"https:\/\/medposnonwoven.com\/fr\/wp-json\/wp\/v2\/product_brand?post=3782"},{"taxonomy":"product_cat","embeddable":true,"href":"https:\/\/medposnonwoven.com\/fr\/wp-json\/wp\/v2\/product_cat?post=3782"},{"taxonomy":"product_tag","embeddable":true,"href":"https:\/\/medposnonwoven.com\/fr\/wp-json\/wp\/v2\/product_tag?post=3782"}],"curies":[{"name":"wp","href":"https:\/\/api.w.org\/{rel}","templated":true}]}}