{"id":3783,"date":"2023-01-10T16:12:24","date_gmt":"2023-01-10T16:12:24","guid":{"rendered":"https:\/\/medposnonwoven.com\/product\/couvre-bottes-jetables-non-tisses\/"},"modified":"2023-04-16T08:54:40","modified_gmt":"2023-04-16T08:54:40","slug":"couvre-bottes-jetables-non-tisses","status":"publish","type":"product","link":"https:\/\/medposnonwoven.com\/fr\/produit\/couvre-bottes-jetables-non-tisses\/","title":{"rendered":"Couvre-bottes jetables non tiss\u00e9s"},"content":{"rendered":"<ul>\n<li>Les couvre-bottes jetables constituent une solution pratique et hygi\u00e9nique pour les consommateurs \u00e0 la recherche de chaussures confortables et \u00e9l\u00e9gantes, car ils sont fabriqu\u00e9s dans des mat\u00e9riaux l\u00e9gers et imperm\u00e9ables, tels que des textiles non tiss\u00e9s. De conception simple, elles sont dot\u00e9es d&rsquo;une bande \u00e9lastique \u00e0 la cheville pour un ajustement s\u00fbr et un style \u00e0 enfiler.<\/li>\n<li>Pour le personnel travaillant dans les h\u00f4pitaux, les usines et d&rsquo;autres lieux o\u00f9 un niveau \u00e9lev\u00e9 d&rsquo;hygi\u00e8ne est n\u00e9cessaire, le choix de couvre-bottes jetables n&rsquo;est pas une mauvaise id\u00e9e. Ils vous prot\u00e8gent parfaitement de la boue et d&rsquo;autres \u00e9l\u00e9ments dangereux gr\u00e2ce \u00e0 une couche suppl\u00e9mentaire. ce qui en fait un bon choix pour les personnes qui travaillent \u00e0 l&rsquo;ext\u00e9rieur. Si vous souhaitez garder vos chaussures propres, vous pouvez choisir des couvre-bottes jetables, disponibles dans une grande vari\u00e9t\u00e9 de tailles et de couleurs. Ils sont rentables, faciles \u00e0 stocker et \u00e0 utiliser.<\/li>\n<\/ul>\n<p>&nbsp;<\/p>\n","protected":false},"excerpt":{"rendered":"<ul>\n<li>Les chaussons jetables sont fabriqu\u00e9s \u00e0 partir d&rsquo;un tissu non tiss\u00e9 en polypropyl\u00e8ne de haute qualit\u00e9. Contrairement \u00e0 d&rsquo;autres couvre-pieds en plastique, le tissu du couvre-chaussures imperm\u00e9able est r\u00e9sistant aux d\u00e9chirures et ne rouille pas.<\/li>\n<li>Largement utilis\u00e9 dans les maisons, les h\u00f4tels, l&rsquo;industrie alimentaire, les traitements m\u00e9dicaux, les usines, le nettoyage des laboratoires et d&rsquo;autres endroits concern\u00e9s.<\/li>\n<\/ul>\n<h4>Caract\u00e9ristiques<\/h4>\n<p>Mat\u00e9riau : Tissu non tiss\u00e9 en polypropyl\u00e8ne<\/p>\n<p>Taille : 42x39cm, 40x50cm ou sur mesure<\/p>\n<p>Couleur:Blanc, Bleu<\/p>\n<p>Type:Haut \u00e9lastique, avec deux liens, avec ou sans semelle antid\u00e9rapante<\/p>\n<p>Emballage : 100pcs\/sac, 10 sacs\/carton<\/p>\n<p>&nbsp;<\/p>\n<p>&nbsp;<\/p>\n","protected":false},"featured_media":3473,"template":"","meta":{"site-sidebar-layout":"default","site-content-layout":"default","ast-site-content-layout":"default","site-content-style":"default","site-sidebar-style":"default","ast-global-header-display":"","ast-banner-title-visibility":"","ast-main-header-display":"","ast-hfb-above-header-display":"","ast-hfb-below-header-display":"","ast-hfb-mobile-header-display":"","site-post-title":"","ast-breadcrumbs-content":"","ast-featured-img":"","footer-sml-layout":"","ast-disable-related-posts":"","theme-transparent-header-meta":"default","adv-header-id-meta":"","stick-header-meta":"","header-above-stick-meta":"","header-main-stick-meta":"","header-below-stick-meta":"","astra-migrate-meta-layouts":"default","ast-page-background-enabled":"default","ast-page-background-meta":{"desktop":{"background-color":"","background-image":"","background-repeat":"repeat","background-position":"center center","background-size":"auto","background-attachment":"scroll","background-type":"","background-media":"","overlay-type":"","overlay-color":"","overlay-opacity":"","overlay-gradient":""},"tablet":{"background-color":"","background-image":"","background-repeat":"repeat","background-position":"center center","background-size":"auto","background-attachment":"scroll","background-type":"","background-media":"","overlay-type":"","overlay-color":"","overlay-opacity":"","overlay-gradient":""},"mobile":{"background-color":"","background-image":"","background-repeat":"repeat","background-position":"center center","background-size":"auto","background-attachment":"scroll","background-type":"","background-media":"","overlay-type":"","overlay-color":"","overlay-opacity":"","overlay-gradient":""}},"ast-content-background-meta":{"desktop":{"background-color":"var(--ast-global-color-5)","background-image":"","background-repeat":"repeat","background-position":"center center","background-size":"auto","background-attachment":"scroll","background-type":"","background-media":"","overlay-type":"","overlay-color":"","overlay-opacity":"","overlay-gradient":""},"tablet":{"background-color":"var(--ast-global-color-5)","background-image":"","background-repeat":"repeat","background-position":"center center","background-size":"auto","background-attachment":"scroll","background-type":"","background-media":"","overlay-type":"","overlay-color":"","overlay-opacity":"","overlay-gradient":""},"mobile":{"background-color":"var(--ast-global-color-5)","background-image":"","background-repeat":"repeat","background-position":"center center","background-size":"auto","background-attachment":"scroll","background-type":"","background-media":"","overlay-type":"","overlay-color":"","overlay-opacity":"","overlay-gradient":""}}},"product_brand":[],"product_cat":[87],"product_tag":[],"class_list":{"0":"post-3783","1":"product","2":"type-product","3":"status-publish","4":"has-post-thumbnail","6":"product_cat-couvre-chaussures-et-couvre-bottes","7":"desktop-align-center","8":"tablet-align-left","9":"mobile-align-left","11":"first","12":"instock","13":"shipping-taxable","14":"product-type-simple"},"_links":{"self":[{"href":"https:\/\/medposnonwoven.com\/fr\/wp-json\/wp\/v2\/product\/3783","targetHints":{"allow":["GET"]}}],"collection":[{"href":"https:\/\/medposnonwoven.com\/fr\/wp-json\/wp\/v2\/product"}],"about":[{"href":"https:\/\/medposnonwoven.com\/fr\/wp-json\/wp\/v2\/types\/product"}],"wp:featuredmedia":[{"embeddable":true,"href":"https:\/\/medposnonwoven.com\/fr\/wp-json\/wp\/v2\/media\/3473"}],"wp:attachment":[{"href":"https:\/\/medposnonwoven.com\/fr\/wp-json\/wp\/v2\/media?parent=3783"}],"wp:term":[{"taxonomy":"product_brand","embeddable":true,"href":"https:\/\/medposnonwoven.com\/fr\/wp-json\/wp\/v2\/product_brand?post=3783"},{"taxonomy":"product_cat","embeddable":true,"href":"https:\/\/medposnonwoven.com\/fr\/wp-json\/wp\/v2\/product_cat?post=3783"},{"taxonomy":"product_tag","embeddable":true,"href":"https:\/\/medposnonwoven.com\/fr\/wp-json\/wp\/v2\/product_tag?post=3783"}],"curies":[{"name":"wp","href":"https:\/\/api.w.org\/{rel}","templated":true}]}}