{"id":3784,"date":"2023-01-03T15:57:21","date_gmt":"2023-01-03T15:57:21","guid":{"rendered":"https:\/\/medposnonwoven.com\/product\/combinaison-microporeuse-pppe\/"},"modified":"2023-04-16T09:14:01","modified_gmt":"2023-04-16T09:14:01","slug":"combinaison-microporeuse-pppe","status":"publish","type":"product","link":"https:\/\/medposnonwoven.com\/fr\/produit\/combinaison-microporeuse-pppe\/","title":{"rendered":"Combinaison microporeuse PP+PE"},"content":{"rendered":"<ul>\n<li>La combinaison microporeuse est con\u00e7ue de mani\u00e8re unique avec deux mat\u00e9riaux, une couche int\u00e9rieure en polypropyl\u00e8ne non tiss\u00e9 fil\u00e9-li\u00e9 et une couche ext\u00e9rieure en film microporeux. Adapt\u00e9 \u00e0 l&rsquo;utilisation en zone dangereuse, il peut emp\u00eacher efficacement la poussi\u00e8re, les particules nocives et les liquides chimiques \u00e0 faible risque d&rsquo;\u00eatre pulv\u00e9ris\u00e9s de fa\u00e7on limit\u00e9e.<\/li>\n<li>Caract\u00e9ristique :<br \/>\n1. excellente barri\u00e8re chimique frontale sans chute de fibres. L&rsquo;ensemble du manteau est constitu\u00e9 d&rsquo;un film respirant qui peut bloquer les liquides acides et corrosifs tout en permettant une p\u00e9n\u00e9tration de l&rsquo;air dans des conditions de grand confort.<br \/>\n2. mat\u00e9riau de protection antistatique convenant \u00e0 l&rsquo;\u00e9lectronique et \u00e0 d&rsquo;autres domaines n\u00e9cessitant un contr\u00f4le de l&rsquo;\u00e9lectricit\u00e9 statique<br \/>\n3. Capuche, taille, poignet et cheville \u00e9lastiques, faciles \u00e0 porter et \u00e0 bouger.<br \/>\n4. fermeture \u00e0 glissi\u00e8re, large couverture, protection multicouche plate sur le rabat, permettant de porter le produit \u00e0 l&rsquo;avant.<br \/>\n5. peut \u00eatre utilis\u00e9 en conjonction avec d&rsquo;autres \u00e9quipements de protection individuelle pour am\u00e9liorer consid\u00e9rablement la s\u00e9curit\u00e9.<\/li>\n<\/ul>\n<p>&nbsp;<\/p>\n","protected":false},"excerpt":{"rendered":"<ul>\n<li>Les combinaisons jetables sont fabriqu\u00e9es en tissu non tiss\u00e9 100 % r\u00e9sistant aux fluides, ce qui leur conf\u00e8re une durabilit\u00e9 parfaite tout en \u00e9tant suffisamment l\u00e9g\u00e8res et respirantes pour \u00eatre confortables.<\/li>\n<li>Largement utilis\u00e9 pour le jardinage, la peinture, la pulv\u00e9risation, la fabrication, le nettoyage, l&rsquo;entretien des v\u00e9hicules et des machines ou pour les travaux de jardinage.<\/li>\n<\/ul>\n<h4>Caract\u00e9ristiques<\/h4>\n<p>Mat\u00e9riau : Polypropyl\u00e8ne + film respirant microporeux<\/p>\n<p>Taille : S, M, L, XL, XXL, 3XL, 4XL<\/p>\n<p>Couleur:Blanc, Bleu, Bleu fonc\u00e9<\/p>\n<p>Type:Avec capuche, poignets \u00e9lastiques et fermeture \u00e9clair sur le devant.<\/p>\n<p>Emballage : 1 pi\u00e8ce\/sac, 50 sacs\/carton<\/p>\n<p>&nbsp;<\/p>\n<p>&nbsp;<\/p>\n","protected":false},"featured_media":3426,"template":"","meta":{"site-sidebar-layout":"default","site-content-layout":"default","ast-site-content-layout":"default","site-content-style":"default","site-sidebar-style":"default","ast-global-header-display":"","ast-banner-title-visibility":"","ast-main-header-display":"","ast-hfb-above-header-display":"","ast-hfb-below-header-display":"","ast-hfb-mobile-header-display":"","site-post-title":"","ast-breadcrumbs-content":"","ast-featured-img":"","footer-sml-layout":"","ast-disable-related-posts":"","theme-transparent-header-meta":"default","adv-header-id-meta":"","stick-header-meta":"","header-above-stick-meta":"","header-main-stick-meta":"","header-below-stick-meta":"","astra-migrate-meta-layouts":"default","ast-page-background-enabled":"default","ast-page-background-meta":{"desktop":{"background-color":"","background-image":"","background-repeat":"repeat","background-position":"center center","background-size":"auto","background-attachment":"scroll","background-type":"","background-media":"","overlay-type":"","overlay-color":"","overlay-opacity":"","overlay-gradient":""},"tablet":{"background-color":"","background-image":"","background-repeat":"repeat","background-position":"center center","background-size":"auto","background-attachment":"scroll","background-type":"","background-media":"","overlay-type":"","overlay-color":"","overlay-opacity":"","overlay-gradient":""},"mobile":{"background-color":"","background-image":"","background-repeat":"repeat","background-position":"center center","background-size":"auto","background-attachment":"scroll","background-type":"","background-media":"","overlay-type":"","overlay-color":"","overlay-opacity":"","overlay-gradient":""}},"ast-content-background-meta":{"desktop":{"background-color":"var(--ast-global-color-5)","background-image":"","background-repeat":"repeat","background-position":"center center","background-size":"auto","background-attachment":"scroll","background-type":"","background-media":"","overlay-type":"","overlay-color":"","overlay-opacity":"","overlay-gradient":""},"tablet":{"background-color":"var(--ast-global-color-5)","background-image":"","background-repeat":"repeat","background-position":"center center","background-size":"auto","background-attachment":"scroll","background-type":"","background-media":"","overlay-type":"","overlay-color":"","overlay-opacity":"","overlay-gradient":""},"mobile":{"background-color":"var(--ast-global-color-5)","background-image":"","background-repeat":"repeat","background-position":"center center","background-size":"auto","background-attachment":"scroll","background-type":"","background-media":"","overlay-type":"","overlay-color":"","overlay-opacity":"","overlay-gradient":""}}},"product_brand":[],"product_cat":[88],"product_tag":[],"class_list":{"0":"post-3784","1":"product","2":"type-product","3":"status-publish","4":"has-post-thumbnail","6":"product_cat-blouses-de-protection","7":"desktop-align-center","8":"tablet-align-left","9":"mobile-align-left","11":"first","12":"instock","13":"shipping-taxable","14":"product-type-simple"},"_links":{"self":[{"href":"https:\/\/medposnonwoven.com\/fr\/wp-json\/wp\/v2\/product\/3784","targetHints":{"allow":["GET"]}}],"collection":[{"href":"https:\/\/medposnonwoven.com\/fr\/wp-json\/wp\/v2\/product"}],"about":[{"href":"https:\/\/medposnonwoven.com\/fr\/wp-json\/wp\/v2\/types\/product"}],"wp:featuredmedia":[{"embeddable":true,"href":"https:\/\/medposnonwoven.com\/fr\/wp-json\/wp\/v2\/media\/3426"}],"wp:attachment":[{"href":"https:\/\/medposnonwoven.com\/fr\/wp-json\/wp\/v2\/media?parent=3784"}],"wp:term":[{"taxonomy":"product_brand","embeddable":true,"href":"https:\/\/medposnonwoven.com\/fr\/wp-json\/wp\/v2\/product_brand?post=3784"},{"taxonomy":"product_cat","embeddable":true,"href":"https:\/\/medposnonwoven.com\/fr\/wp-json\/wp\/v2\/product_cat?post=3784"},{"taxonomy":"product_tag","embeddable":true,"href":"https:\/\/medposnonwoven.com\/fr\/wp-json\/wp\/v2\/product_tag?post=3784"}],"curies":[{"name":"wp","href":"https:\/\/api.w.org\/{rel}","templated":true}]}}