{"id":3786,"date":"2023-01-10T15:43:33","date_gmt":"2023-01-10T15:43:33","guid":{"rendered":"https:\/\/medposnonwoven.com\/product\/couvre-chaussures-antiderapants-pppe\/"},"modified":"2023-04-16T08:55:25","modified_gmt":"2023-04-16T08:55:25","slug":"couvre-chaussures-antiderapants-pppe","status":"publish","type":"product","link":"https:\/\/medposnonwoven.com\/fr\/produit\/couvre-chaussures-antiderapants-pppe\/","title":{"rendered":"Couvre-chaussures antid\u00e9rapants PP+PE"},"content":{"rendered":"<ul>\n<li>Les couvre-chaussures jetables peuvent \u00eatre jet\u00e9s apr\u00e8s usage. Cela permet de r\u00e9duire consid\u00e9rablement le risque de contamination crois\u00e9e et d&rsquo;\u00e9viter que les travailleurs de la sant\u00e9 ne r\u00e9pandent des contaminants potentiels dans d&rsquo;autres zones.<\/li>\n<li>Les couvre-chaussures emp\u00eachent les substances de se r\u00e9pandre dans le b\u00e2timent ou l&rsquo;espace de travail, ce qui pourrait endommager le rev\u00eatement de sol, constituer un risque de chute ou nuire \u00e0 la st\u00e9rilit\u00e9 et \u00e0 la propret\u00e9 des locaux. Les entrepreneurs tels que les \u00e9lectriciens et les plombiers peuvent utiliser des couvre-chaussures jetables pour \u00e9viter la propagation de la salet\u00e9 ordinaire lorsqu&rsquo;ils entrent et sortent de la maison d&rsquo;un client.<\/li>\n<li>De nombreuses professions n\u00e9cessitent des t\u00e2ches susceptibles d&rsquo;exposer les travailleurs \u00e0 des substances qui endommagent ou tachent les chaussures. Les chaussures individuelles restent plus propres car les couvre-chaussures cr\u00e9ent une barri\u00e8re physique entre ces mat\u00e9riaux.<\/li>\n<\/ul>\n","protected":false},"excerpt":{"rendered":"<ul>\n<li>Afin de produire des couvre-chaussures jetables imperm\u00e9ables et antid\u00e9rapants. Nous avons d\u00e9velopp\u00e9 le concept HYBRID, une double couche qui combine des semelles non tiss\u00e9es avec un mat\u00e9riau plastique antid\u00e9rapant.<\/li>\n<li>Largement utilis\u00e9 dans les maisons, les h\u00f4tels, l&rsquo;industrie alimentaire, les traitements m\u00e9dicaux, les usines, le nettoyage des laboratoires et d&rsquo;autres endroits concern\u00e9s.<\/li>\n<\/ul>\n<h4>Caract\u00e9ristiques<\/h4>\n<p>Mat\u00e9riau : PP+PE rev\u00eatu<\/p>\n<p>Taille : 16\u00d740, 17x41cm, 17x42cm<\/p>\n<p>Couleur:Dessus PP blanc + semelle CPE bleue<\/p>\n<p>Type:Bracelet \u00e9lastique pour la cheville, surface gaufr\u00e9e<\/p>\n<p>Emballage : 100pcs\/sac, 10 sacs\/carton<\/p>\n<p>&nbsp;<\/p>\n","protected":false},"featured_media":3470,"template":"","meta":{"site-sidebar-layout":"default","site-content-layout":"default","ast-site-content-layout":"default","site-content-style":"default","site-sidebar-style":"default","ast-global-header-display":"","ast-banner-title-visibility":"","ast-main-header-display":"","ast-hfb-above-header-display":"","ast-hfb-below-header-display":"","ast-hfb-mobile-header-display":"","site-post-title":"","ast-breadcrumbs-content":"","ast-featured-img":"","footer-sml-layout":"","ast-disable-related-posts":"","theme-transparent-header-meta":"default","adv-header-id-meta":"","stick-header-meta":"","header-above-stick-meta":"","header-main-stick-meta":"","header-below-stick-meta":"","astra-migrate-meta-layouts":"default","ast-page-background-enabled":"default","ast-page-background-meta":{"desktop":{"background-color":"","background-image":"","background-repeat":"repeat","background-position":"center center","background-size":"auto","background-attachment":"scroll","background-type":"","background-media":"","overlay-type":"","overlay-color":"","overlay-opacity":"","overlay-gradient":""},"tablet":{"background-color":"","background-image":"","background-repeat":"repeat","background-position":"center center","background-size":"auto","background-attachment":"scroll","background-type":"","background-media":"","overlay-type":"","overlay-color":"","overlay-opacity":"","overlay-gradient":""},"mobile":{"background-color":"","background-image":"","background-repeat":"repeat","background-position":"center center","background-size":"auto","background-attachment":"scroll","background-type":"","background-media":"","overlay-type":"","overlay-color":"","overlay-opacity":"","overlay-gradient":""}},"ast-content-background-meta":{"desktop":{"background-color":"var(--ast-global-color-5)","background-image":"","background-repeat":"repeat","background-position":"center center","background-size":"auto","background-attachment":"scroll","background-type":"","background-media":"","overlay-type":"","overlay-color":"","overlay-opacity":"","overlay-gradient":""},"tablet":{"background-color":"var(--ast-global-color-5)","background-image":"","background-repeat":"repeat","background-position":"center center","background-size":"auto","background-attachment":"scroll","background-type":"","background-media":"","overlay-type":"","overlay-color":"","overlay-opacity":"","overlay-gradient":""},"mobile":{"background-color":"var(--ast-global-color-5)","background-image":"","background-repeat":"repeat","background-position":"center center","background-size":"auto","background-attachment":"scroll","background-type":"","background-media":"","overlay-type":"","overlay-color":"","overlay-opacity":"","overlay-gradient":""}}},"product_brand":[],"product_cat":[87],"product_tag":[],"class_list":{"0":"post-3786","1":"product","2":"type-product","3":"status-publish","4":"has-post-thumbnail","6":"product_cat-couvre-chaussures-et-couvre-bottes","7":"desktop-align-center","8":"tablet-align-left","9":"mobile-align-left","11":"first","12":"instock","13":"shipping-taxable","14":"product-type-simple"},"_links":{"self":[{"href":"https:\/\/medposnonwoven.com\/fr\/wp-json\/wp\/v2\/product\/3786","targetHints":{"allow":["GET"]}}],"collection":[{"href":"https:\/\/medposnonwoven.com\/fr\/wp-json\/wp\/v2\/product"}],"about":[{"href":"https:\/\/medposnonwoven.com\/fr\/wp-json\/wp\/v2\/types\/product"}],"wp:featuredmedia":[{"embeddable":true,"href":"https:\/\/medposnonwoven.com\/fr\/wp-json\/wp\/v2\/media\/3470"}],"wp:attachment":[{"href":"https:\/\/medposnonwoven.com\/fr\/wp-json\/wp\/v2\/media?parent=3786"}],"wp:term":[{"taxonomy":"product_brand","embeddable":true,"href":"https:\/\/medposnonwoven.com\/fr\/wp-json\/wp\/v2\/product_brand?post=3786"},{"taxonomy":"product_cat","embeddable":true,"href":"https:\/\/medposnonwoven.com\/fr\/wp-json\/wp\/v2\/product_cat?post=3786"},{"taxonomy":"product_tag","embeddable":true,"href":"https:\/\/medposnonwoven.com\/fr\/wp-json\/wp\/v2\/product_tag?post=3786"}],"curies":[{"name":"wp","href":"https:\/\/api.w.org\/{rel}","templated":true}]}}