{"id":3787,"date":"2023-01-04T16:03:51","date_gmt":"2023-01-04T16:03:51","guid":{"rendered":"https:\/\/medposnonwoven.com\/product\/combinaisons-de-deshabillage-jetables\/"},"modified":"2023-04-16T09:09:42","modified_gmt":"2023-04-16T09:09:42","slug":"combinaisons-de-deshabillage-jetables","status":"publish","type":"product","link":"https:\/\/medposnonwoven.com\/fr\/produit\/combinaisons-de-deshabillage-jetables\/","title":{"rendered":"Combinaisons de d\u00e9shabillage jetables"},"content":{"rendered":"<ul>\n<li>Combinaisons jetables destin\u00e9es \u00e0 un usage unique et g\u00e9n\u00e9ralement port\u00e9es par les infirmi\u00e8res, les chirurgiens et d&rsquo;autres membres du personnel m\u00e9dical pendant les proc\u00e9dures m\u00e9dicales. Les combinaisons de lavage jetables sont g\u00e9n\u00e9ralement compos\u00e9es d&rsquo;une ou deux pi\u00e8ces, une combinaison compl\u00e8te ou une chemise et un pantalon, et sont g\u00e9n\u00e9ralement fabriqu\u00e9es \u00e0 partir de papier non tiss\u00e9 ou de mat\u00e9riaux plastiques. Les combinaisons de lavage jetables sont principalement destin\u00e9es \u00e0 fournir une barri\u00e8re de propret\u00e9 dans les environnements st\u00e9riles et autres environnements de traitement clinique tels que les salles d&rsquo;urgence, les salles de travail et d&rsquo;accouchement et les unit\u00e9s de soins intensifs. Pour \u00e9viter que des personnes ne transportent des mati\u00e8res infectieuses sur leurs v\u00eatements dans ces environnements, le personnel m\u00e9dical et les installations, ainsi que les visiteurs, sont souvent oblig\u00e9s de rev\u00eatir des tenues propres avant d&rsquo;entrer dans la zone. Certains \u00e9tablissements de soins de sant\u00e9 exigent \u00e9galement que le porteur se change avant de quitter certaines zones de l&rsquo;\u00e9tablissement afin d&rsquo;\u00e9viter la propagation de mati\u00e8res infectieuses en dehors de ces zones. Les combinaisons de lavage jetables sont g\u00e9n\u00e9ralement port\u00e9es pendant une proc\u00e9dure, puis jet\u00e9es.<\/li>\n<\/ul>\n","protected":false},"excerpt":{"rendered":"<ul>\n<li>Fabriqu\u00e9 en tissu SMS non tiss\u00e9, r\u00e9sistant aux liquides, 100 % polypropyl\u00e8ne, hautement r\u00e9sistant et respirant.<\/li>\n<li>Les pantalons + blouses sont les v\u00eatements de protection id\u00e9aux pour prot\u00e9ger les travailleurs et les patients de tout transfert de particules et de fluides.<\/li>\n<\/ul>\n<h4>Caract\u00e9ristiques<\/h4>\n<p>Mat\u00e9riau : Polypropyl\u00e8ne Spunbond, SMS<\/p>\n<p>Taille : S, M, L, XL, XXL, 3XL, 4XL<\/p>\n<p>Couleur:Bleu, Vert<\/p>\n<p>Type:Col en V ou col rond<\/p>\n<p>Emballage : 1 pi\u00e8ce\/sac, 50 sacs\/carton<\/p>\n<p>&nbsp;<\/p>\n","protected":false},"featured_media":3444,"template":"","meta":{"site-sidebar-layout":"default","site-content-layout":"default","ast-site-content-layout":"default","site-content-style":"default","site-sidebar-style":"default","ast-global-header-display":"","ast-banner-title-visibility":"","ast-main-header-display":"","ast-hfb-above-header-display":"","ast-hfb-below-header-display":"","ast-hfb-mobile-header-display":"","site-post-title":"","ast-breadcrumbs-content":"","ast-featured-img":"","footer-sml-layout":"","ast-disable-related-posts":"","theme-transparent-header-meta":"default","adv-header-id-meta":"","stick-header-meta":"","header-above-stick-meta":"","header-main-stick-meta":"","header-below-stick-meta":"","astra-migrate-meta-layouts":"default","ast-page-background-enabled":"default","ast-page-background-meta":{"desktop":{"background-color":"","background-image":"","background-repeat":"repeat","background-position":"center center","background-size":"auto","background-attachment":"scroll","background-type":"","background-media":"","overlay-type":"","overlay-color":"","overlay-opacity":"","overlay-gradient":""},"tablet":{"background-color":"","background-image":"","background-repeat":"repeat","background-position":"center center","background-size":"auto","background-attachment":"scroll","background-type":"","background-media":"","overlay-type":"","overlay-color":"","overlay-opacity":"","overlay-gradient":""},"mobile":{"background-color":"","background-image":"","background-repeat":"repeat","background-position":"center center","background-size":"auto","background-attachment":"scroll","background-type":"","background-media":"","overlay-type":"","overlay-color":"","overlay-opacity":"","overlay-gradient":""}},"ast-content-background-meta":{"desktop":{"background-color":"var(--ast-global-color-5)","background-image":"","background-repeat":"repeat","background-position":"center center","background-size":"auto","background-attachment":"scroll","background-type":"","background-media":"","overlay-type":"","overlay-color":"","overlay-opacity":"","overlay-gradient":""},"tablet":{"background-color":"var(--ast-global-color-5)","background-image":"","background-repeat":"repeat","background-position":"center center","background-size":"auto","background-attachment":"scroll","background-type":"","background-media":"","overlay-type":"","overlay-color":"","overlay-opacity":"","overlay-gradient":""},"mobile":{"background-color":"var(--ast-global-color-5)","background-image":"","background-repeat":"repeat","background-position":"center center","background-size":"auto","background-attachment":"scroll","background-type":"","background-media":"","overlay-type":"","overlay-color":"","overlay-opacity":"","overlay-gradient":""}}},"product_brand":[],"product_cat":[88],"product_tag":[],"class_list":{"0":"post-3787","1":"product","2":"type-product","3":"status-publish","4":"has-post-thumbnail","6":"product_cat-blouses-de-protection","7":"desktop-align-center","8":"tablet-align-left","9":"mobile-align-left","11":"first","12":"instock","13":"shipping-taxable","14":"product-type-simple"},"_links":{"self":[{"href":"https:\/\/medposnonwoven.com\/fr\/wp-json\/wp\/v2\/product\/3787","targetHints":{"allow":["GET"]}}],"collection":[{"href":"https:\/\/medposnonwoven.com\/fr\/wp-json\/wp\/v2\/product"}],"about":[{"href":"https:\/\/medposnonwoven.com\/fr\/wp-json\/wp\/v2\/types\/product"}],"wp:featuredmedia":[{"embeddable":true,"href":"https:\/\/medposnonwoven.com\/fr\/wp-json\/wp\/v2\/media\/3444"}],"wp:attachment":[{"href":"https:\/\/medposnonwoven.com\/fr\/wp-json\/wp\/v2\/media?parent=3787"}],"wp:term":[{"taxonomy":"product_brand","embeddable":true,"href":"https:\/\/medposnonwoven.com\/fr\/wp-json\/wp\/v2\/product_brand?post=3787"},{"taxonomy":"product_cat","embeddable":true,"href":"https:\/\/medposnonwoven.com\/fr\/wp-json\/wp\/v2\/product_cat?post=3787"},{"taxonomy":"product_tag","embeddable":true,"href":"https:\/\/medposnonwoven.com\/fr\/wp-json\/wp\/v2\/product_tag?post=3787"}],"curies":[{"name":"wp","href":"https:\/\/api.w.org\/{rel}","templated":true}]}}