{"id":3788,"date":"2023-01-06T15:43:50","date_gmt":"2023-01-06T15:43:50","guid":{"rendered":"https:\/\/medposnonwoven.com\/product\/tablier-de-barista-jetable\/"},"modified":"2023-04-16T09:03:44","modified_gmt":"2023-04-16T09:03:44","slug":"tablier-de-barista-jetable","status":"publish","type":"product","link":"https:\/\/medposnonwoven.com\/fr\/produit\/tablier-de-barista-jetable\/","title":{"rendered":"Tablier de barista jetable"},"content":{"rendered":"<ul>\n<li>Le tablier jetable est un type de v\u00eatement de protection qui se porte sur le devant du corps et qui est g\u00e9n\u00e9ralement fabriqu\u00e9 dans un mat\u00e9riau l\u00e9ger et \u00e0 usage unique, tel que le non-tiss\u00e9 ou le plastique. Les tabliers jetables sont souvent port\u00e9s dans des environnements o\u00f9 il existe un risque de contamination, comme dans les h\u00f4pitaux, les laboratoires ou les services de restauration. Ils sont con\u00e7us pour \u00eatre jet\u00e9s apr\u00e8s une seule utilisation, ce qui permet d&rsquo;\u00e9viter la propagation des germes et autres contaminants. Les tabliers jetables sont pratiques et faciles \u00e0 utiliser, et ils peuvent contribuer \u00e0 r\u00e9duire le risque d&rsquo;infection et d&rsquo;autres dangers pour la sant\u00e9.<\/li>\n<\/ul>\n<p>&nbsp;<\/p>\n","protected":false},"excerpt":{"rendered":"<ul>\n<li>Notre tablier pour le caf\u00e9 est fabriqu\u00e9 en polyester de qualit\u00e9, doux et confortable au toucher. L&rsquo;impression est vive et claire.<\/li>\n<li>Largement utilis\u00e9 dans la restauration, la transformation de la viande, la cuisine, la manipulation des aliments, les salles blanches, le jardinage et l&rsquo;imprimerie.<\/li>\n<\/ul>\n<h4>Caract\u00e9ristiques<\/h4>\n<p>Mat\u00e9riau : Polypropyl\u00e8ne non tiss\u00e9<\/p>\n<p>Taille : 70*50 cm ou sur mesure<\/p>\n<p>Couleur : bleu, vert ou personnalis\u00e9e<\/p>\n<p>Type:Une seule pi\u00e8ce en forme, avec des liens dans le dos et un bord dentel\u00e9.<\/p>\n<p>Emballage : 10 pi\u00e8ces\/sac, 20 sacs\/carton<\/p>\n<p>&nbsp;<\/p>\n<p>&nbsp;<\/p>\n","protected":false},"featured_media":3457,"template":"","meta":{"site-sidebar-layout":"default","site-content-layout":"default","ast-site-content-layout":"default","site-content-style":"default","site-sidebar-style":"default","ast-global-header-display":"","ast-banner-title-visibility":"","ast-main-header-display":"","ast-hfb-above-header-display":"","ast-hfb-below-header-display":"","ast-hfb-mobile-header-display":"","site-post-title":"","ast-breadcrumbs-content":"","ast-featured-img":"","footer-sml-layout":"","ast-disable-related-posts":"","theme-transparent-header-meta":"default","adv-header-id-meta":"","stick-header-meta":"","header-above-stick-meta":"","header-main-stick-meta":"","header-below-stick-meta":"","astra-migrate-meta-layouts":"default","ast-page-background-enabled":"default","ast-page-background-meta":{"desktop":{"background-color":"","background-image":"","background-repeat":"repeat","background-position":"center center","background-size":"auto","background-attachment":"scroll","background-type":"","background-media":"","overlay-type":"","overlay-color":"","overlay-opacity":"","overlay-gradient":""},"tablet":{"background-color":"","background-image":"","background-repeat":"repeat","background-position":"center center","background-size":"auto","background-attachment":"scroll","background-type":"","background-media":"","overlay-type":"","overlay-color":"","overlay-opacity":"","overlay-gradient":""},"mobile":{"background-color":"","background-image":"","background-repeat":"repeat","background-position":"center center","background-size":"auto","background-attachment":"scroll","background-type":"","background-media":"","overlay-type":"","overlay-color":"","overlay-opacity":"","overlay-gradient":""}},"ast-content-background-meta":{"desktop":{"background-color":"var(--ast-global-color-5)","background-image":"","background-repeat":"repeat","background-position":"center center","background-size":"auto","background-attachment":"scroll","background-type":"","background-media":"","overlay-type":"","overlay-color":"","overlay-opacity":"","overlay-gradient":""},"tablet":{"background-color":"var(--ast-global-color-5)","background-image":"","background-repeat":"repeat","background-position":"center center","background-size":"auto","background-attachment":"scroll","background-type":"","background-media":"","overlay-type":"","overlay-color":"","overlay-opacity":"","overlay-gradient":""},"mobile":{"background-color":"var(--ast-global-color-5)","background-image":"","background-repeat":"repeat","background-position":"center center","background-size":"auto","background-attachment":"scroll","background-type":"","background-media":"","overlay-type":"","overlay-color":"","overlay-opacity":"","overlay-gradient":""}}},"product_brand":[],"product_cat":[86],"product_tag":[],"class_list":{"0":"post-3788","1":"product","2":"type-product","3":"status-publish","4":"has-post-thumbnail","6":"product_cat-tabliers-jetables","7":"desktop-align-center","8":"tablet-align-left","9":"mobile-align-left","11":"first","12":"instock","13":"shipping-taxable","14":"product-type-simple"},"_links":{"self":[{"href":"https:\/\/medposnonwoven.com\/fr\/wp-json\/wp\/v2\/product\/3788","targetHints":{"allow":["GET"]}}],"collection":[{"href":"https:\/\/medposnonwoven.com\/fr\/wp-json\/wp\/v2\/product"}],"about":[{"href":"https:\/\/medposnonwoven.com\/fr\/wp-json\/wp\/v2\/types\/product"}],"wp:featuredmedia":[{"embeddable":true,"href":"https:\/\/medposnonwoven.com\/fr\/wp-json\/wp\/v2\/media\/3457"}],"wp:attachment":[{"href":"https:\/\/medposnonwoven.com\/fr\/wp-json\/wp\/v2\/media?parent=3788"}],"wp:term":[{"taxonomy":"product_brand","embeddable":true,"href":"https:\/\/medposnonwoven.com\/fr\/wp-json\/wp\/v2\/product_brand?post=3788"},{"taxonomy":"product_cat","embeddable":true,"href":"https:\/\/medposnonwoven.com\/fr\/wp-json\/wp\/v2\/product_cat?post=3788"},{"taxonomy":"product_tag","embeddable":true,"href":"https:\/\/medposnonwoven.com\/fr\/wp-json\/wp\/v2\/product_tag?post=3788"}],"curies":[{"name":"wp","href":"https:\/\/api.w.org\/{rel}","templated":true}]}}