{"id":3789,"date":"2023-01-03T15:19:08","date_gmt":"2023-01-03T15:19:08","guid":{"rendered":"https:\/\/medposnonwoven.com\/product\/combinaison-jetable-sms\/"},"modified":"2023-04-16T09:14:35","modified_gmt":"2023-04-16T09:14:35","slug":"combinaison-jetable-sms","status":"publish","type":"product","link":"https:\/\/medposnonwoven.com\/fr\/produit\/combinaison-jetable-sms\/","title":{"rendered":"Combinaison jetable SMS"},"content":{"rendered":"<ul>\n<li>La combinaison est constitu\u00e9e de trois couches de tissu composite non tiss\u00e9, la couche centrale \u00e9tant une couche d\u00e9perlante, la couche ext\u00e9rieure \u00e0 motifs de points de s\u00e9same \u00e9tant un tissu non tiss\u00e9 en PP, solide et durable. Avec isolation des bact\u00e9ries et fonction imperm\u00e9able, respirante, g\u00e9n\u00e9ralement utilis\u00e9 pour le contr\u00f4le de la poussi\u00e8re, la peinture en plein air, l&rsquo;\u00e9levage, l&rsquo;isolation, la culture, la chambre st\u00e9rile du laboratoire et d&rsquo;autres utilisations de l&rsquo;environnement de purification.<\/li>\n<li>Notre combinaison de protection jetable pr\u00e9sente les caract\u00e9ristiques suivantes.<br \/>\n1. La cagoule \u00e9lastique s&rsquo;adapte au visage et \u00e0 la forme de celui-ci, emp\u00eachant efficacement la poussi\u00e8re de p\u00e9n\u00e9trer dans l&rsquo;appareil.<br \/>\n2. Les manchettes sont tr\u00e8s \u00e9lastiques et s&rsquo;adaptent efficacement au poignet. Elles ne sont ni l\u00e2ches ni serr\u00e9es et assurent une protection efficace.<br \/>\n3. La cheville est ajust\u00e9e par une bande \u00e9lastique, facile \u00e0 porter, emp\u00eachant efficacement l&rsquo;infiltration de la poussi\u00e8re.<br \/>\n4. Gaine \u00e9lastique au dos, adapt\u00e9e \u00e0 votre morphologie, plus pratique pour travailler.<br \/>\n5. Coutures r\u00e9guli\u00e8res, utilisant le processus de verrouillage, cousues proprement sans fil.<\/li>\n<\/ul>\n","protected":false},"excerpt":{"rendered":"<ul>\n<li>Les combinaisons jetables sont fabriqu\u00e9es en tissu non tiss\u00e9 SMS 100 % polypropyl\u00e8ne, hydrofuge, r\u00e9sistant \u00e0 l&rsquo;huile et \u00e0 la d\u00e9chirure. Assure une protection compl\u00e8te du corps dans un environnement l\u00e9g\u00e8rement dangereux.<\/li>\n<li>Largement utilis\u00e9 pour le jardinage, la peinture, la pulv\u00e9risation, la fabrication, le nettoyage, l&rsquo;entretien des v\u00e9hicules et des machines ou pour les travaux de jardinage.<\/li>\n<\/ul>\n<h4>Caract\u00e9ristiques<\/h4>\n<p>Mat\u00e9riau : Tissu non tiss\u00e9 en polypropyl\u00e8ne SMS<\/p>\n<p>Taille : S, M, L, XL, XXL, 3XL, 4XL<\/p>\n<p>Couleur:Blanc, Bleu, Bleu fonc\u00e9<\/p>\n<p>Type:Avec capuche, poignets \u00e9lastiques et fermeture \u00e9clair sur le devant.<\/p>\n<p>Emballage : 1 pi\u00e8ce\/sac, 50 sacs\/carton<\/p>\n<p>&nbsp;<\/p>\n<p>&nbsp;<\/p>\n","protected":false},"featured_media":3423,"template":"","meta":{"site-sidebar-layout":"default","site-content-layout":"default","ast-site-content-layout":"default","site-content-style":"default","site-sidebar-style":"default","ast-global-header-display":"","ast-banner-title-visibility":"","ast-main-header-display":"","ast-hfb-above-header-display":"","ast-hfb-below-header-display":"","ast-hfb-mobile-header-display":"","site-post-title":"","ast-breadcrumbs-content":"","ast-featured-img":"","footer-sml-layout":"","ast-disable-related-posts":"","theme-transparent-header-meta":"default","adv-header-id-meta":"","stick-header-meta":"","header-above-stick-meta":"","header-main-stick-meta":"","header-below-stick-meta":"","astra-migrate-meta-layouts":"default","ast-page-background-enabled":"default","ast-page-background-meta":{"desktop":{"background-color":"","background-image":"","background-repeat":"repeat","background-position":"center center","background-size":"auto","background-attachment":"scroll","background-type":"","background-media":"","overlay-type":"","overlay-color":"","overlay-opacity":"","overlay-gradient":""},"tablet":{"background-color":"","background-image":"","background-repeat":"repeat","background-position":"center center","background-size":"auto","background-attachment":"scroll","background-type":"","background-media":"","overlay-type":"","overlay-color":"","overlay-opacity":"","overlay-gradient":""},"mobile":{"background-color":"","background-image":"","background-repeat":"repeat","background-position":"center center","background-size":"auto","background-attachment":"scroll","background-type":"","background-media":"","overlay-type":"","overlay-color":"","overlay-opacity":"","overlay-gradient":""}},"ast-content-background-meta":{"desktop":{"background-color":"var(--ast-global-color-5)","background-image":"","background-repeat":"repeat","background-position":"center center","background-size":"auto","background-attachment":"scroll","background-type":"","background-media":"","overlay-type":"","overlay-color":"","overlay-opacity":"","overlay-gradient":""},"tablet":{"background-color":"var(--ast-global-color-5)","background-image":"","background-repeat":"repeat","background-position":"center center","background-size":"auto","background-attachment":"scroll","background-type":"","background-media":"","overlay-type":"","overlay-color":"","overlay-opacity":"","overlay-gradient":""},"mobile":{"background-color":"var(--ast-global-color-5)","background-image":"","background-repeat":"repeat","background-position":"center center","background-size":"auto","background-attachment":"scroll","background-type":"","background-media":"","overlay-type":"","overlay-color":"","overlay-opacity":"","overlay-gradient":""}}},"product_brand":[],"product_cat":[88],"product_tag":[],"class_list":{"0":"post-3789","1":"product","2":"type-product","3":"status-publish","4":"has-post-thumbnail","6":"product_cat-blouses-de-protection","7":"desktop-align-center","8":"tablet-align-left","9":"mobile-align-left","11":"first","12":"instock","13":"shipping-taxable","14":"product-type-simple"},"_links":{"self":[{"href":"https:\/\/medposnonwoven.com\/fr\/wp-json\/wp\/v2\/product\/3789","targetHints":{"allow":["GET"]}}],"collection":[{"href":"https:\/\/medposnonwoven.com\/fr\/wp-json\/wp\/v2\/product"}],"about":[{"href":"https:\/\/medposnonwoven.com\/fr\/wp-json\/wp\/v2\/types\/product"}],"wp:featuredmedia":[{"embeddable":true,"href":"https:\/\/medposnonwoven.com\/fr\/wp-json\/wp\/v2\/media\/3423"}],"wp:attachment":[{"href":"https:\/\/medposnonwoven.com\/fr\/wp-json\/wp\/v2\/media?parent=3789"}],"wp:term":[{"taxonomy":"product_brand","embeddable":true,"href":"https:\/\/medposnonwoven.com\/fr\/wp-json\/wp\/v2\/product_brand?post=3789"},{"taxonomy":"product_cat","embeddable":true,"href":"https:\/\/medposnonwoven.com\/fr\/wp-json\/wp\/v2\/product_cat?post=3789"},{"taxonomy":"product_tag","embeddable":true,"href":"https:\/\/medposnonwoven.com\/fr\/wp-json\/wp\/v2\/product_tag?post=3789"}],"curies":[{"name":"wp","href":"https:\/\/api.w.org\/{rel}","templated":true}]}}