{"id":3791,"date":"2023-01-04T15:33:13","date_gmt":"2023-01-04T15:33:13","guid":{"rendered":"https:\/\/medposnonwoven.com\/product\/blouse-de-patient-a-usage-unique\/"},"modified":"2023-04-16T09:11:26","modified_gmt":"2023-04-16T09:11:26","slug":"blouse-de-patient-a-usage-unique","status":"publish","type":"product","link":"https:\/\/medposnonwoven.com\/fr\/produit\/blouse-de-patient-a-usage-unique\/","title":{"rendered":"Blouse de patient \u00e0 usage unique"},"content":{"rendered":"<ul>\n<li>La blouse \u00e0 usage unique est un type de v\u00eatement port\u00e9 par les patients dans les h\u00f4pitaux, les cliniques et autres \u00e9tablissements m\u00e9dicaux. Ces blouses sont con\u00e7ues pour assurer un certain niveau de pudeur et d&rsquo;intimit\u00e9 au patient, tout en permettant aux professionnels de la sant\u00e9 d&rsquo;acc\u00e9der facilement au corps du patient pour l&rsquo;examiner, le traiter et effectuer d&rsquo;autres proc\u00e9dures m\u00e9dicales. Les blouses \u00e0 usage unique sont g\u00e9n\u00e9ralement fabriqu\u00e9es \u00e0 partir de mat\u00e9riaux l\u00e9gers et respirants, tels que le papier ou les tissus non tiss\u00e9s, et sont destin\u00e9es \u00e0 \u00eatre port\u00e9es une seule fois avant d&rsquo;\u00eatre jet\u00e9es. Certaines blouses jetables sont munies de liens dans le dos pour permettre de les attacher solidement, tandis que d&rsquo;autres sont munies d&rsquo;un \u00e9lastique aux poignets et aux chevilles pour aider \u00e0 les maintenir en place. Les blouses jetables sont souvent utilis\u00e9es dans des situations o\u00f9 il n&rsquo;est pas pratique de laver les blouses traditionnelles en tissu, ou lorsque le risque d&rsquo;infection ou de contamination est \u00e9lev\u00e9.<\/li>\n<\/ul>\n","protected":false},"excerpt":{"rendered":"<ul>\n<li>Les blouses bleu fonc\u00e9 sont destin\u00e9es \u00e0 fournir aux patients des v\u00eatements temporaires lorsqu&rsquo;ils subissent des interventions de toute nature.<\/li>\n<li>Les blouses bleues \u00e0 usage unique sont fabriqu\u00e9es en polypropyl\u00e8ne fil\u00e9-li\u00e9. Ces blouses confortables pour adultes offrent le m\u00eame niveau \u00e9lev\u00e9 d&rsquo;intimit\u00e9, m\u00eame lors d&rsquo;examens de courte dur\u00e9e.<\/li>\n<\/ul>\n<h4>Caract\u00e9ristiques<\/h4>\n<p>Mat\u00e9riau : Polypropyl\u00e8ne Spunbond, SMS<\/p>\n<p>Taille : S, M, L, XL, XXL, 3XL, 4XL<\/p>\n<p>Couleur:Bleu, Vert<\/p>\n<p>Type : sans manches ou \u00e0 manches courtes.<\/p>\n<p>Emballage : 10 pi\u00e8ces\/sac, 10 sacs\/carton<\/p>\n<p>&nbsp;<\/p>\n","protected":false},"featured_media":3440,"template":"","meta":{"site-sidebar-layout":"default","site-content-layout":"default","ast-site-content-layout":"default","site-content-style":"default","site-sidebar-style":"default","ast-global-header-display":"","ast-banner-title-visibility":"","ast-main-header-display":"","ast-hfb-above-header-display":"","ast-hfb-below-header-display":"","ast-hfb-mobile-header-display":"","site-post-title":"","ast-breadcrumbs-content":"","ast-featured-img":"","footer-sml-layout":"","ast-disable-related-posts":"","theme-transparent-header-meta":"default","adv-header-id-meta":"","stick-header-meta":"","header-above-stick-meta":"","header-main-stick-meta":"","header-below-stick-meta":"","astra-migrate-meta-layouts":"default","ast-page-background-enabled":"default","ast-page-background-meta":{"desktop":{"background-color":"","background-image":"","background-repeat":"repeat","background-position":"center center","background-size":"auto","background-attachment":"scroll","background-type":"","background-media":"","overlay-type":"","overlay-color":"","overlay-opacity":"","overlay-gradient":""},"tablet":{"background-color":"","background-image":"","background-repeat":"repeat","background-position":"center center","background-size":"auto","background-attachment":"scroll","background-type":"","background-media":"","overlay-type":"","overlay-color":"","overlay-opacity":"","overlay-gradient":""},"mobile":{"background-color":"","background-image":"","background-repeat":"repeat","background-position":"center center","background-size":"auto","background-attachment":"scroll","background-type":"","background-media":"","overlay-type":"","overlay-color":"","overlay-opacity":"","overlay-gradient":""}},"ast-content-background-meta":{"desktop":{"background-color":"var(--ast-global-color-5)","background-image":"","background-repeat":"repeat","background-position":"center center","background-size":"auto","background-attachment":"scroll","background-type":"","background-media":"","overlay-type":"","overlay-color":"","overlay-opacity":"","overlay-gradient":""},"tablet":{"background-color":"var(--ast-global-color-5)","background-image":"","background-repeat":"repeat","background-position":"center center","background-size":"auto","background-attachment":"scroll","background-type":"","background-media":"","overlay-type":"","overlay-color":"","overlay-opacity":"","overlay-gradient":""},"mobile":{"background-color":"var(--ast-global-color-5)","background-image":"","background-repeat":"repeat","background-position":"center center","background-size":"auto","background-attachment":"scroll","background-type":"","background-media":"","overlay-type":"","overlay-color":"","overlay-opacity":"","overlay-gradient":""}}},"product_brand":[],"product_cat":[88],"product_tag":[],"class_list":{"0":"post-3791","1":"product","2":"type-product","3":"status-publish","4":"has-post-thumbnail","6":"product_cat-blouses-de-protection","7":"desktop-align-center","8":"tablet-align-left","9":"mobile-align-left","11":"first","12":"instock","13":"shipping-taxable","14":"product-type-simple"},"_links":{"self":[{"href":"https:\/\/medposnonwoven.com\/fr\/wp-json\/wp\/v2\/product\/3791","targetHints":{"allow":["GET"]}}],"collection":[{"href":"https:\/\/medposnonwoven.com\/fr\/wp-json\/wp\/v2\/product"}],"about":[{"href":"https:\/\/medposnonwoven.com\/fr\/wp-json\/wp\/v2\/types\/product"}],"wp:featuredmedia":[{"embeddable":true,"href":"https:\/\/medposnonwoven.com\/fr\/wp-json\/wp\/v2\/media\/3440"}],"wp:attachment":[{"href":"https:\/\/medposnonwoven.com\/fr\/wp-json\/wp\/v2\/media?parent=3791"}],"wp:term":[{"taxonomy":"product_brand","embeddable":true,"href":"https:\/\/medposnonwoven.com\/fr\/wp-json\/wp\/v2\/product_brand?post=3791"},{"taxonomy":"product_cat","embeddable":true,"href":"https:\/\/medposnonwoven.com\/fr\/wp-json\/wp\/v2\/product_cat?post=3791"},{"taxonomy":"product_tag","embeddable":true,"href":"https:\/\/medposnonwoven.com\/fr\/wp-json\/wp\/v2\/product_tag?post=3791"}],"curies":[{"name":"wp","href":"https:\/\/api.w.org\/{rel}","templated":true}]}}