{"id":3792,"date":"2023-01-06T15:24:58","date_gmt":"2023-01-06T15:24:58","guid":{"rendered":"https:\/\/medposnonwoven.com\/product\/tablier-non-tisse-jetable\/"},"modified":"2023-04-16T09:04:45","modified_gmt":"2023-04-16T09:04:45","slug":"tablier-non-tisse-jetable","status":"publish","type":"product","link":"https:\/\/medposnonwoven.com\/fr\/produit\/tablier-non-tisse-jetable\/","title":{"rendered":"Tablier non tiss\u00e9 jetable"},"content":{"rendered":"<ul>\n<li>Le tablier non tiss\u00e9 jetable est fabriqu\u00e9 en tissu non tiss\u00e9 spunbond de haute qualit\u00e9, qui est respirant, imperm\u00e9able et r\u00e9sistant aux graisses, pour une exp\u00e9rience de port confortable. Les liens de la ceinture sont faciles \u00e0 mettre et \u00e0 enlever et la longueur des liens convient \u00e0 diff\u00e9rentes morphologies.<\/li>\n<li>Les tabliers jetables en non-tiss\u00e9, en tant que support publicitaire moderne et novateur, pr\u00e9sentent l&rsquo;avantage d&rsquo;\u00eatre peu co\u00fbteux, d&rsquo;avoir des couleurs vives et de bons effets visuels, de pouvoir \u00eatre con\u00e7us sans restriction, d&rsquo;\u00eatre beaux et durables, de bonne qualit\u00e9 et d&rsquo;un bon prix, etc. Ils sont devenus une forme importante de publicit\u00e9 pour les entreprises. Elle pr\u00e9sente des avantages incomparables par rapport aux autres publicit\u00e9s. Le produit dispose d&rsquo;un grand espace publicitaire et peut \u00eatre imprim\u00e9 avec les logos\/adresses\/t\u00e9l\u00e9phones\/produits\/propagande de l&rsquo;entreprise et d&rsquo;autres informations promotionnelles, ce qui en fait un produit id\u00e9al pour les cadeaux promotionnels.<\/li>\n<\/ul>\n<p>&nbsp;<\/p>\n","protected":false},"excerpt":{"rendered":"<ul>\n<li>Les v\u00eatements de protection sont con\u00e7us pour les environnements o\u00f9 des produits chimiques liquides et secs sont pr\u00e9sents.<\/li>\n<li>Largement utilis\u00e9 dans la restauration, la transformation de la viande, la cuisine, la manipulation des aliments, les salles blanches, le jardinage et l&rsquo;imprimerie.<\/li>\n<\/ul>\n<h4>Caract\u00e9ristiques<\/h4>\n<p>Mat\u00e9riau : Polypropyl\u00e8ne non tiss\u00e9<\/p>\n<p>Taille : 40*70cm \/38*73cm ou sur mesure<\/p>\n<p>Couleur : bleu, vert ou personnalis\u00e9e<\/p>\n<p>Type:Une pi\u00e8ce en forme, avec des liens dans le dos.<\/p>\n<p>Emballage : 50 pi\u00e8ces\/sac, 20 sacs\/carton<\/p>\n<p>&nbsp;<\/p>\n<p>&nbsp;<\/p>\n","protected":false},"featured_media":3454,"template":"","meta":{"site-sidebar-layout":"default","site-content-layout":"default","ast-site-content-layout":"default","site-content-style":"default","site-sidebar-style":"default","ast-global-header-display":"","ast-banner-title-visibility":"","ast-main-header-display":"","ast-hfb-above-header-display":"","ast-hfb-below-header-display":"","ast-hfb-mobile-header-display":"","site-post-title":"","ast-breadcrumbs-content":"","ast-featured-img":"","footer-sml-layout":"","ast-disable-related-posts":"","theme-transparent-header-meta":"default","adv-header-id-meta":"","stick-header-meta":"","header-above-stick-meta":"","header-main-stick-meta":"","header-below-stick-meta":"","astra-migrate-meta-layouts":"default","ast-page-background-enabled":"default","ast-page-background-meta":{"desktop":{"background-color":"","background-image":"","background-repeat":"repeat","background-position":"center center","background-size":"auto","background-attachment":"scroll","background-type":"","background-media":"","overlay-type":"","overlay-color":"","overlay-opacity":"","overlay-gradient":""},"tablet":{"background-color":"","background-image":"","background-repeat":"repeat","background-position":"center center","background-size":"auto","background-attachment":"scroll","background-type":"","background-media":"","overlay-type":"","overlay-color":"","overlay-opacity":"","overlay-gradient":""},"mobile":{"background-color":"","background-image":"","background-repeat":"repeat","background-position":"center center","background-size":"auto","background-attachment":"scroll","background-type":"","background-media":"","overlay-type":"","overlay-color":"","overlay-opacity":"","overlay-gradient":""}},"ast-content-background-meta":{"desktop":{"background-color":"var(--ast-global-color-5)","background-image":"","background-repeat":"repeat","background-position":"center center","background-size":"auto","background-attachment":"scroll","background-type":"","background-media":"","overlay-type":"","overlay-color":"","overlay-opacity":"","overlay-gradient":""},"tablet":{"background-color":"var(--ast-global-color-5)","background-image":"","background-repeat":"repeat","background-position":"center center","background-size":"auto","background-attachment":"scroll","background-type":"","background-media":"","overlay-type":"","overlay-color":"","overlay-opacity":"","overlay-gradient":""},"mobile":{"background-color":"var(--ast-global-color-5)","background-image":"","background-repeat":"repeat","background-position":"center center","background-size":"auto","background-attachment":"scroll","background-type":"","background-media":"","overlay-type":"","overlay-color":"","overlay-opacity":"","overlay-gradient":""}}},"product_brand":[],"product_cat":[86],"product_tag":[],"class_list":{"0":"post-3792","1":"product","2":"type-product","3":"status-publish","4":"has-post-thumbnail","6":"product_cat-tabliers-jetables","7":"desktop-align-center","8":"tablet-align-left","9":"mobile-align-left","11":"first","12":"instock","13":"shipping-taxable","14":"product-type-simple"},"_links":{"self":[{"href":"https:\/\/medposnonwoven.com\/fr\/wp-json\/wp\/v2\/product\/3792","targetHints":{"allow":["GET"]}}],"collection":[{"href":"https:\/\/medposnonwoven.com\/fr\/wp-json\/wp\/v2\/product"}],"about":[{"href":"https:\/\/medposnonwoven.com\/fr\/wp-json\/wp\/v2\/types\/product"}],"wp:featuredmedia":[{"embeddable":true,"href":"https:\/\/medposnonwoven.com\/fr\/wp-json\/wp\/v2\/media\/3454"}],"wp:attachment":[{"href":"https:\/\/medposnonwoven.com\/fr\/wp-json\/wp\/v2\/media?parent=3792"}],"wp:term":[{"taxonomy":"product_brand","embeddable":true,"href":"https:\/\/medposnonwoven.com\/fr\/wp-json\/wp\/v2\/product_brand?post=3792"},{"taxonomy":"product_cat","embeddable":true,"href":"https:\/\/medposnonwoven.com\/fr\/wp-json\/wp\/v2\/product_cat?post=3792"},{"taxonomy":"product_tag","embeddable":true,"href":"https:\/\/medposnonwoven.com\/fr\/wp-json\/wp\/v2\/product_tag?post=3792"}],"curies":[{"name":"wp","href":"https:\/\/api.w.org\/{rel}","templated":true}]}}