{"id":3793,"date":"2023-01-03T16:07:11","date_gmt":"2023-01-03T16:07:11","guid":{"rendered":"https:\/\/medposnonwoven.com\/product\/combinaison-medicale-microporeuse\/"},"modified":"2023-04-16T09:13:23","modified_gmt":"2023-04-16T09:13:23","slug":"combinaison-medicale-microporeuse","status":"publish","type":"product","link":"https:\/\/medposnonwoven.com\/fr\/produit\/combinaison-medicale-microporeuse\/","title":{"rendered":"Combinaison m\u00e9dicale microporeuse"},"content":{"rendered":"<ul>\n<li>Les exigences \u00e9lev\u00e9es des combinaisons m\u00e9dicales.<br \/>\n1. r\u00e9sistance \u00e0 la perm\u00e9abilit\u00e9 \u00e0 l&rsquo;eau<br \/>\nLa pression hydrostatique des parties essentielles du v\u00eatement de protection ne doit pas \u00eatre inf\u00e9rieure \u00e0 167 KPA (17 CMH20).<br \/>\n2. P\u00e9n\u00e9tration du sang anti-synth\u00e9tique<br \/>\nLa r\u00e9sistance \u00e0 la p\u00e9n\u00e9tration du sang synth\u00e9tique des v\u00eatements de protection ne doit pas \u00eatre inf\u00e9rieure aux exigences de la norme GB19082-2009 niveau 2.<br \/>\n3. r\u00e9sistance \u00e0 la rupture<br \/>\nLa r\u00e9sistance \u00e0 la rupture des parties essentielles du mat\u00e9riau du v\u00eatement de protection ne doit pas \u00eatre inf\u00e9rieure \u00e0 45 N.<br \/>\n4. Efficacit\u00e9 de la filtration<br \/>\nLe taux de filtration des particules non huileuses dans les parties essentielles du mat\u00e9riau et des coutures du v\u00eatement de protection ne doit pas \u00eatre inf\u00e9rieur \u00e0 70 %.<\/li>\n<li>Fabrication de produits manufactur\u00e9s.<br \/>\n1. Conception du capot<br \/>\nLa capuche est con\u00e7ue avec une \u00e9lasticit\u00e9 qui emp\u00eache la poussi\u00e8re et les micro-organismes d&rsquo;entrer.<br \/>\n2. Fermeture \u00e0 glissi\u00e8re<br \/>\nFermeture \u00e0 glissi\u00e8re d&rsquo;une seule pi\u00e8ce pour faciliter l&rsquo;entr\u00e9e et la sortie et prot\u00e9ger le rabat.<br \/>\n3. Conception du brassard<br \/>\nR\u00e9tr\u00e9cissement au niveau des poignets et des chevilles pour \u00e9viter la poussi\u00e8re et les bact\u00e9ries.<br \/>\n4. Conception de la taille<br \/>\nTaille \u00e9lastique pour s&rsquo;adapter aux diff\u00e9rentes morphologies et s&rsquo;ajuster correctement.<br \/>\n5. Ruban thermocollant<br \/>\nBande adh\u00e9sive \u00e0 l&rsquo;int\u00e9rieur du rabat pour pr\u00e9venir davantage l&rsquo;invasion de micro-organismes et jouer un r\u00f4le de double protection.<\/li>\n<\/ul>\n<p>&nbsp;<\/p>\n","protected":false},"excerpt":{"rendered":"<ul>\n<li>La combinaison m\u00e9dicale MICROPOROUS est destin\u00e9e \u00e0 \u00eatre utilis\u00e9e dans certains environnements critiques et dans des zones d&rsquo;application g\u00e9n\u00e9rale. La combinaison Hazmat est id\u00e9ale pour les graffitis, le nettoyage, les laboratoires, etc.<\/li>\n<\/ul>\n<h4>Caract\u00e9ristiques<\/h4>\n<p>Mat\u00e9riau : Polypropyl\u00e8ne + film respirant microporeux<\/p>\n<p>Taille : S, M, L, XL, XXL, 3XL, 4XL<\/p>\n<p>Couleur:Blanc, Bleu, Bleu fonc\u00e9<\/p>\n<p>Type:Avec capuche, poignets \u00e9lastiques et fermeture \u00e0 glissi\u00e8re sur le devant.<\/p>\n<p>Emballage : 1 pi\u00e8ce\/sac, 50 sacs\/carton<\/p>\n<p>&nbsp;<\/p>\n<p>&nbsp;<\/p>\n","protected":false},"featured_media":3430,"template":"","meta":{"site-sidebar-layout":"default","site-content-layout":"default","ast-site-content-layout":"default","site-content-style":"default","site-sidebar-style":"default","ast-global-header-display":"","ast-banner-title-visibility":"","ast-main-header-display":"","ast-hfb-above-header-display":"","ast-hfb-below-header-display":"","ast-hfb-mobile-header-display":"","site-post-title":"","ast-breadcrumbs-content":"","ast-featured-img":"","footer-sml-layout":"","ast-disable-related-posts":"","theme-transparent-header-meta":"default","adv-header-id-meta":"","stick-header-meta":"","header-above-stick-meta":"","header-main-stick-meta":"","header-below-stick-meta":"","astra-migrate-meta-layouts":"default","ast-page-background-enabled":"default","ast-page-background-meta":{"desktop":{"background-color":"","background-image":"","background-repeat":"repeat","background-position":"center center","background-size":"auto","background-attachment":"scroll","background-type":"","background-media":"","overlay-type":"","overlay-color":"","overlay-opacity":"","overlay-gradient":""},"tablet":{"background-color":"","background-image":"","background-repeat":"repeat","background-position":"center center","background-size":"auto","background-attachment":"scroll","background-type":"","background-media":"","overlay-type":"","overlay-color":"","overlay-opacity":"","overlay-gradient":""},"mobile":{"background-color":"","background-image":"","background-repeat":"repeat","background-position":"center center","background-size":"auto","background-attachment":"scroll","background-type":"","background-media":"","overlay-type":"","overlay-color":"","overlay-opacity":"","overlay-gradient":""}},"ast-content-background-meta":{"desktop":{"background-color":"var(--ast-global-color-5)","background-image":"","background-repeat":"repeat","background-position":"center center","background-size":"auto","background-attachment":"scroll","background-type":"","background-media":"","overlay-type":"","overlay-color":"","overlay-opacity":"","overlay-gradient":""},"tablet":{"background-color":"var(--ast-global-color-5)","background-image":"","background-repeat":"repeat","background-position":"center center","background-size":"auto","background-attachment":"scroll","background-type":"","background-media":"","overlay-type":"","overlay-color":"","overlay-opacity":"","overlay-gradient":""},"mobile":{"background-color":"var(--ast-global-color-5)","background-image":"","background-repeat":"repeat","background-position":"center center","background-size":"auto","background-attachment":"scroll","background-type":"","background-media":"","overlay-type":"","overlay-color":"","overlay-opacity":"","overlay-gradient":""}}},"product_brand":[],"product_cat":[88],"product_tag":[],"class_list":{"0":"post-3793","1":"product","2":"type-product","3":"status-publish","4":"has-post-thumbnail","6":"product_cat-blouses-de-protection","7":"desktop-align-center","8":"tablet-align-left","9":"mobile-align-left","11":"first","12":"instock","13":"shipping-taxable","14":"product-type-simple"},"_links":{"self":[{"href":"https:\/\/medposnonwoven.com\/fr\/wp-json\/wp\/v2\/product\/3793","targetHints":{"allow":["GET"]}}],"collection":[{"href":"https:\/\/medposnonwoven.com\/fr\/wp-json\/wp\/v2\/product"}],"about":[{"href":"https:\/\/medposnonwoven.com\/fr\/wp-json\/wp\/v2\/types\/product"}],"wp:featuredmedia":[{"embeddable":true,"href":"https:\/\/medposnonwoven.com\/fr\/wp-json\/wp\/v2\/media\/3430"}],"wp:attachment":[{"href":"https:\/\/medposnonwoven.com\/fr\/wp-json\/wp\/v2\/media?parent=3793"}],"wp:term":[{"taxonomy":"product_brand","embeddable":true,"href":"https:\/\/medposnonwoven.com\/fr\/wp-json\/wp\/v2\/product_brand?post=3793"},{"taxonomy":"product_cat","embeddable":true,"href":"https:\/\/medposnonwoven.com\/fr\/wp-json\/wp\/v2\/product_cat?post=3793"},{"taxonomy":"product_tag","embeddable":true,"href":"https:\/\/medposnonwoven.com\/fr\/wp-json\/wp\/v2\/product_tag?post=3793"}],"curies":[{"name":"wp","href":"https:\/\/api.w.org\/{rel}","templated":true}]}}