{"id":3794,"date":"2022-12-30T13:29:48","date_gmt":"2022-12-30T13:29:48","guid":{"rendered":"https:\/\/medposnonwoven.com\/product\/bonnet-mob-en-non-tisse-bonnet-a-pince\/"},"modified":"2023-04-16T13:59:53","modified_gmt":"2023-04-16T13:59:53","slug":"bonnet-mob-en-non-tisse-bonnet-a-pince","status":"publish","type":"product","link":"https:\/\/medposnonwoven.com\/fr\/produit\/bonnet-mob-en-non-tisse-bonnet-a-pince\/","title":{"rendered":"Bonnet Mob en non-tiss\u00e9 (Bonnet \u00e0 pince)"},"content":{"rendered":"<ul>\n<li><span data-offset-key=\"107rj-10-0\">Dis<\/span><span data-offset-key=\"107rj-11-0\">pos<\/span><span data-offset-key=\"107rj-12-0\">capable<\/span><span data-offset-key=\"107rj-13-0\"> clip<\/span><span data-offset-key=\"107rj-14-0\"> bouchons<\/span><span data-offset-key=\"107rj-15-0\">,<\/span><span data-offset-key=\"107rj-16-0\"> \u00e9galement<\/span><span data-offset-key=\"107rj-17-0\"> connu<\/span><span data-offset-key=\"107rj-18-0\"> comme<\/span><span data-offset-key=\"107rj-19-0\"> bou<\/span><span data-offset-key=\"107rj-20-0\">ff<\/span><span data-offset-key=\"107rj-21-0\">fourmi<\/span><span data-offset-key=\"107rj-22-0\"> bouchons<\/span><span data-offset-key=\"107rj-23-0\">,<\/span><span data-offset-key=\"107rj-24-0\"> Ils sont fabriqu\u00e9s en non-tiss\u00e9 spunbond l\u00e9ger et perm\u00e9able \u00e0 l&rsquo;air, con\u00e7u pour emp\u00eacher les cheveux de tomber pendant le travail dans des lieux o\u00f9 les exigences en mati\u00e8re d&rsquo;hygi\u00e8ne sont \u00e9lev\u00e9es. <\/span><span data-offset-key=\"107rj-56-0\"> Ces<\/span><span data-offset-key=\"107rj-57-0\"> bouchons<\/span><span data-offset-key=\"107rj-58-0\"> sont<\/span><span data-offset-key=\"107rj-59-0\"> pr\u00e9vu<\/span><span data-offset-key=\"107rj-60-0\"> \u00e0<\/span><span data-offset-key=\"107rj-61-0\"> \u00eatre<\/span><span data-offset-key=\"107rj-62-0\"> utilis\u00e9<\/span><span data-offset-key=\"107rj-63-0\"> seulement<\/span><span data-offset-key=\"107rj-64-0\"> une fois<\/span><span data-offset-key=\"107rj-65-0\"> et<\/span><span data-offset-key=\"107rj-66-0\"> puis<\/span><span data-offset-key=\"107rj-67-0\"> dispos\u00e9<\/span><span data-offset-key=\"107rj-68-0\"> de<\/span><span data-offset-key=\"107rj-69-0\">,<\/span><span data-offset-key=\"107rj-70-0\"> comme<\/span><span data-offset-key=\"107rj-71-0\"> ils<\/span><span data-offset-key=\"107rj-72-0\"> sont<\/span><span data-offset-key=\"107rj-73-0\"> pas<\/span><span data-offset-key=\"107rj-74-0\"> signifi\u00e9<\/span><span data-offset-key=\"107rj-75-0\"> \u00e0<\/span><span data-offset-key=\"107rj-76-0\"> \u00eatre<\/span><span data-offset-key=\"107rj-77-0\"> r\u00e9utilis\u00e9<\/span><span data-offset-key=\"107rj-78-0\">.<\/span><span data-offset-key=\"107rj-79-0\"> Un bouchon \u00e0 clip jetable se pr\u00e9sente normalement sous la forme d&rsquo;un bouchon sph\u00e9rique ou en forme de d\u00f4me, avec une bande \u00e9lastique qui entoure la t\u00eate en toute s\u00e9curit\u00e9. Ce bandeau est g\u00e9n\u00e9ralement recouvert d&rsquo;un tissu fin et non tiss\u00e9 qui se fixe facilement autour de la t\u00eate. L&rsquo;arri\u00e8re du capuchon \u00e0 clip jetable peut \u00e9galement comporter une fermeture \u00e0 clip, ce qui permet un ajustement serr\u00e9 et confortable.<\/span><\/li>\n<li>Pour garantir le confort d&rsquo;un port tout au long de la journ\u00e9e, des mat\u00e9riaux tels que le polypropyl\u00e8ne 100 % non tiss\u00e9 sont r\u00e9put\u00e9s pour leur l\u00e9g\u00e8ret\u00e9 et leur respirabilit\u00e9, tandis que votre t\u00eate reste confortable et prot\u00e9g\u00e9e. Un bandeau \u00e9lastique enveloppe votre t\u00eate en toute s\u00e9curit\u00e9, mais en douceur, pour un ajustement parfait. En outre, ils emp\u00eachent efficacement les cheveux de p\u00e9n\u00e9trer dans les yeux et dans l&rsquo;espace de travail.<\/li>\n<\/ul>\n<p>&nbsp;<\/p>\n<p>&nbsp;<\/p>\n","protected":false},"excerpt":{"rendered":"<ul>\n<li>Les casquettes jetables sont l\u00e9g\u00e8res et respirantes, ce qui \u00e9vite \u00e0 la t\u00eate de se sentir moite.<\/li>\n<li>Largement utilis\u00e9 \u00e0 la maison, \u00e0 l&rsquo;h\u00f4pital, au spa, au salon, dans l&rsquo;industrie des services et dans un espace de travail sans poussi\u00e8re, il ne craint pas la perte accidentelle de cheveux.<\/li>\n<\/ul>\n<h4>Caract\u00e9ristiques<\/h4>\n<p>Mat\u00e9riau : Non-tiss\u00e9 en polypropyl\u00e8ne de 10 g\/m\u00b2 (ou poids personnalis\u00e9)<\/p>\n<p>Taille:18&Prime;, 19&Prime;, 20&Prime;, 21&Prime;, 22&Prime;, 23&Prime;, 24&Prime;<\/p>\n<p>Type : Elastique simple ou double<\/p>\n<p>Couleur : Bleu, Noir, Blanc (d&rsquo;autres couleurs sont \u00e9galement accept\u00e9es)<\/p>\n<p>Emballage : 100 pi\u00e8ces\/sac, 10 ou 20 sacs\/carton<\/p>\n<p>&nbsp;<\/p>\n<p>&nbsp;<\/p>\n","protected":false},"featured_media":3313,"template":"","meta":{"site-sidebar-layout":"default","site-content-layout":"default","ast-site-content-layout":"default","site-content-style":"default","site-sidebar-style":"default","ast-global-header-display":"","ast-banner-title-visibility":"","ast-main-header-display":"","ast-hfb-above-header-display":"","ast-hfb-below-header-display":"","ast-hfb-mobile-header-display":"","site-post-title":"","ast-breadcrumbs-content":"","ast-featured-img":"","footer-sml-layout":"","ast-disable-related-posts":"","theme-transparent-header-meta":"default","adv-header-id-meta":"","stick-header-meta":"","header-above-stick-meta":"","header-main-stick-meta":"","header-below-stick-meta":"","astra-migrate-meta-layouts":"default","ast-page-background-enabled":"default","ast-page-background-meta":{"desktop":{"background-color":"","background-image":"","background-repeat":"repeat","background-position":"center center","background-size":"auto","background-attachment":"scroll","background-type":"","background-media":"","overlay-type":"","overlay-color":"","overlay-opacity":"","overlay-gradient":""},"tablet":{"background-color":"","background-image":"","background-repeat":"repeat","background-position":"center center","background-size":"auto","background-attachment":"scroll","background-type":"","background-media":"","overlay-type":"","overlay-color":"","overlay-opacity":"","overlay-gradient":""},"mobile":{"background-color":"","background-image":"","background-repeat":"repeat","background-position":"center center","background-size":"auto","background-attachment":"scroll","background-type":"","background-media":"","overlay-type":"","overlay-color":"","overlay-opacity":"","overlay-gradient":""}},"ast-content-background-meta":{"desktop":{"background-color":"var(--ast-global-color-5)","background-image":"","background-repeat":"repeat","background-position":"center center","background-size":"auto","background-attachment":"scroll","background-type":"","background-media":"","overlay-type":"","overlay-color":"","overlay-opacity":"","overlay-gradient":""},"tablet":{"background-color":"var(--ast-global-color-5)","background-image":"","background-repeat":"repeat","background-position":"center center","background-size":"auto","background-attachment":"scroll","background-type":"","background-media":"","overlay-type":"","overlay-color":"","overlay-opacity":"","overlay-gradient":""},"mobile":{"background-color":"var(--ast-global-color-5)","background-image":"","background-repeat":"repeat","background-position":"center center","background-size":"auto","background-attachment":"scroll","background-type":"","background-media":"","overlay-type":"","overlay-color":"","overlay-opacity":"","overlay-gradient":""}}},"product_brand":[],"product_cat":[89],"product_tag":[],"class_list":{"0":"post-3794","1":"product","2":"type-product","3":"status-publish","4":"has-post-thumbnail","6":"product_cat-bouchons-jetables","7":"desktop-align-center","8":"tablet-align-left","9":"mobile-align-left","11":"first","12":"instock","13":"shipping-taxable","14":"product-type-simple"},"_links":{"self":[{"href":"https:\/\/medposnonwoven.com\/fr\/wp-json\/wp\/v2\/product\/3794","targetHints":{"allow":["GET"]}}],"collection":[{"href":"https:\/\/medposnonwoven.com\/fr\/wp-json\/wp\/v2\/product"}],"about":[{"href":"https:\/\/medposnonwoven.com\/fr\/wp-json\/wp\/v2\/types\/product"}],"wp:featuredmedia":[{"embeddable":true,"href":"https:\/\/medposnonwoven.com\/fr\/wp-json\/wp\/v2\/media\/3313"}],"wp:attachment":[{"href":"https:\/\/medposnonwoven.com\/fr\/wp-json\/wp\/v2\/media?parent=3794"}],"wp:term":[{"taxonomy":"product_brand","embeddable":true,"href":"https:\/\/medposnonwoven.com\/fr\/wp-json\/wp\/v2\/product_brand?post=3794"},{"taxonomy":"product_cat","embeddable":true,"href":"https:\/\/medposnonwoven.com\/fr\/wp-json\/wp\/v2\/product_cat?post=3794"},{"taxonomy":"product_tag","embeddable":true,"href":"https:\/\/medposnonwoven.com\/fr\/wp-json\/wp\/v2\/product_tag?post=3794"}],"curies":[{"name":"wp","href":"https:\/\/api.w.org\/{rel}","templated":true}]}}