{"id":3795,"date":"2023-01-03T14:26:10","date_gmt":"2023-01-03T14:26:10","guid":{"rendered":"https:\/\/medposnonwoven.com\/product\/combinaison-en-pp-non-tisse\/"},"modified":"2023-04-16T09:20:57","modified_gmt":"2023-04-16T09:20:57","slug":"combinaison-en-pp-non-tisse","status":"publish","type":"product","link":"https:\/\/medposnonwoven.com\/fr\/produit\/combinaison-en-pp-non-tisse\/","title":{"rendered":"Combinaison en PP non tiss\u00e9"},"content":{"rendered":"<ul>\n<li>Les combinaisons jetables sont con\u00e7ues pour couvrir l&rsquo;ensemble du corps et d&rsquo;autres v\u00eatements afin de prot\u00e9ger contre la salet\u00e9 ou d&rsquo;autres contaminants ext\u00e9rieurs. Les combinaisons sont compos\u00e9es d&rsquo;une seule pi\u00e8ce et sont amples pour faciliter les mouvements, avec des manches, des jambi\u00e8res compl\u00e8tes et souvent une capuche pour couvrir la t\u00eate. Il peut \u00e9galement s&rsquo;agir de couvre-chaussures qui recouvrent les chaussures et les prot\u00e8gent contre la contamination.<\/li>\n<li>Lorsque l&rsquo;on travaille pendant de longues heures, la s\u00e9curit\u00e9 et le confort doivent aller de pair. C&rsquo;est pourquoi nous d\u00e9veloppons, concevons, testons &#8211; et testons encore &#8211; nos v\u00eatements de protection de pointe pour que vous puissiez travailler en toute s\u00e9r\u00e9nit\u00e9, m\u00eame dans les environnements les plus difficiles. Lorsque vous avez besoin d&rsquo;une protection contre les produits chimiques, les particules, les flammes, les risques biologiques et autres contaminants, nos v\u00eatements et accessoires de protection sont con\u00e7us pour r\u00e9sister \u00e0 votre journ\u00e9e de travail.<\/li>\n<\/ul>\n<p>&nbsp;<\/p>\n","protected":false},"excerpt":{"rendered":"<ul>\n<li>Les combinaisons jetables sont fabriqu\u00e9es en tissu non tiss\u00e9 spunbond, elles sont l\u00e9g\u00e8res, imperm\u00e9ables \u00e0 la poussi\u00e8re et gardent vos v\u00eatements propres pendant le travail.<\/li>\n<li>Largement utilis\u00e9 pour le jardinage, la peinture, la pulv\u00e9risation, la fabrication, le nettoyage, l&rsquo;entretien des v\u00e9hicules et des machines ou pour les travaux de jardinage.<\/li>\n<\/ul>\n<h4>Caract\u00e9ristiques<\/h4>\n<p>Mat\u00e9riau : Tissu non tiss\u00e9 en polypropyl\u00e8ne<\/p>\n<p>Taille : S, M, L, XL, XXL, 3XL, 4XL<\/p>\n<p>Couleur:Blanc, Bleu, Bleu fonc\u00e9<\/p>\n<p>Type:Avec capuche, poignets \u00e9lastiques et fermeture \u00e0 glissi\u00e8re sur le devant.<\/p>\n<p>Emballage : 1 pi\u00e8ce\/sac, 50 sacs\/carton<\/p>\n<p>&nbsp;<\/p>\n<p>&nbsp;<\/p>\n","protected":false},"featured_media":3419,"template":"","meta":{"site-sidebar-layout":"default","site-content-layout":"default","ast-site-content-layout":"default","site-content-style":"default","site-sidebar-style":"default","ast-global-header-display":"","ast-banner-title-visibility":"","ast-main-header-display":"","ast-hfb-above-header-display":"","ast-hfb-below-header-display":"","ast-hfb-mobile-header-display":"","site-post-title":"","ast-breadcrumbs-content":"","ast-featured-img":"","footer-sml-layout":"","ast-disable-related-posts":"","theme-transparent-header-meta":"default","adv-header-id-meta":"","stick-header-meta":"","header-above-stick-meta":"","header-main-stick-meta":"","header-below-stick-meta":"","astra-migrate-meta-layouts":"default","ast-page-background-enabled":"default","ast-page-background-meta":{"desktop":{"background-color":"","background-image":"","background-repeat":"repeat","background-position":"center center","background-size":"auto","background-attachment":"scroll","background-type":"","background-media":"","overlay-type":"","overlay-color":"","overlay-opacity":"","overlay-gradient":""},"tablet":{"background-color":"","background-image":"","background-repeat":"repeat","background-position":"center center","background-size":"auto","background-attachment":"scroll","background-type":"","background-media":"","overlay-type":"","overlay-color":"","overlay-opacity":"","overlay-gradient":""},"mobile":{"background-color":"","background-image":"","background-repeat":"repeat","background-position":"center center","background-size":"auto","background-attachment":"scroll","background-type":"","background-media":"","overlay-type":"","overlay-color":"","overlay-opacity":"","overlay-gradient":""}},"ast-content-background-meta":{"desktop":{"background-color":"var(--ast-global-color-5)","background-image":"","background-repeat":"repeat","background-position":"center center","background-size":"auto","background-attachment":"scroll","background-type":"","background-media":"","overlay-type":"","overlay-color":"","overlay-opacity":"","overlay-gradient":""},"tablet":{"background-color":"var(--ast-global-color-5)","background-image":"","background-repeat":"repeat","background-position":"center center","background-size":"auto","background-attachment":"scroll","background-type":"","background-media":"","overlay-type":"","overlay-color":"","overlay-opacity":"","overlay-gradient":""},"mobile":{"background-color":"var(--ast-global-color-5)","background-image":"","background-repeat":"repeat","background-position":"center center","background-size":"auto","background-attachment":"scroll","background-type":"","background-media":"","overlay-type":"","overlay-color":"","overlay-opacity":"","overlay-gradient":""}}},"product_brand":[],"product_cat":[88],"product_tag":[],"class_list":{"0":"post-3795","1":"product","2":"type-product","3":"status-publish","4":"has-post-thumbnail","6":"product_cat-blouses-de-protection","7":"desktop-align-center","8":"tablet-align-left","9":"mobile-align-left","11":"first","12":"instock","13":"shipping-taxable","14":"product-type-simple"},"_links":{"self":[{"href":"https:\/\/medposnonwoven.com\/fr\/wp-json\/wp\/v2\/product\/3795","targetHints":{"allow":["GET"]}}],"collection":[{"href":"https:\/\/medposnonwoven.com\/fr\/wp-json\/wp\/v2\/product"}],"about":[{"href":"https:\/\/medposnonwoven.com\/fr\/wp-json\/wp\/v2\/types\/product"}],"wp:featuredmedia":[{"embeddable":true,"href":"https:\/\/medposnonwoven.com\/fr\/wp-json\/wp\/v2\/media\/3419"}],"wp:attachment":[{"href":"https:\/\/medposnonwoven.com\/fr\/wp-json\/wp\/v2\/media?parent=3795"}],"wp:term":[{"taxonomy":"product_brand","embeddable":true,"href":"https:\/\/medposnonwoven.com\/fr\/wp-json\/wp\/v2\/product_brand?post=3795"},{"taxonomy":"product_cat","embeddable":true,"href":"https:\/\/medposnonwoven.com\/fr\/wp-json\/wp\/v2\/product_cat?post=3795"},{"taxonomy":"product_tag","embeddable":true,"href":"https:\/\/medposnonwoven.com\/fr\/wp-json\/wp\/v2\/product_tag?post=3795"}],"curies":[{"name":"wp","href":"https:\/\/api.w.org\/{rel}","templated":true}]}}