{"id":3797,"date":"2022-12-28T14:14:06","date_gmt":"2022-12-28T14:14:06","guid":{"rendered":"https:\/\/medposnonwoven.com\/product\/masque-civil-3-plis-avec-boucle-doreille\/"},"modified":"2023-04-16T14:21:00","modified_gmt":"2023-04-16T14:21:00","slug":"masque-civil-3-plis-avec-boucle-doreille","status":"publish","type":"product","link":"https:\/\/medposnonwoven.com\/fr\/produit\/masque-civil-3-plis-avec-boucle-doreille\/","title":{"rendered":"Masque civil 3 plis avec boucle d&rsquo;oreille"},"content":{"rendered":"<ul>\n<li data-spm-anchor-id=\"a2700.details.0.i19.68fd693f12waMx\">Masque facial jetable Avantages : 3 couches de filtration, pas d&rsquo;odeur, mat\u00e9riaux anti-allergiques, emballage sanitaire, bonne respirabilit\u00e9.<\/li>\n<\/ul>\n<ul>\n<li>Le masque sanitaire emp\u00eache efficacement l&rsquo;inhalation de poussi\u00e8re, de pollen, de cheveux, de grippe, de germes, etc. Convient pour le nettoyage quotidien, allergique<br \/>\nles personnes, le personnel de service (m\u00e9dical, dentaire, infirmier, restauration, clinique, beaut\u00e9, ongles, animaux de compagnie, etc.), ainsi que les patients qui ont besoin d&rsquo;une assistance m\u00e9dicale.<br \/>\nprotection respiratoire.<\/li>\n<\/ul>\n<p>&nbsp;<\/p>\n<p>&nbsp;<\/p>\n","protected":false},"excerpt":{"rendered":"<ul>\n<li>Prot\u00e8ge le nez et la bouche contre les fluides, r\u00e9sistant aux fluides \u00e0 une pression de 160 mmHg.<\/li>\n<li>Le filtre Premium prot\u00e8ge contre 95 % des particules d&rsquo;une taille sup\u00e9rieure \u00e0 0,1 \u03bcm, efficacit\u00e9 du filtre = PFE95 %.<\/li>\n<\/ul>\n<h4>Caract\u00e9ristiques<\/h4>\n<p>Mati\u00e8re : 33,3 % souffl\u00e9 par fusion, 66,7 % PP non tiss\u00e9<\/p>\n<p>Couche:3(25g non tiss\u00e9+25g souffl\u00e9 par fusion+25g non tiss\u00e9)<\/p>\n<p>Taille : 17.5*9.5cm pour les adultes, 14.5*9.5cm pour les enfants<\/p>\n<p>Couleur : Bleu, Noir, Blanc (d&rsquo;autres couleurs sont \u00e9galement accept\u00e9es)<\/p>\n<p>Norme : EN149:2001<\/p>\n<p>&nbsp;<\/p>\n<p>&nbsp;<\/p>\n","protected":false},"featured_media":3373,"template":"","meta":{"site-sidebar-layout":"default","site-content-layout":"default","ast-site-content-layout":"default","site-content-style":"default","site-sidebar-style":"default","ast-global-header-display":"","ast-banner-title-visibility":"","ast-main-header-display":"","ast-hfb-above-header-display":"","ast-hfb-below-header-display":"","ast-hfb-mobile-header-display":"","site-post-title":"","ast-breadcrumbs-content":"","ast-featured-img":"","footer-sml-layout":"","ast-disable-related-posts":"","theme-transparent-header-meta":"default","adv-header-id-meta":"","stick-header-meta":"","header-above-stick-meta":"","header-main-stick-meta":"","header-below-stick-meta":"","astra-migrate-meta-layouts":"default","ast-page-background-enabled":"default","ast-page-background-meta":{"desktop":{"background-color":"","background-image":"","background-repeat":"repeat","background-position":"center center","background-size":"auto","background-attachment":"scroll","background-type":"","background-media":"","overlay-type":"","overlay-color":"","overlay-opacity":"","overlay-gradient":""},"tablet":{"background-color":"","background-image":"","background-repeat":"repeat","background-position":"center center","background-size":"auto","background-attachment":"scroll","background-type":"","background-media":"","overlay-type":"","overlay-color":"","overlay-opacity":"","overlay-gradient":""},"mobile":{"background-color":"","background-image":"","background-repeat":"repeat","background-position":"center center","background-size":"auto","background-attachment":"scroll","background-type":"","background-media":"","overlay-type":"","overlay-color":"","overlay-opacity":"","overlay-gradient":""}},"ast-content-background-meta":{"desktop":{"background-color":"var(--ast-global-color-5)","background-image":"","background-repeat":"repeat","background-position":"center center","background-size":"auto","background-attachment":"scroll","background-type":"","background-media":"","overlay-type":"","overlay-color":"","overlay-opacity":"","overlay-gradient":""},"tablet":{"background-color":"var(--ast-global-color-5)","background-image":"","background-repeat":"repeat","background-position":"center center","background-size":"auto","background-attachment":"scroll","background-type":"","background-media":"","overlay-type":"","overlay-color":"","overlay-opacity":"","overlay-gradient":""},"mobile":{"background-color":"var(--ast-global-color-5)","background-image":"","background-repeat":"repeat","background-position":"center center","background-size":"auto","background-attachment":"scroll","background-type":"","background-media":"","overlay-type":"","overlay-color":"","overlay-opacity":"","overlay-gradient":""}}},"product_brand":[],"product_cat":[90],"product_tag":[],"class_list":{"0":"post-3797","1":"product","2":"type-product","3":"status-publish","4":"has-post-thumbnail","6":"product_cat-masques-et-respirateurs-jetables","7":"desktop-align-center","8":"tablet-align-left","9":"mobile-align-left","11":"first","12":"instock","13":"shipping-taxable","14":"product-type-simple"},"_links":{"self":[{"href":"https:\/\/medposnonwoven.com\/fr\/wp-json\/wp\/v2\/product\/3797","targetHints":{"allow":["GET"]}}],"collection":[{"href":"https:\/\/medposnonwoven.com\/fr\/wp-json\/wp\/v2\/product"}],"about":[{"href":"https:\/\/medposnonwoven.com\/fr\/wp-json\/wp\/v2\/types\/product"}],"wp:featuredmedia":[{"embeddable":true,"href":"https:\/\/medposnonwoven.com\/fr\/wp-json\/wp\/v2\/media\/3373"}],"wp:attachment":[{"href":"https:\/\/medposnonwoven.com\/fr\/wp-json\/wp\/v2\/media?parent=3797"}],"wp:term":[{"taxonomy":"product_brand","embeddable":true,"href":"https:\/\/medposnonwoven.com\/fr\/wp-json\/wp\/v2\/product_brand?post=3797"},{"taxonomy":"product_cat","embeddable":true,"href":"https:\/\/medposnonwoven.com\/fr\/wp-json\/wp\/v2\/product_cat?post=3797"},{"taxonomy":"product_tag","embeddable":true,"href":"https:\/\/medposnonwoven.com\/fr\/wp-json\/wp\/v2\/product_tag?post=3797"}],"curies":[{"name":"wp","href":"https:\/\/api.w.org\/{rel}","templated":true}]}}