{"id":3798,"date":"2023-01-02T16:08:46","date_gmt":"2023-01-02T16:08:46","guid":{"rendered":"https:\/\/medposnonwoven.com\/product\/blouse-disolation-aami-niveau-2\/"},"modified":"2023-04-16T09:22:28","modified_gmt":"2023-04-16T09:22:28","slug":"blouse-disolation-aami-niveau-2","status":"publish","type":"product","link":"https:\/\/medposnonwoven.com\/fr\/produit\/blouse-disolation-aami-niveau-2\/","title":{"rendered":"Blouse d&rsquo;isolation AAMI-NIVEAU 2"},"content":{"rendered":"<ul>\n<li>Les blouses d&rsquo;isolation jetables sont normalement fabriqu\u00e9es en mat\u00e9riaux non tiss\u00e9s tels que le spunbnod, le SMS et le non tiss\u00e9 lamin\u00e9 PE. Les caract\u00e9ristiques de ces mat\u00e9riaux sont la l\u00e9g\u00e8ret\u00e9 et la respirabilit\u00e9, ce qui les rend agr\u00e9ables \u00e0 porter. Ils sont \u00e9galement r\u00e9pulsifs aux fluides, ce qui en fait l&rsquo;article de protection id\u00e9al pour les proc\u00e9dures m\u00e9dicales o\u00f9 le contact avec des fluides est possible. Les mat\u00e9riaux utilis\u00e9s pour les blouses de protection sont \u00e9galement solides et durables, ce qui permet de les utiliser plusieurs fois si n\u00e9cessaire. En outre, les blouses d&rsquo;isolation jetables sont g\u00e9n\u00e9ralement con\u00e7ues avec des poignets \u00e9lastiques et des liens \u00e0 la taille pour assurer un bon maintien.<\/li>\n<li>Ils sont con\u00e7us pour couvrir le corps du cou aux genoux et des poignets aux coudes. Ils ont des manches longues et des liens ou des bandes \u00e9lastiques aux poignets, \u00e0 la taille et au cou pour les maintenir en place. Les blouses d&rsquo;isolation sont g\u00e9n\u00e9ralement port\u00e9es dans les \u00e9tablissements m\u00e9dicaux, tels que les h\u00f4pitaux, les cliniques, les \u00e9tablissements de sant\u00e9, les \u00e9tablissements pharmaceutiques, l&rsquo;industrie alimentaire, les laboratoires, la fabrication et la s\u00e9curit\u00e9, afin de prot\u00e9ger le personnel soignant contre tout contact avec des mati\u00e8res infectieuses ou des fluides corporels. Ils peuvent \u00e9galement \u00eatre port\u00e9s par les patients pour \u00e9viter la propagation de l&rsquo;infection \u00e0 d&rsquo;autres personnes.<\/li>\n<\/ul>\n<p>&nbsp;<\/p>\n<p>&nbsp;<\/p>\n","protected":false},"excerpt":{"rendered":"<ul>\n<li>Nos blouses d&rsquo;isolation \u00e0 usage unique vous permettent de rester propre, en s\u00e9curit\u00e9 et \u00e0 l&rsquo;aise. Pour plus de confort, vos nouvelles blouses sont dot\u00e9es de coutures thermocoll\u00e9es, de poignets \u00e9lastiques et d&rsquo;un col arri\u00e8re \u00e0 fermeture velcro.<\/li>\n<li>Isoler efficacement la poussi\u00e8re et les autres substances nocives, couvrir le corps et les v\u00eatements et cr\u00e9er une barri\u00e8re physique contre la transmission de micro-organismes et d&rsquo;autres substances.<\/li>\n<\/ul>\n<h4>Caract\u00e9ristiques<\/h4>\n<p>Mat\u00e9riau : PP+PE, SMS<\/p>\n<p>Taille : 115x137cm, 120x140cm ou sur mesure<\/p>\n<p>Couleur : bleu, jaune, vert ou personnalis\u00e9e<\/p>\n<p>Type : Manchette \u00e9lastique ou manchette tricot\u00e9e<\/p>\n<p>Emballage : 10 pi\u00e8ces\/sac, 10 ou 20 sacs\/carton<\/p>\n<p>Norme : AAMI-Niveau 2, EN14126<\/p>\n<p>&nbsp;<\/p>\n<p>&nbsp;<\/p>\n<p>&nbsp;<\/p>\n","protected":false},"featured_media":3416,"template":"","meta":{"site-sidebar-layout":"default","site-content-layout":"default","ast-site-content-layout":"default","site-content-style":"default","site-sidebar-style":"default","ast-global-header-display":"","ast-banner-title-visibility":"","ast-main-header-display":"","ast-hfb-above-header-display":"","ast-hfb-below-header-display":"","ast-hfb-mobile-header-display":"","site-post-title":"","ast-breadcrumbs-content":"","ast-featured-img":"","footer-sml-layout":"","ast-disable-related-posts":"","theme-transparent-header-meta":"default","adv-header-id-meta":"","stick-header-meta":"","header-above-stick-meta":"","header-main-stick-meta":"","header-below-stick-meta":"","astra-migrate-meta-layouts":"default","ast-page-background-enabled":"default","ast-page-background-meta":{"desktop":{"background-color":"","background-image":"","background-repeat":"repeat","background-position":"center center","background-size":"auto","background-attachment":"scroll","background-type":"","background-media":"","overlay-type":"","overlay-color":"","overlay-opacity":"","overlay-gradient":""},"tablet":{"background-color":"","background-image":"","background-repeat":"repeat","background-position":"center center","background-size":"auto","background-attachment":"scroll","background-type":"","background-media":"","overlay-type":"","overlay-color":"","overlay-opacity":"","overlay-gradient":""},"mobile":{"background-color":"","background-image":"","background-repeat":"repeat","background-position":"center center","background-size":"auto","background-attachment":"scroll","background-type":"","background-media":"","overlay-type":"","overlay-color":"","overlay-opacity":"","overlay-gradient":""}},"ast-content-background-meta":{"desktop":{"background-color":"var(--ast-global-color-5)","background-image":"","background-repeat":"repeat","background-position":"center center","background-size":"auto","background-attachment":"scroll","background-type":"","background-media":"","overlay-type":"","overlay-color":"","overlay-opacity":"","overlay-gradient":""},"tablet":{"background-color":"var(--ast-global-color-5)","background-image":"","background-repeat":"repeat","background-position":"center center","background-size":"auto","background-attachment":"scroll","background-type":"","background-media":"","overlay-type":"","overlay-color":"","overlay-opacity":"","overlay-gradient":""},"mobile":{"background-color":"var(--ast-global-color-5)","background-image":"","background-repeat":"repeat","background-position":"center center","background-size":"auto","background-attachment":"scroll","background-type":"","background-media":"","overlay-type":"","overlay-color":"","overlay-opacity":"","overlay-gradient":""}}},"product_brand":[],"product_cat":[88],"product_tag":[],"class_list":{"0":"post-3798","1":"product","2":"type-product","3":"status-publish","4":"has-post-thumbnail","6":"product_cat-blouses-de-protection","7":"desktop-align-center","8":"tablet-align-left","9":"mobile-align-left","11":"first","12":"instock","13":"shipping-taxable","14":"product-type-simple"},"_links":{"self":[{"href":"https:\/\/medposnonwoven.com\/fr\/wp-json\/wp\/v2\/product\/3798","targetHints":{"allow":["GET"]}}],"collection":[{"href":"https:\/\/medposnonwoven.com\/fr\/wp-json\/wp\/v2\/product"}],"about":[{"href":"https:\/\/medposnonwoven.com\/fr\/wp-json\/wp\/v2\/types\/product"}],"wp:featuredmedia":[{"embeddable":true,"href":"https:\/\/medposnonwoven.com\/fr\/wp-json\/wp\/v2\/media\/3416"}],"wp:attachment":[{"href":"https:\/\/medposnonwoven.com\/fr\/wp-json\/wp\/v2\/media?parent=3798"}],"wp:term":[{"taxonomy":"product_brand","embeddable":true,"href":"https:\/\/medposnonwoven.com\/fr\/wp-json\/wp\/v2\/product_brand?post=3798"},{"taxonomy":"product_cat","embeddable":true,"href":"https:\/\/medposnonwoven.com\/fr\/wp-json\/wp\/v2\/product_cat?post=3798"},{"taxonomy":"product_tag","embeddable":true,"href":"https:\/\/medposnonwoven.com\/fr\/wp-json\/wp\/v2\/product_tag?post=3798"}],"curies":[{"name":"wp","href":"https:\/\/api.w.org\/{rel}","templated":true}]}}