{"id":3800,"date":"2022-12-31T13:57:21","date_gmt":"2022-12-31T13:57:21","guid":{"rendered":"https:\/\/medposnonwoven.com\/product\/couvre-barbe-jetable\/"},"modified":"2023-04-16T09:27:55","modified_gmt":"2023-04-16T09:27:55","slug":"couvre-barbe-jetable","status":"publish","type":"product","link":"https:\/\/medposnonwoven.com\/fr\/produit\/couvre-barbe-jetable\/","title":{"rendered":"Couvre-barbe jetable"},"content":{"rendered":"<ul>\n<li data-spm-anchor-id=\"a2700.details.0.i19.68fd693f12waMx\">Vous pouvez utiliser des bonnets de barbe jetables pour garder votre barbe propre lorsque vous mangez ou dormez la nuit. Ils rendent leur utilisation plus confortable et sont disponibles en quantit\u00e9 suffisante pour r\u00e9pondre \u00e0 vos besoins. Ces housses de barbe sont fabriqu\u00e9es en tissu polyester de haute qualit\u00e9, facile \u00e0 nettoyer, robuste, inodore et durable. Elles ne blessent pas votre visage ou votre peau et sont douces au toucher.<\/li>\n<li data-spm-anchor-id=\"a2700.details.0.i19.68fd693f12waMx\">Notre tablier ajustable de protection des poils du visage peut vous aider \u00e0 garder votre barbe \u00e0 l&rsquo;abri de la salet\u00e9 et de la poussi\u00e8re ainsi qu&rsquo;\u00e0 emp\u00eacher les poils errants de contaminer la nourriture ou d&rsquo;autres endroits. Il permet \u00e9galement d&rsquo;\u00e9viter que les sauces alimentaires, les soupes et les huiles ne colorent votre barbe. Vous pouvez \u00e9tirer la sangle d&rsquo;oreille \u00e9lastique et extensible pour l&rsquo;adapter \u00e0 vos besoins. La sangle d&rsquo;oreille est sans danger pour vos oreilles et peut \u00eatre utilis\u00e9e pendant de longues p\u00e9riodes.<\/li>\n<\/ul>\n<p>&nbsp;<\/p>\n<p>&nbsp;<\/p>\n","protected":false},"excerpt":{"rendered":"<ul>\n<li>Fabriqu\u00e9 en polypropyl\u00e8ne non tiss\u00e9 l\u00e9ger, durable et doux. L&rsquo;\u00e9lastique simple est tr\u00e8s extensible et facile \u00e0 mettre en place autour de votre t\u00eate, quelle que soit votre coiffure. Ces housses de barbe resteront en place pendant vos mouvements et sont \u00e9tonnamment confortables \u00e0 porter m\u00eame pendant une p\u00e9riode prolong\u00e9e telle qu&rsquo;une longue p\u00e9riode de travail.<\/li>\n<\/ul>\n<h4>Caract\u00e9ristiques<\/h4>\n<p>Mat\u00e9riau : 10gsm Spunbond<\/p>\n<p>Taille:18&Prime;, 21&Prime;<\/p>\n<p>Couleur:Bleu, Blanc<\/p>\n<p>Type : Elastique simple ou double<\/p>\n<p>Emballage : 100 pi\u00e8ces\/sac, 10 ou 20 sacs\/carton<\/p>\n<p>&nbsp;<\/p>\n<p>&nbsp;<\/p>\n","protected":false},"featured_media":3403,"template":"","meta":{"site-sidebar-layout":"default","site-content-layout":"default","ast-site-content-layout":"default","site-content-style":"default","site-sidebar-style":"default","ast-global-header-display":"","ast-banner-title-visibility":"","ast-main-header-display":"","ast-hfb-above-header-display":"","ast-hfb-below-header-display":"","ast-hfb-mobile-header-display":"","site-post-title":"","ast-breadcrumbs-content":"","ast-featured-img":"","footer-sml-layout":"","ast-disable-related-posts":"","theme-transparent-header-meta":"default","adv-header-id-meta":"","stick-header-meta":"","header-above-stick-meta":"","header-main-stick-meta":"","header-below-stick-meta":"","astra-migrate-meta-layouts":"default","ast-page-background-enabled":"default","ast-page-background-meta":{"desktop":{"background-color":"","background-image":"","background-repeat":"repeat","background-position":"center center","background-size":"auto","background-attachment":"scroll","background-type":"","background-media":"","overlay-type":"","overlay-color":"","overlay-opacity":"","overlay-gradient":""},"tablet":{"background-color":"","background-image":"","background-repeat":"repeat","background-position":"center center","background-size":"auto","background-attachment":"scroll","background-type":"","background-media":"","overlay-type":"","overlay-color":"","overlay-opacity":"","overlay-gradient":""},"mobile":{"background-color":"","background-image":"","background-repeat":"repeat","background-position":"center center","background-size":"auto","background-attachment":"scroll","background-type":"","background-media":"","overlay-type":"","overlay-color":"","overlay-opacity":"","overlay-gradient":""}},"ast-content-background-meta":{"desktop":{"background-color":"var(--ast-global-color-5)","background-image":"","background-repeat":"repeat","background-position":"center center","background-size":"auto","background-attachment":"scroll","background-type":"","background-media":"","overlay-type":"","overlay-color":"","overlay-opacity":"","overlay-gradient":""},"tablet":{"background-color":"var(--ast-global-color-5)","background-image":"","background-repeat":"repeat","background-position":"center center","background-size":"auto","background-attachment":"scroll","background-type":"","background-media":"","overlay-type":"","overlay-color":"","overlay-opacity":"","overlay-gradient":""},"mobile":{"background-color":"var(--ast-global-color-5)","background-image":"","background-repeat":"repeat","background-position":"center center","background-size":"auto","background-attachment":"scroll","background-type":"","background-media":"","overlay-type":"","overlay-color":"","overlay-opacity":"","overlay-gradient":""}}},"product_brand":[],"product_cat":[89],"product_tag":[],"class_list":{"0":"post-3800","1":"product","2":"type-product","3":"status-publish","4":"has-post-thumbnail","6":"product_cat-bouchons-jetables","7":"desktop-align-center","8":"tablet-align-left","9":"mobile-align-left","11":"first","12":"instock","13":"shipping-taxable","14":"product-type-simple"},"_links":{"self":[{"href":"https:\/\/medposnonwoven.com\/fr\/wp-json\/wp\/v2\/product\/3800","targetHints":{"allow":["GET"]}}],"collection":[{"href":"https:\/\/medposnonwoven.com\/fr\/wp-json\/wp\/v2\/product"}],"about":[{"href":"https:\/\/medposnonwoven.com\/fr\/wp-json\/wp\/v2\/types\/product"}],"wp:featuredmedia":[{"embeddable":true,"href":"https:\/\/medposnonwoven.com\/fr\/wp-json\/wp\/v2\/media\/3403"}],"wp:attachment":[{"href":"https:\/\/medposnonwoven.com\/fr\/wp-json\/wp\/v2\/media?parent=3800"}],"wp:term":[{"taxonomy":"product_brand","embeddable":true,"href":"https:\/\/medposnonwoven.com\/fr\/wp-json\/wp\/v2\/product_brand?post=3800"},{"taxonomy":"product_cat","embeddable":true,"href":"https:\/\/medposnonwoven.com\/fr\/wp-json\/wp\/v2\/product_cat?post=3800"},{"taxonomy":"product_tag","embeddable":true,"href":"https:\/\/medposnonwoven.com\/fr\/wp-json\/wp\/v2\/product_tag?post=3800"}],"curies":[{"name":"wp","href":"https:\/\/api.w.org\/{rel}","templated":true}]}}