{"id":3803,"date":"2022-12-29T14:48:14","date_gmt":"2022-12-29T14:48:14","guid":{"rendered":"https:\/\/medposnonwoven.com\/product\/n95%ef%bc%88ffp2-nr%ef%bc%89respirator-cup-mask\/"},"modified":"2023-04-16T14:15:58","modified_gmt":"2023-04-16T14:15:58","slug":"n95%ef%bc%88ffp2-nr%ef%bc%89respirator-cup-mask","status":"publish","type":"product","link":"https:\/\/medposnonwoven.com\/fr\/produit\/n95%ef%bc%88ffp2-nr%ef%bc%89respirator-cup-mask\/","title":{"rendered":"N95\uff08FFP2 NR\uff09Respirator Cup Mask"},"content":{"rendered":"<ul>\n<li data-spm-anchor-id=\"a2700.details.0.i19.68fd693f12waMx\">En tant que respirateur, il est destin\u00e9 \u00e0 r\u00e9duire l&rsquo;exposition du porteur \u00e0 certaines particules en suspension dans l&rsquo;air, notamment celles g\u00e9n\u00e9r\u00e9es par l&rsquo;\u00e9lectrocaut\u00e8re, la chirurgie au laser et d&rsquo;autres instruments m\u00e9dicaux \u00e9lectriques. En tant que respirateur chirurgical, il est con\u00e7u pour r\u00e9sister aux \u00e9claboussures de sang et d&rsquo;autres mati\u00e8res infectieuses.<\/li>\n<\/ul>\n<ul>\n<li>Propos\u00e9 en taille normale, le masque respiratoire Cup Mask est con\u00e7u pour s&rsquo;adapter confortablement \u00e0 la plupart des formes de visage tout en offrant une excellente protection respiratoire contre les particules en suspension dans l&rsquo;air et les bact\u00e9ries. Le masque ajust\u00e9 s&rsquo;adapte \u00e0 la forme naturelle du visage, minimisant les points de pression. Le pont nasal moul\u00e9 r\u00e9duit les ajustements n\u00e9cessaires pour obtenir une bonne tenue et assure une \u00e9tanch\u00e9it\u00e9 parfaite.<\/li>\n<\/ul>\n<p>&nbsp;<\/p>\n","protected":false},"excerpt":{"rendered":"<ul>\n<li>Notre masque facial N95 utilise un tissu non tiss\u00e9 respectueux de la peau, qui n&rsquo;irrite pas votre peau ; des bandeaux hautement \u00e9lastiques et un pince-nez r\u00e9glable garantissent un ajustement confortable.<\/li>\n<li>Le filtre Premium prot\u00e8ge contre 99 % des particules d&rsquo;une taille sup\u00e9rieure \u00e0 0,1 \u03bcm, efficacit\u00e9 du filtre = PFE99 %.<\/li>\n<\/ul>\n<h4>Caract\u00e9ristiques<\/h4>\n<p>Mat\u00e9riau : La structure \u00e0 5 couches assure une protection compl\u00e8te<\/p>\n<p>1er pli : 50 g\/m\u00b2 Polypropyl\u00e8ne fil\u00e9-li\u00e9 (pp) Non-tiss\u00e9<br \/>\n2\u00e8me pli : 25 g\/m\u00b2 Non-tiss\u00e9 souffl\u00e9 par fusion (filtre)<br \/>\n3\u00e8me pli : 25 g\/m\u00b2 Non-tiss\u00e9 souffl\u00e9 par fusion (filtre)<br \/>\n4\u00e8me pli : 40 g\/m\u00b2 de coton \u00e0 air chaud (ES) pour la douceur et l&rsquo;absorption de l&rsquo;humidit\u00e9<br \/>\n5e pli : 25 g\/m\u00b2 Polypropyl\u00e8ne fil\u00e9-li\u00e9 (pp) Non-tiss\u00e9<\/p>\n<p>Taille : 11.5*14cm<\/p>\n<p>Couleur : Bleu, Noir, Blanc (d&rsquo;autres couleurs sont \u00e9galement accept\u00e9es)<\/p>\n<p>Norme : EN149:2001 ; NIOSH ; FFP2 NR<\/p>\n<p>Emballage : 20 pi\u00e8ces\/bo\u00eete, 20 bo\u00eetes\/carton<\/p>\n<p>&nbsp;<\/p>\n<p>&nbsp;<\/p>\n","protected":false},"featured_media":3382,"template":"","meta":{"site-sidebar-layout":"default","site-content-layout":"default","ast-site-content-layout":"default","site-content-style":"default","site-sidebar-style":"default","ast-global-header-display":"","ast-banner-title-visibility":"","ast-main-header-display":"","ast-hfb-above-header-display":"","ast-hfb-below-header-display":"","ast-hfb-mobile-header-display":"","site-post-title":"","ast-breadcrumbs-content":"","ast-featured-img":"","footer-sml-layout":"","ast-disable-related-posts":"","theme-transparent-header-meta":"default","adv-header-id-meta":"","stick-header-meta":"","header-above-stick-meta":"","header-main-stick-meta":"","header-below-stick-meta":"","astra-migrate-meta-layouts":"default","ast-page-background-enabled":"default","ast-page-background-meta":{"desktop":{"background-color":"","background-image":"","background-repeat":"repeat","background-position":"center center","background-size":"auto","background-attachment":"scroll","background-type":"","background-media":"","overlay-type":"","overlay-color":"","overlay-opacity":"","overlay-gradient":""},"tablet":{"background-color":"","background-image":"","background-repeat":"repeat","background-position":"center center","background-size":"auto","background-attachment":"scroll","background-type":"","background-media":"","overlay-type":"","overlay-color":"","overlay-opacity":"","overlay-gradient":""},"mobile":{"background-color":"","background-image":"","background-repeat":"repeat","background-position":"center center","background-size":"auto","background-attachment":"scroll","background-type":"","background-media":"","overlay-type":"","overlay-color":"","overlay-opacity":"","overlay-gradient":""}},"ast-content-background-meta":{"desktop":{"background-color":"var(--ast-global-color-5)","background-image":"","background-repeat":"repeat","background-position":"center center","background-size":"auto","background-attachment":"scroll","background-type":"","background-media":"","overlay-type":"","overlay-color":"","overlay-opacity":"","overlay-gradient":""},"tablet":{"background-color":"var(--ast-global-color-5)","background-image":"","background-repeat":"repeat","background-position":"center center","background-size":"auto","background-attachment":"scroll","background-type":"","background-media":"","overlay-type":"","overlay-color":"","overlay-opacity":"","overlay-gradient":""},"mobile":{"background-color":"var(--ast-global-color-5)","background-image":"","background-repeat":"repeat","background-position":"center center","background-size":"auto","background-attachment":"scroll","background-type":"","background-media":"","overlay-type":"","overlay-color":"","overlay-opacity":"","overlay-gradient":""}}},"product_brand":[],"product_cat":[90],"product_tag":[],"class_list":{"0":"post-3803","1":"product","2":"type-product","3":"status-publish","4":"has-post-thumbnail","6":"product_cat-masques-et-respirateurs-jetables","7":"desktop-align-center","8":"tablet-align-left","9":"mobile-align-left","11":"first","12":"instock","13":"shipping-taxable","14":"product-type-simple"},"_links":{"self":[{"href":"https:\/\/medposnonwoven.com\/fr\/wp-json\/wp\/v2\/product\/3803","targetHints":{"allow":["GET"]}}],"collection":[{"href":"https:\/\/medposnonwoven.com\/fr\/wp-json\/wp\/v2\/product"}],"about":[{"href":"https:\/\/medposnonwoven.com\/fr\/wp-json\/wp\/v2\/types\/product"}],"wp:featuredmedia":[{"embeddable":true,"href":"https:\/\/medposnonwoven.com\/fr\/wp-json\/wp\/v2\/media\/3382"}],"wp:attachment":[{"href":"https:\/\/medposnonwoven.com\/fr\/wp-json\/wp\/v2\/media?parent=3803"}],"wp:term":[{"taxonomy":"product_brand","embeddable":true,"href":"https:\/\/medposnonwoven.com\/fr\/wp-json\/wp\/v2\/product_brand?post=3803"},{"taxonomy":"product_cat","embeddable":true,"href":"https:\/\/medposnonwoven.com\/fr\/wp-json\/wp\/v2\/product_cat?post=3803"},{"taxonomy":"product_tag","embeddable":true,"href":"https:\/\/medposnonwoven.com\/fr\/wp-json\/wp\/v2\/product_tag?post=3803"}],"curies":[{"name":"wp","href":"https:\/\/api.w.org\/{rel}","templated":true}]}}