{"id":3804,"date":"2022-12-31T13:30:34","date_gmt":"2022-12-31T13:30:34","guid":{"rendered":"https:\/\/medposnonwoven.com\/product\/capuchon-jetable-capuchon-dastronaute-capuchon-de-cagoule\/"},"modified":"2023-04-16T09:30:08","modified_gmt":"2023-04-16T09:30:08","slug":"capuchon-jetable-capuchon-dastronaute-capuchon-de-cagoule","status":"publish","type":"product","link":"https:\/\/medposnonwoven.com\/fr\/produit\/capuchon-jetable-capuchon-dastronaute-capuchon-de-cagoule\/","title":{"rendered":"Capuchon jetable Capuchon d&rsquo;astronaute Capuchon de cagoule"},"content":{"rendered":"<ul>\n<li data-spm-anchor-id=\"a2700.details.0.i19.68fd693f12waMx\">Pensez \u00e0 utiliser une hotte m\u00e9dicale en polypropyl\u00e8ne pour garantir la st\u00e9rilit\u00e9 et une protection constante. Les couvre-chefs jetables sont une solution quotidienne et non sexiste. Maintenir l&rsquo;ordre sur le chantier et contr\u00f4ler la sueur et les cheveux. Le polypropyl\u00e8ne, une r\u00e9sine synth\u00e9tique qui pr\u00e9sente une grande r\u00e9sistance aux chocs, une grande duret\u00e9, une grande souplesse et une grande l\u00e9g\u00e8ret\u00e9, est la r\u00e9sine synth\u00e9tique utilis\u00e9e dans les housses de cheveux \u00e0 usage m\u00e9dical. En outre, malgr\u00e9 le contact direct avec la peau et les cheveux, la hotte en polypropyl\u00e8ne est totalement sans danger pour eux.<\/li>\n<li data-spm-anchor-id=\"a2700.details.0.i19.68fd693f12waMx\">Les cagoules jetables peuvent offrir une protection compl\u00e8te de la t\u00eate qui est parfois n\u00e9cessaire lors de travaux n\u00e9cessitant une d\u00e9fense \u00e0 360 degr\u00e9s. Par cons\u00e9quent, les housses jetables pour cheveux peuvent assurer une d\u00e9fense efficace en prot\u00e9geant partiellement la t\u00eate, la barbe, les cheveux et le cou. L&rsquo;\u00e9lasticit\u00e9 de la cagoule pour t\u00eate et barbe lui permet de s&rsquo;adapter \u00e0 toutes les tailles de t\u00eate, de la plus petite \u00e0 la plus grande, et d&rsquo;\u00eatre bien ajust\u00e9e sur la t\u00eate. Il s&rsquo;adapte encore mieux et est plus facile \u00e0 mettre et \u00e0 ajuster gr\u00e2ce \u00e0 l&rsquo;\u00e9lastique des cagoules de protection.<\/li>\n<\/ul>\n<p>&nbsp;<\/p>\n<p>&nbsp;<\/p>\n","protected":false},"excerpt":{"rendered":"<ul>\n<li>Fabriqu\u00e9s dans un mat\u00e9riau l\u00e9ger et respirant, ces capuchons jetables ont un poids de 14GSM. Ils assurent le confort de l&rsquo;utilisateur tout au long de son travail. La bande \u00e9lastique autour de l&rsquo;ouverture permet \u00e0 chaque cagoule jetable de s&rsquo;adapter parfaitement au visage. Un bon ajustement signifie une meilleure protection et un plus grand confort pour le porteur.<\/li>\n<\/ul>\n<h4>Caract\u00e9ristiques<\/h4>\n<p>Mat\u00e9riau : 14gsm Spunbond ou personnalis\u00e9<\/p>\n<p>Taille : 34-36cm<\/p>\n<p>Couleur : bleu, vert, blanc ou personnalis\u00e9e<\/p>\n<p>Type : Elastique ou cravate<\/p>\n<p>Emballage : 100 pi\u00e8ces\/sac, 10 sacs\/carton<\/p>\n<p>&nbsp;<\/p>\n<p>&nbsp;<\/p>\n","protected":false},"featured_media":3399,"template":"","meta":{"site-sidebar-layout":"default","site-content-layout":"default","ast-site-content-layout":"default","site-content-style":"default","site-sidebar-style":"default","ast-global-header-display":"","ast-banner-title-visibility":"","ast-main-header-display":"","ast-hfb-above-header-display":"","ast-hfb-below-header-display":"","ast-hfb-mobile-header-display":"","site-post-title":"","ast-breadcrumbs-content":"","ast-featured-img":"","footer-sml-layout":"","ast-disable-related-posts":"","theme-transparent-header-meta":"default","adv-header-id-meta":"","stick-header-meta":"","header-above-stick-meta":"","header-main-stick-meta":"","header-below-stick-meta":"","astra-migrate-meta-layouts":"default","ast-page-background-enabled":"default","ast-page-background-meta":{"desktop":{"background-color":"","background-image":"","background-repeat":"repeat","background-position":"center center","background-size":"auto","background-attachment":"scroll","background-type":"","background-media":"","overlay-type":"","overlay-color":"","overlay-opacity":"","overlay-gradient":""},"tablet":{"background-color":"","background-image":"","background-repeat":"repeat","background-position":"center center","background-size":"auto","background-attachment":"scroll","background-type":"","background-media":"","overlay-type":"","overlay-color":"","overlay-opacity":"","overlay-gradient":""},"mobile":{"background-color":"","background-image":"","background-repeat":"repeat","background-position":"center center","background-size":"auto","background-attachment":"scroll","background-type":"","background-media":"","overlay-type":"","overlay-color":"","overlay-opacity":"","overlay-gradient":""}},"ast-content-background-meta":{"desktop":{"background-color":"var(--ast-global-color-5)","background-image":"","background-repeat":"repeat","background-position":"center center","background-size":"auto","background-attachment":"scroll","background-type":"","background-media":"","overlay-type":"","overlay-color":"","overlay-opacity":"","overlay-gradient":""},"tablet":{"background-color":"var(--ast-global-color-5)","background-image":"","background-repeat":"repeat","background-position":"center center","background-size":"auto","background-attachment":"scroll","background-type":"","background-media":"","overlay-type":"","overlay-color":"","overlay-opacity":"","overlay-gradient":""},"mobile":{"background-color":"var(--ast-global-color-5)","background-image":"","background-repeat":"repeat","background-position":"center center","background-size":"auto","background-attachment":"scroll","background-type":"","background-media":"","overlay-type":"","overlay-color":"","overlay-opacity":"","overlay-gradient":""}}},"product_brand":[],"product_cat":[89],"product_tag":[],"class_list":{"0":"post-3804","1":"product","2":"type-product","3":"status-publish","4":"has-post-thumbnail","6":"product_cat-bouchons-jetables","7":"desktop-align-center","8":"tablet-align-left","9":"mobile-align-left","11":"first","12":"instock","13":"shipping-taxable","14":"product-type-simple"},"_links":{"self":[{"href":"https:\/\/medposnonwoven.com\/fr\/wp-json\/wp\/v2\/product\/3804","targetHints":{"allow":["GET"]}}],"collection":[{"href":"https:\/\/medposnonwoven.com\/fr\/wp-json\/wp\/v2\/product"}],"about":[{"href":"https:\/\/medposnonwoven.com\/fr\/wp-json\/wp\/v2\/types\/product"}],"wp:featuredmedia":[{"embeddable":true,"href":"https:\/\/medposnonwoven.com\/fr\/wp-json\/wp\/v2\/media\/3399"}],"wp:attachment":[{"href":"https:\/\/medposnonwoven.com\/fr\/wp-json\/wp\/v2\/media?parent=3804"}],"wp:term":[{"taxonomy":"product_brand","embeddable":true,"href":"https:\/\/medposnonwoven.com\/fr\/wp-json\/wp\/v2\/product_brand?post=3804"},{"taxonomy":"product_cat","embeddable":true,"href":"https:\/\/medposnonwoven.com\/fr\/wp-json\/wp\/v2\/product_cat?post=3804"},{"taxonomy":"product_tag","embeddable":true,"href":"https:\/\/medposnonwoven.com\/fr\/wp-json\/wp\/v2\/product_tag?post=3804"}],"curies":[{"name":"wp","href":"https:\/\/api.w.org\/{rel}","templated":true}]}}