{"id":3806,"date":"2022-12-29T12:48:29","date_gmt":"2022-12-29T12:48:29","guid":{"rendered":"https:\/\/medposnonwoven.com\/product\/masque-kn95\/"},"modified":"2023-04-16T14:17:57","modified_gmt":"2023-04-16T14:17:57","slug":"masque-kn95","status":"publish","type":"product","link":"https:\/\/medposnonwoven.com\/fr\/produit\/masque-kn95\/","title":{"rendered":"Masque KN95"},"content":{"rendered":"<ul>\n<li data-spm-anchor-id=\"a2700.details.0.i19.68fd693f12waMx\">Le masque KN95 est un \u00e9quipement de protection respiratoire con\u00e7u pour assurer un ajustement facial tr\u00e8s serr\u00e9 et une filtration tr\u00e8s efficace des particules en suspension dans l&rsquo;air. Les masques KN95 sont un type de masque filtrant similaire au masque N95 et au masque FFP2.<\/li>\n<\/ul>\n<ul>\n<li>Les KN95 sont des exemples d&rsquo;\u00e9quipements de protection individuelle utilis\u00e9s pour prot\u00e9ger le porteur des particules en suspension dans l&rsquo;air et des liquides contaminant le visage. Le KN95 offre le plus haut degr\u00e9 de protection et est id\u00e9al pour le personnel soignant en contact \u00e9troit avec les patients Covid-19.<\/li>\n<\/ul>\n<p>&nbsp;<\/p>\n","protected":false},"excerpt":{"rendered":"<ul>\n<li>Les masques KN95 sont l\u00e9gers et pliables, et peuvent couvrir facilement la bouche, le nez et le menton. Cr\u00e9e un joint \u00e9tanche et emp\u00eache les lunettes de s&#8217;embuer. La conception en 3D offre suffisamment d&rsquo;espace pour que vous puissiez respirer.<\/li>\n<li>Le filtre Premium prot\u00e8ge contre 99 % des particules d&rsquo;une taille sup\u00e9rieure \u00e0 0,1 \u03bcm, efficacit\u00e9 du filtre = PFE99 %.<\/li>\n<\/ul>\n<h4>Caract\u00e9ristiques<\/h4>\n<p>Mat\u00e9riau : La structure \u00e0 5 couches assure une protection compl\u00e8te<\/p>\n<p>1er pli : 50 g\/m\u00b2 Polypropyl\u00e8ne fil\u00e9-li\u00e9 (pp) Non-tiss\u00e9<br \/>\n2\u00e8me pli : 25 g\/m\u00b2 Non-tiss\u00e9 souffl\u00e9 par fusion (filtre)<br \/>\n3\u00e8me pli : 25 g\/m\u00b2 Non-tiss\u00e9 souffl\u00e9 par fusion (filtre)<br \/>\n4\u00e8me pli : 40 g\/m\u00b2 de coton \u00e0 air chaud (ES) pour la douceur et l&rsquo;absorption de l&rsquo;humidit\u00e9<br \/>\n5e pli : 25 g\/m\u00b2 Polypropyl\u00e8ne fil\u00e9-li\u00e9 (pp) Non-tiss\u00e9<\/p>\n<p>Taille : 10.5*16cm<\/p>\n<p>Couleur : Bleu, Noir, Blanc (d&rsquo;autres couleurs sont \u00e9galement accept\u00e9es)<\/p>\n<p>Norme : EN149:2001 ; GB2626-2019<\/p>\n<p>Emballage : 1 pi\u00e8ce\/paquet, 20 paquets\/bo\u00eete, 50 bo\u00eetes\/carton<\/p>\n<p>&nbsp;<\/p>\n","protected":false},"featured_media":3379,"template":"","meta":{"site-sidebar-layout":"default","site-content-layout":"default","ast-site-content-layout":"default","site-content-style":"default","site-sidebar-style":"default","ast-global-header-display":"","ast-banner-title-visibility":"","ast-main-header-display":"","ast-hfb-above-header-display":"","ast-hfb-below-header-display":"","ast-hfb-mobile-header-display":"","site-post-title":"","ast-breadcrumbs-content":"","ast-featured-img":"","footer-sml-layout":"","ast-disable-related-posts":"","theme-transparent-header-meta":"default","adv-header-id-meta":"","stick-header-meta":"","header-above-stick-meta":"","header-main-stick-meta":"","header-below-stick-meta":"","astra-migrate-meta-layouts":"default","ast-page-background-enabled":"default","ast-page-background-meta":{"desktop":{"background-color":"","background-image":"","background-repeat":"repeat","background-position":"center center","background-size":"auto","background-attachment":"scroll","background-type":"","background-media":"","overlay-type":"","overlay-color":"","overlay-opacity":"","overlay-gradient":""},"tablet":{"background-color":"","background-image":"","background-repeat":"repeat","background-position":"center center","background-size":"auto","background-attachment":"scroll","background-type":"","background-media":"","overlay-type":"","overlay-color":"","overlay-opacity":"","overlay-gradient":""},"mobile":{"background-color":"","background-image":"","background-repeat":"repeat","background-position":"center center","background-size":"auto","background-attachment":"scroll","background-type":"","background-media":"","overlay-type":"","overlay-color":"","overlay-opacity":"","overlay-gradient":""}},"ast-content-background-meta":{"desktop":{"background-color":"var(--ast-global-color-5)","background-image":"","background-repeat":"repeat","background-position":"center center","background-size":"auto","background-attachment":"scroll","background-type":"","background-media":"","overlay-type":"","overlay-color":"","overlay-opacity":"","overlay-gradient":""},"tablet":{"background-color":"var(--ast-global-color-5)","background-image":"","background-repeat":"repeat","background-position":"center center","background-size":"auto","background-attachment":"scroll","background-type":"","background-media":"","overlay-type":"","overlay-color":"","overlay-opacity":"","overlay-gradient":""},"mobile":{"background-color":"var(--ast-global-color-5)","background-image":"","background-repeat":"repeat","background-position":"center center","background-size":"auto","background-attachment":"scroll","background-type":"","background-media":"","overlay-type":"","overlay-color":"","overlay-opacity":"","overlay-gradient":""}}},"product_brand":[],"product_cat":[90],"product_tag":[],"class_list":{"0":"post-3806","1":"product","2":"type-product","3":"status-publish","4":"has-post-thumbnail","6":"product_cat-masques-et-respirateurs-jetables","7":"desktop-align-center","8":"tablet-align-left","9":"mobile-align-left","11":"first","12":"instock","13":"shipping-taxable","14":"product-type-simple"},"_links":{"self":[{"href":"https:\/\/medposnonwoven.com\/fr\/wp-json\/wp\/v2\/product\/3806","targetHints":{"allow":["GET"]}}],"collection":[{"href":"https:\/\/medposnonwoven.com\/fr\/wp-json\/wp\/v2\/product"}],"about":[{"href":"https:\/\/medposnonwoven.com\/fr\/wp-json\/wp\/v2\/types\/product"}],"wp:featuredmedia":[{"embeddable":true,"href":"https:\/\/medposnonwoven.com\/fr\/wp-json\/wp\/v2\/media\/3379"}],"wp:attachment":[{"href":"https:\/\/medposnonwoven.com\/fr\/wp-json\/wp\/v2\/media?parent=3806"}],"wp:term":[{"taxonomy":"product_brand","embeddable":true,"href":"https:\/\/medposnonwoven.com\/fr\/wp-json\/wp\/v2\/product_brand?post=3806"},{"taxonomy":"product_cat","embeddable":true,"href":"https:\/\/medposnonwoven.com\/fr\/wp-json\/wp\/v2\/product_cat?post=3806"},{"taxonomy":"product_tag","embeddable":true,"href":"https:\/\/medposnonwoven.com\/fr\/wp-json\/wp\/v2\/product_tag?post=3806"}],"curies":[{"name":"wp","href":"https:\/\/api.w.org\/{rel}","templated":true}]}}