{"id":3807,"date":"2022-12-31T12:39:43","date_gmt":"2022-12-31T12:39:43","guid":{"rendered":"https:\/\/medposnonwoven.com\/product\/casquette-de-medecin-a-usage-unique\/"},"modified":"2023-04-16T13:57:27","modified_gmt":"2023-04-16T13:57:27","slug":"casquette-de-medecin-a-usage-unique","status":"publish","type":"product","link":"https:\/\/medposnonwoven.com\/fr\/produit\/casquette-de-medecin-a-usage-unique\/","title":{"rendered":"Casquette de m\u00e9decin \u00e0 usage unique"},"content":{"rendered":"<ul>\n<li>Les bonnets de lavage jetables prot\u00e8gent les chirurgiens et le personnel contre l&rsquo;exposition \u00e0 des compos\u00e9s contenant de la salet\u00e9. Le mat\u00e9riau SMS pr\u00e9sente d&rsquo;excellentes qualit\u00e9s hydrofuges et antistatiques. La zone de travail sera prot\u00e9g\u00e9e des cheveux, des gouttes de sueur et des particules s\u00e8ches provenant de la t\u00eate par des chapeaux chirurgicaux jetables. Les bonnets de chirurgien sont fabriqu\u00e9s en tissu non tiss\u00e9 confortable et durable. Le couvre-chef jetable s&rsquo;adapte \u00e0 la t\u00eate du porteur de mani\u00e8re s\u00fbre et confortable gr\u00e2ce \u00e0 son style traditionnel. Pour un maximum de confort et de simplicit\u00e9 d&rsquo;utilisation, les bonnets jetables en plastique sont dot\u00e9s de larges panneaux lat\u00e9raux, d&rsquo;une couronne ventil\u00e9e et d&rsquo;attaches r\u00e9glables.<\/li>\n<li>Les casquettes protectrices jetables pour hommes et femmes conviennent \u00e0 toutes les formes de t\u00eate. Vous pouvez facilement jeter les coiffes chirurgicales apr\u00e8s le travail car elles sont con\u00e7ues pour n&rsquo;\u00eatre utilis\u00e9es qu&rsquo;une seule fois. M\u00eame les personnes ayant des cheveux longs peuvent utiliser les coiffures jetables. Pour les cliniques, les \u00e9tablissements m\u00e9dicaux et les centres de recherche, les coiffes jetables sont id\u00e9ales. Les infirmi\u00e8res, les m\u00e9decins et les autres professionnels de la sant\u00e9 peuvent utiliser des capuchons chirurgicaux jetables lorsqu&rsquo;ils s&rsquo;occupent de patients hospitalis\u00e9s. Les v\u00e9t\u00e9rinaires peuvent \u00e9galement porter la casquette de chirurgien.<\/li>\n<\/ul>\n<p>&nbsp;<\/p>\n<p>&nbsp;<\/p>\n","protected":false},"excerpt":{"rendered":"<ul>\n<li>Ces chapeaux unisexes sont fabriqu\u00e9s en mat\u00e9riau non tiss\u00e9 SMS et sont dot\u00e9s d&rsquo;un \u00e9lastique ou d&rsquo;un lien permettant de les ajuster. Ils sont doux et confortables \u00e0 porter.<\/li>\n<li>Le SMS est un tissu fil\u00e9-li\u00e9, souffl\u00e9-fondu et fil\u00e9-li\u00e9 qui offre une grande r\u00e9sistance \u00e0 la traction. Ce type de tissu non tiss\u00e9 est durable, non toxique et respirant, plus doux que le polypropyl\u00e8ne.<\/li>\n<\/ul>\n<h4>Caract\u00e9ristiques<\/h4>\n<p>Mat\u00e9riau : 25gsm SMS ou Spunbond<\/p>\n<p>Taille : 64x15cm<\/p>\n<p>Couleur:Bleu, Vert<\/p>\n<p>Type : Elastique ou cravate<\/p>\n<p>Emballage : 100 pi\u00e8ces\/sac, 10 ou 20 sacs\/carton<\/p>\n<p>&nbsp;<\/p>\n<p>&nbsp;<\/p>\n","protected":false},"featured_media":3394,"template":"","meta":{"site-sidebar-layout":"default","site-content-layout":"default","ast-site-content-layout":"default","site-content-style":"default","site-sidebar-style":"default","ast-global-header-display":"","ast-banner-title-visibility":"","ast-main-header-display":"","ast-hfb-above-header-display":"","ast-hfb-below-header-display":"","ast-hfb-mobile-header-display":"","site-post-title":"","ast-breadcrumbs-content":"","ast-featured-img":"","footer-sml-layout":"","ast-disable-related-posts":"","theme-transparent-header-meta":"default","adv-header-id-meta":"","stick-header-meta":"","header-above-stick-meta":"","header-main-stick-meta":"","header-below-stick-meta":"","astra-migrate-meta-layouts":"default","ast-page-background-enabled":"default","ast-page-background-meta":{"desktop":{"background-color":"","background-image":"","background-repeat":"repeat","background-position":"center center","background-size":"auto","background-attachment":"scroll","background-type":"","background-media":"","overlay-type":"","overlay-color":"","overlay-opacity":"","overlay-gradient":""},"tablet":{"background-color":"","background-image":"","background-repeat":"repeat","background-position":"center center","background-size":"auto","background-attachment":"scroll","background-type":"","background-media":"","overlay-type":"","overlay-color":"","overlay-opacity":"","overlay-gradient":""},"mobile":{"background-color":"","background-image":"","background-repeat":"repeat","background-position":"center center","background-size":"auto","background-attachment":"scroll","background-type":"","background-media":"","overlay-type":"","overlay-color":"","overlay-opacity":"","overlay-gradient":""}},"ast-content-background-meta":{"desktop":{"background-color":"var(--ast-global-color-5)","background-image":"","background-repeat":"repeat","background-position":"center center","background-size":"auto","background-attachment":"scroll","background-type":"","background-media":"","overlay-type":"","overlay-color":"","overlay-opacity":"","overlay-gradient":""},"tablet":{"background-color":"var(--ast-global-color-5)","background-image":"","background-repeat":"repeat","background-position":"center center","background-size":"auto","background-attachment":"scroll","background-type":"","background-media":"","overlay-type":"","overlay-color":"","overlay-opacity":"","overlay-gradient":""},"mobile":{"background-color":"var(--ast-global-color-5)","background-image":"","background-repeat":"repeat","background-position":"center center","background-size":"auto","background-attachment":"scroll","background-type":"","background-media":"","overlay-type":"","overlay-color":"","overlay-opacity":"","overlay-gradient":""}}},"product_brand":[],"product_cat":[89],"product_tag":[],"class_list":{"0":"post-3807","1":"product","2":"type-product","3":"status-publish","4":"has-post-thumbnail","6":"product_cat-bouchons-jetables","7":"desktop-align-center","8":"tablet-align-left","9":"mobile-align-left","11":"first","12":"instock","13":"shipping-taxable","14":"product-type-simple"},"_links":{"self":[{"href":"https:\/\/medposnonwoven.com\/fr\/wp-json\/wp\/v2\/product\/3807","targetHints":{"allow":["GET"]}}],"collection":[{"href":"https:\/\/medposnonwoven.com\/fr\/wp-json\/wp\/v2\/product"}],"about":[{"href":"https:\/\/medposnonwoven.com\/fr\/wp-json\/wp\/v2\/types\/product"}],"wp:featuredmedia":[{"embeddable":true,"href":"https:\/\/medposnonwoven.com\/fr\/wp-json\/wp\/v2\/media\/3394"}],"wp:attachment":[{"href":"https:\/\/medposnonwoven.com\/fr\/wp-json\/wp\/v2\/media?parent=3807"}],"wp:term":[{"taxonomy":"product_brand","embeddable":true,"href":"https:\/\/medposnonwoven.com\/fr\/wp-json\/wp\/v2\/product_brand?post=3807"},{"taxonomy":"product_cat","embeddable":true,"href":"https:\/\/medposnonwoven.com\/fr\/wp-json\/wp\/v2\/product_cat?post=3807"},{"taxonomy":"product_tag","embeddable":true,"href":"https:\/\/medposnonwoven.com\/fr\/wp-json\/wp\/v2\/product_tag?post=3807"}],"curies":[{"name":"wp","href":"https:\/\/api.w.org\/{rel}","templated":true}]}}