{"id":3809,"date":"2023-01-02T15:24:41","date_gmt":"2023-01-02T15:24:41","guid":{"rendered":"https:\/\/medposnonwoven.com\/product\/blouses-disolation-en-pp-non-tisse\/"},"modified":"2023-04-16T09:25:41","modified_gmt":"2023-04-16T09:25:41","slug":"blouses-disolation-en-pp-non-tisse","status":"publish","type":"product","link":"https:\/\/medposnonwoven.com\/fr\/produit\/blouses-disolation-en-pp-non-tisse\/","title":{"rendered":"Blouses d&rsquo;isolation en PP non tiss\u00e9"},"content":{"rendered":"<ul>\n<li>Si vous travaillez dans un \u00e9tablissement de soins de sant\u00e9, un laboratoire ou un secteur similaire, il peut \u00eatre dangereux de contracter des maladies infectieuses. Le travail en laboratoire ou dans un environnement m\u00e9dical pr\u00e9sente des risques d&rsquo;exposition \u00e0 des dangers. Les blouses d&rsquo;isolation en polypropyl\u00e8ne sont con\u00e7ues pour offrir un maximum de confort. Jet\u00e9es apr\u00e8s chaque utilisation, les blouses d&rsquo;isolation jetables sont g\u00e9n\u00e9ralement con\u00e7ues \u00e0 partir de mat\u00e9riaux non tiss\u00e9s. Le polypropyl\u00e8ne est une mati\u00e8re premi\u00e8re couramment utilis\u00e9e dans la production de blouses d&rsquo;isolation jetables.<\/li>\n<li>Ils sont con\u00e7us pour couvrir le corps du cou aux genoux et des poignets aux coudes. Ils ont des manches longues et des liens ou des bandes \u00e9lastiques aux poignets, \u00e0 la taille et au cou pour les maintenir en place. Les blouses d&rsquo;isolation sont g\u00e9n\u00e9ralement port\u00e9es dans les \u00e9tablissements m\u00e9dicaux, tels que les h\u00f4pitaux, les cliniques, les services de sant\u00e9, les laboratoires pharmaceutiques, l&rsquo;industrie alimentaire, la fabrication et la s\u00e9curit\u00e9, afin de prot\u00e9ger le personnel soignant contre tout contact avec des mati\u00e8res infectieuses ou des fluides corporels. Ils peuvent \u00e9galement \u00eatre port\u00e9s par les patients pour \u00e9viter la propagation de l&rsquo;infection \u00e0 d&rsquo;autres personnes.<\/li>\n<\/ul>\n<p>&nbsp;<\/p>\n","protected":false},"excerpt":{"rendered":"<ul>\n<li>Cette blouse d&rsquo;isolation imperm\u00e9able est fabriqu\u00e9e en polypropyl\u00e8ne spunbond confortable, respirant et durable. Fermeture \u00e0 l&rsquo;arri\u00e8re autour du cou et de la taille avec coutures cousues pour assurer une solidit\u00e9 et une protection sup\u00e9rieures.<\/li>\n<li>Isoler efficacement la poussi\u00e8re et les autres substances nocives, couvrir le corps et les v\u00eatements et cr\u00e9er une barri\u00e8re physique contre la transmission de micro-organismes et d&rsquo;autres substances.<\/li>\n<\/ul>\n<h4>Caract\u00e9ristiques<\/h4>\n<p>Mat\u00e9riau : Polypropyl\u00e8ne Spunbond<\/p>\n<p>Taille : 115x137cm, 120x140cm ou sur mesure<\/p>\n<p>Couleur : bleu, jaune, vert ou personnalis\u00e9e<\/p>\n<p>Type : Manchette \u00e9lastique ou manchette tricot\u00e9e<\/p>\n<p>Emballage : 10 pi\u00e8ces\/sac, 10 ou 20 sacs\/carton<\/p>\n<p>&nbsp;<\/p>\n<p>&nbsp;<\/p>\n","protected":false},"featured_media":3408,"template":"","meta":{"site-sidebar-layout":"default","site-content-layout":"default","ast-site-content-layout":"default","site-content-style":"default","site-sidebar-style":"default","ast-global-header-display":"","ast-banner-title-visibility":"","ast-main-header-display":"","ast-hfb-above-header-display":"","ast-hfb-below-header-display":"","ast-hfb-mobile-header-display":"","site-post-title":"","ast-breadcrumbs-content":"","ast-featured-img":"","footer-sml-layout":"","ast-disable-related-posts":"","theme-transparent-header-meta":"default","adv-header-id-meta":"","stick-header-meta":"","header-above-stick-meta":"","header-main-stick-meta":"","header-below-stick-meta":"","astra-migrate-meta-layouts":"default","ast-page-background-enabled":"default","ast-page-background-meta":{"desktop":{"background-color":"","background-image":"","background-repeat":"repeat","background-position":"center center","background-size":"auto","background-attachment":"scroll","background-type":"","background-media":"","overlay-type":"","overlay-color":"","overlay-opacity":"","overlay-gradient":""},"tablet":{"background-color":"","background-image":"","background-repeat":"repeat","background-position":"center center","background-size":"auto","background-attachment":"scroll","background-type":"","background-media":"","overlay-type":"","overlay-color":"","overlay-opacity":"","overlay-gradient":""},"mobile":{"background-color":"","background-image":"","background-repeat":"repeat","background-position":"center center","background-size":"auto","background-attachment":"scroll","background-type":"","background-media":"","overlay-type":"","overlay-color":"","overlay-opacity":"","overlay-gradient":""}},"ast-content-background-meta":{"desktop":{"background-color":"var(--ast-global-color-5)","background-image":"","background-repeat":"repeat","background-position":"center center","background-size":"auto","background-attachment":"scroll","background-type":"","background-media":"","overlay-type":"","overlay-color":"","overlay-opacity":"","overlay-gradient":""},"tablet":{"background-color":"var(--ast-global-color-5)","background-image":"","background-repeat":"repeat","background-position":"center center","background-size":"auto","background-attachment":"scroll","background-type":"","background-media":"","overlay-type":"","overlay-color":"","overlay-opacity":"","overlay-gradient":""},"mobile":{"background-color":"var(--ast-global-color-5)","background-image":"","background-repeat":"repeat","background-position":"center center","background-size":"auto","background-attachment":"scroll","background-type":"","background-media":"","overlay-type":"","overlay-color":"","overlay-opacity":"","overlay-gradient":""}}},"product_brand":[],"product_cat":[88],"product_tag":[],"class_list":{"0":"post-3809","1":"product","2":"type-product","3":"status-publish","4":"has-post-thumbnail","6":"product_cat-blouses-de-protection","7":"desktop-align-center","8":"tablet-align-left","9":"mobile-align-left","11":"first","12":"instock","13":"shipping-taxable","14":"product-type-simple"},"_links":{"self":[{"href":"https:\/\/medposnonwoven.com\/fr\/wp-json\/wp\/v2\/product\/3809","targetHints":{"allow":["GET"]}}],"collection":[{"href":"https:\/\/medposnonwoven.com\/fr\/wp-json\/wp\/v2\/product"}],"about":[{"href":"https:\/\/medposnonwoven.com\/fr\/wp-json\/wp\/v2\/types\/product"}],"wp:featuredmedia":[{"embeddable":true,"href":"https:\/\/medposnonwoven.com\/fr\/wp-json\/wp\/v2\/media\/3408"}],"wp:attachment":[{"href":"https:\/\/medposnonwoven.com\/fr\/wp-json\/wp\/v2\/media?parent=3809"}],"wp:term":[{"taxonomy":"product_brand","embeddable":true,"href":"https:\/\/medposnonwoven.com\/fr\/wp-json\/wp\/v2\/product_brand?post=3809"},{"taxonomy":"product_cat","embeddable":true,"href":"https:\/\/medposnonwoven.com\/fr\/wp-json\/wp\/v2\/product_cat?post=3809"},{"taxonomy":"product_tag","embeddable":true,"href":"https:\/\/medposnonwoven.com\/fr\/wp-json\/wp\/v2\/product_tag?post=3809"}],"curies":[{"name":"wp","href":"https:\/\/api.w.org\/{rel}","templated":true}]}}