{"id":3810,"date":"2022-12-30T15:17:55","date_gmt":"2022-12-30T15:17:55","guid":{"rendered":"https:\/\/medposnonwoven.com\/product\/bonnet-bouffant-jetable\/"},"modified":"2023-04-16T13:58:04","modified_gmt":"2023-04-16T13:58:04","slug":"bonnet-bouffant-jetable","status":"publish","type":"product","link":"https:\/\/medposnonwoven.com\/fr\/produit\/bonnet-bouffant-jetable\/","title":{"rendered":"Bonnet bouffant jetable"},"content":{"rendered":"<ul>\n<li data-spm-anchor-id=\"a2700.details.0.i19.68fd693f12waMx\"><span data-offset-key=\"fj6rm-199-0\">Dis<\/span><span data-offset-key=\"fj6rm-200-0\">pos<\/span><span data-offset-key=\"fj6rm-201-0\">tion<\/span><span data-offset-key=\"fj6rm-202-0\"> bou<\/span><span data-offset-key=\"fj6rm-203-0\">ff<\/span><span data-offset-key=\"fj6rm-204-0\">et<\/span><span data-offset-key=\"fj6rm-205-0\"> de l&rsquo;entreprise.<\/span><span data-offset-key=\"fj6rm-206-0\">,<\/span><span data-offset-key=\"fj6rm-207-0\"> quelqu&rsquo;un appelle aussi<\/span><span data-offset-key=\"fj6rm-210-0\"> clip<\/span><span data-offset-key=\"fj6rm-211-0\"> bouchons<\/span><span data-offset-key=\"fj6rm-212-0\">Dans la plupart des cas, la bande \u00e9lastique qui s&rsquo;enroule autour de la t\u00eate pour fixer la casquette peut \u00eatre serr\u00e9e ou desserr\u00e9e en fonction de la taille de la t\u00eate. Vous pouvez ainsi vous assurer que le bouchon est bien ajust\u00e9, mais de mani\u00e8re agr\u00e9able. Les casquettes sont disponibles en diff\u00e9rentes couleurs et tailles pour diff\u00e9rentes t\u00eates. Le client peut fabriquer des capuchons d&rsquo;\u00e9paisseur fine ou \u00e9paisse pour diff\u00e9rents sc\u00e9narios.<\/span><\/li>\n<li data-spm-anchor-id=\"a2700.details.0.i19.68fd693f12waMx\">Des mat\u00e9riaux tels que le polypropyl\u00e8ne 100 % non tiss\u00e9, connu pour sa l\u00e9g\u00e8ret\u00e9 et sa respirabilit\u00e9 alors que votre t\u00eate reste confortable et prot\u00e9g\u00e9e, sont utilis\u00e9s pour am\u00e9liorer le confort du port tout au long de la journ\u00e9e. Votre t\u00eate est fermement mais affectueusement envelopp\u00e9e par une bande \u00e9lastique pour un ajustement id\u00e9al. Ils permettent \u00e9galement d&rsquo;\u00e9viter que les cheveux n&rsquo;obstruent votre espace de travail et vos yeux.<\/li>\n<\/ul>\n<p>&nbsp;<\/p>\n<p>&nbsp;<\/p>\n<p>&nbsp;<\/p>\n","protected":false},"excerpt":{"rendered":"<ul>\n<li>Les bonnets bouffants sont fabriqu\u00e9s en polypropyl\u00e8ne fil\u00e9-li\u00e9 et garantissent un maximum de confort et sont faciles \u00e0 enfiler. Le style traditionnel enveloppe solidement votre t\u00eate pour un ajustement parfait.<\/li>\n<li>Largement utilis\u00e9 \u00e0 la maison, \u00e0 l&rsquo;h\u00f4pital, au spa, au salon, dans l&rsquo;industrie des services et dans un espace de travail sans poussi\u00e8re, il ne craint pas la perte accidentelle de cheveux.<\/li>\n<\/ul>\n<h4>Caract\u00e9ristiques<\/h4>\n<p>Mat\u00e9riau : Non-tiss\u00e9 en polypropyl\u00e8ne de 10 g\/m\u00b2 (ou poids personnalis\u00e9)<\/p>\n<p>Taille:18&Prime;, 19&Prime;, 20&Prime;, 21&Prime;, 22&Prime;, 23&Prime;, 24&Prime;<\/p>\n<p>Couleur : Bleu, Noir, Blanc (d&rsquo;autres couleurs sont \u00e9galement accept\u00e9es)<\/p>\n<p>Emballage : 100 pi\u00e8ces\/sac, 10 ou 20 sacs\/carton<\/p>\n<p>&nbsp;<\/p>\n<p>&nbsp;<\/p>\n<p>&nbsp;<\/p>\n","protected":false},"featured_media":3391,"template":"","meta":{"site-sidebar-layout":"default","site-content-layout":"default","ast-site-content-layout":"default","site-content-style":"default","site-sidebar-style":"default","ast-global-header-display":"","ast-banner-title-visibility":"","ast-main-header-display":"","ast-hfb-above-header-display":"","ast-hfb-below-header-display":"","ast-hfb-mobile-header-display":"","site-post-title":"","ast-breadcrumbs-content":"","ast-featured-img":"","footer-sml-layout":"","ast-disable-related-posts":"","theme-transparent-header-meta":"default","adv-header-id-meta":"","stick-header-meta":"","header-above-stick-meta":"","header-main-stick-meta":"","header-below-stick-meta":"","astra-migrate-meta-layouts":"default","ast-page-background-enabled":"default","ast-page-background-meta":{"desktop":{"background-color":"","background-image":"","background-repeat":"repeat","background-position":"center center","background-size":"auto","background-attachment":"scroll","background-type":"","background-media":"","overlay-type":"","overlay-color":"","overlay-opacity":"","overlay-gradient":""},"tablet":{"background-color":"","background-image":"","background-repeat":"repeat","background-position":"center center","background-size":"auto","background-attachment":"scroll","background-type":"","background-media":"","overlay-type":"","overlay-color":"","overlay-opacity":"","overlay-gradient":""},"mobile":{"background-color":"","background-image":"","background-repeat":"repeat","background-position":"center center","background-size":"auto","background-attachment":"scroll","background-type":"","background-media":"","overlay-type":"","overlay-color":"","overlay-opacity":"","overlay-gradient":""}},"ast-content-background-meta":{"desktop":{"background-color":"var(--ast-global-color-5)","background-image":"","background-repeat":"repeat","background-position":"center center","background-size":"auto","background-attachment":"scroll","background-type":"","background-media":"","overlay-type":"","overlay-color":"","overlay-opacity":"","overlay-gradient":""},"tablet":{"background-color":"var(--ast-global-color-5)","background-image":"","background-repeat":"repeat","background-position":"center center","background-size":"auto","background-attachment":"scroll","background-type":"","background-media":"","overlay-type":"","overlay-color":"","overlay-opacity":"","overlay-gradient":""},"mobile":{"background-color":"var(--ast-global-color-5)","background-image":"","background-repeat":"repeat","background-position":"center center","background-size":"auto","background-attachment":"scroll","background-type":"","background-media":"","overlay-type":"","overlay-color":"","overlay-opacity":"","overlay-gradient":""}}},"product_brand":[],"product_cat":[89],"product_tag":[],"class_list":{"0":"post-3810","1":"product","2":"type-product","3":"status-publish","4":"has-post-thumbnail","6":"product_cat-bouchons-jetables","7":"desktop-align-center","8":"tablet-align-left","9":"mobile-align-left","11":"first","12":"instock","13":"shipping-taxable","14":"product-type-simple"},"_links":{"self":[{"href":"https:\/\/medposnonwoven.com\/fr\/wp-json\/wp\/v2\/product\/3810","targetHints":{"allow":["GET"]}}],"collection":[{"href":"https:\/\/medposnonwoven.com\/fr\/wp-json\/wp\/v2\/product"}],"about":[{"href":"https:\/\/medposnonwoven.com\/fr\/wp-json\/wp\/v2\/types\/product"}],"wp:featuredmedia":[{"embeddable":true,"href":"https:\/\/medposnonwoven.com\/fr\/wp-json\/wp\/v2\/media\/3391"}],"wp:attachment":[{"href":"https:\/\/medposnonwoven.com\/fr\/wp-json\/wp\/v2\/media?parent=3810"}],"wp:term":[{"taxonomy":"product_brand","embeddable":true,"href":"https:\/\/medposnonwoven.com\/fr\/wp-json\/wp\/v2\/product_brand?post=3810"},{"taxonomy":"product_cat","embeddable":true,"href":"https:\/\/medposnonwoven.com\/fr\/wp-json\/wp\/v2\/product_cat?post=3810"},{"taxonomy":"product_tag","embeddable":true,"href":"https:\/\/medposnonwoven.com\/fr\/wp-json\/wp\/v2\/product_tag?post=3810"}],"curies":[{"name":"wp","href":"https:\/\/api.w.org\/{rel}","templated":true}]}}