{"id":5599,"date":"2023-01-17T15:54:46","date_gmt":"2023-01-17T15:54:46","guid":{"rendered":"https:\/\/medposnonwoven.com\/product\/campos-cirurgicos-fenestrados\/"},"modified":"2023-05-06T09:27:14","modified_gmt":"2023-05-06T09:27:14","slug":"campos-cirurgicos-fenestrados","status":"publish","type":"product","link":"https:\/\/medposnonwoven.com\/pt-br\/produto\/campos-cirurgicos-fenestrados\/","title":{"rendered":"Campos cir\u00fargicos fenestrados"},"content":{"rendered":"<ul>\n<li>Os toalhetes cir\u00fargicos fenestrados funcionam como uma barreira protectora durante a cirurgia, impedindo a transfer\u00eancia de microrganismos e agentes patog\u00e9nicos entre o doente e o ambiente circundante, ajudando assim a manter um ambiente est\u00e9ril. Os toalhetes para cavidades cir\u00fargicas s\u00e3o ainda classificados de acordo com as suas propriedades funcionais. Os len\u00e7\u00f3is para cavidades cir\u00fargicas t\u00eam uma elevada taxa de evapora\u00e7\u00e3o da \u00e1gua, s\u00e3o muito confort\u00e1veis no corpo e t\u00eam uma excelente ader\u00eancia aos bordos da ferida. Os len\u00e7\u00f3is cir\u00fargicos gerais podem ser adaptados a diferentes procedimentos comuns e podem acomodar potenciais problemas como a descarga de fluidos ou grandes quantidades de sangue. O len\u00e7ol ortop\u00e9dico mant\u00e9m uma \u00e1rea esterilizada durante todo o procedimento e pode suportar o manuseamento pesado durante o procedimento.<\/li>\n<li>Existem algumas pr\u00e1ticas normalizadas para a utiliza\u00e7\u00e3o de len\u00e7\u00f3is cir\u00fargicos. Uma vez que os len\u00e7\u00f3is formam uma barreira entre a \u00e1rea cir\u00fargica e a \u00e1rea potencialmente infectada, apenas devem ser utilizados len\u00e7\u00f3is esterilizados em \u00e1reas esterilizadas. Isto evita fugas de \u00e1reas n\u00e3o esterilizadas para \u00e1reas esterilizadas. A folha da cavidade deve estar isenta de orif\u00edcios, perfura\u00e7\u00f5es e rasg\u00f5es, uma vez que qualquer perturba\u00e7\u00e3o da integridade da barreira microbiol\u00f3gica resultar\u00e1 em contamina\u00e7\u00e3o.<\/li>\n<li>Os len\u00e7\u00f3is cir\u00fargicos descart\u00e1veis d\u00e3o a impress\u00e3o de um padr\u00e3o de limpeza. A utiliza\u00e7\u00e3o de toalhetes e len\u00e7\u00f3is descart\u00e1veis para cavidades d\u00e1 uma impress\u00e3o de profissionalismo. Est\u00e3o limpos, arrumados, higi\u00e9nicos e prontos a serem utilizados. A maior parte das batas e len\u00e7\u00f3is cir\u00fargicos descart\u00e1veis s\u00e3o feitos de polipropileno, um subproduto da ind\u00fastria petroqu\u00edmica, que pode ser reciclado. S\u00e3o mais amigos do ambiente do que outros l\u00edquidos e produtos qu\u00edmicos utilizados no processo de lavagem. Os produtos cir\u00fargicos descart\u00e1veis tamb\u00e9m ajudam na gest\u00e3o do or\u00e7amento, uma vez que t\u00eam um valor consistente e mensur\u00e1vel.<\/li>\n<\/ul>\n<p>&nbsp;<\/p>\n<p>&nbsp;<\/p>\n","protected":false},"excerpt":{"rendered":"<ul>\n<li>Estes panos fenestrados est\u00e9reis s\u00e3o frequentemente utilizados numa variedade de opera\u00e7\u00f5es. \u00c9 altamente perme\u00e1vel ao ar, permitindo que a pele respire livremente. Al\u00e9m disso, este campo esterilizado descart\u00e1vel \u00e9 acess\u00edvel, limpo e suficientemente forte para resistir a rasg\u00f5es e rupturas. Por conseguinte, possui excelentes qualidades de conforto, bem como uma \u00f3ptima resist\u00eancia aos l\u00edquidos.<\/li>\n<\/ul>\n<h4>Caracter\u00edsticas<\/h4>\n<p>Material: SMS, SSMMS, SMMMS, PE+SMS, PE+PPP hidrof\u00edlico, PE+Viscose<\/p>\n<p>Tamanho: 50*50cm, 90*90cm ou personalizado<\/p>\n<p>Cor: azul, verde<\/p>\n<p>Tipo: Com adesivo ou sem<\/p>\n<p>Embalagem: 1 unidade\/embalagem, 10 unidades\/caixa<\/p>\n<p>&nbsp;<\/p>\n<p>&nbsp;<\/p>\n","protected":false},"featured_media":5422,"template":"","meta":{"site-sidebar-layout":"default","site-content-layout":"default","ast-site-content-layout":"default","site-content-style":"default","site-sidebar-style":"default","ast-global-header-display":"","ast-banner-title-visibility":"","ast-main-header-display":"","ast-hfb-above-header-display":"","ast-hfb-below-header-display":"","ast-hfb-mobile-header-display":"","site-post-title":"","ast-breadcrumbs-content":"","ast-featured-img":"","footer-sml-layout":"","ast-disable-related-posts":"","theme-transparent-header-meta":"default","adv-header-id-meta":"","stick-header-meta":"","header-above-stick-meta":"","header-main-stick-meta":"","header-below-stick-meta":"","astra-migrate-meta-layouts":"default","ast-page-background-enabled":"default","ast-page-background-meta":{"desktop":{"background-color":"","background-image":"","background-repeat":"repeat","background-position":"center center","background-size":"auto","background-attachment":"scroll","background-type":"","background-media":"","overlay-type":"","overlay-color":"","overlay-opacity":"","overlay-gradient":""},"tablet":{"background-color":"","background-image":"","background-repeat":"repeat","background-position":"center center","background-size":"auto","background-attachment":"scroll","background-type":"","background-media":"","overlay-type":"","overlay-color":"","overlay-opacity":"","overlay-gradient":""},"mobile":{"background-color":"","background-image":"","background-repeat":"repeat","background-position":"center center","background-size":"auto","background-attachment":"scroll","background-type":"","background-media":"","overlay-type":"","overlay-color":"","overlay-opacity":"","overlay-gradient":""}},"ast-content-background-meta":{"desktop":{"background-color":"var(--ast-global-color-5)","background-image":"","background-repeat":"repeat","background-position":"center center","background-size":"auto","background-attachment":"scroll","background-type":"","background-media":"","overlay-type":"","overlay-color":"","overlay-opacity":"","overlay-gradient":""},"tablet":{"background-color":"var(--ast-global-color-5)","background-image":"","background-repeat":"repeat","background-position":"center center","background-size":"auto","background-attachment":"scroll","background-type":"","background-media":"","overlay-type":"","overlay-color":"","overlay-opacity":"","overlay-gradient":""},"mobile":{"background-color":"var(--ast-global-color-5)","background-image":"","background-repeat":"repeat","background-position":"center center","background-size":"auto","background-attachment":"scroll","background-type":"","background-media":"","overlay-type":"","overlay-color":"","overlay-opacity":"","overlay-gradient":""}}},"product_brand":[],"product_cat":[129],"product_tag":[],"class_list":{"0":"post-5599","1":"product","2":"type-product","3":"status-publish","4":"has-post-thumbnail","6":"product_cat-batas-e-campos-cirurgicos","7":"desktop-align-center","8":"tablet-align-left","9":"mobile-align-left","11":"first","12":"instock","13":"shipping-taxable","14":"product-type-simple"},"_links":{"self":[{"href":"https:\/\/medposnonwoven.com\/pt-br\/wp-json\/wp\/v2\/product\/5599","targetHints":{"allow":["GET"]}}],"collection":[{"href":"https:\/\/medposnonwoven.com\/pt-br\/wp-json\/wp\/v2\/product"}],"about":[{"href":"https:\/\/medposnonwoven.com\/pt-br\/wp-json\/wp\/v2\/types\/product"}],"wp:featuredmedia":[{"embeddable":true,"href":"https:\/\/medposnonwoven.com\/pt-br\/wp-json\/wp\/v2\/media\/5422"}],"wp:attachment":[{"href":"https:\/\/medposnonwoven.com\/pt-br\/wp-json\/wp\/v2\/media?parent=5599"}],"wp:term":[{"taxonomy":"product_brand","embeddable":true,"href":"https:\/\/medposnonwoven.com\/pt-br\/wp-json\/wp\/v2\/product_brand?post=5599"},{"taxonomy":"product_cat","embeddable":true,"href":"https:\/\/medposnonwoven.com\/pt-br\/wp-json\/wp\/v2\/product_cat?post=5599"},{"taxonomy":"product_tag","embeddable":true,"href":"https:\/\/medposnonwoven.com\/pt-br\/wp-json\/wp\/v2\/product_tag?post=5599"}],"curies":[{"name":"wp","href":"https:\/\/api.w.org\/{rel}","templated":true}]}}