{"id":5600,"date":"2023-01-18T09:08:43","date_gmt":"2023-01-18T09:08:43","guid":{"rendered":"https:\/\/medposnonwoven.com\/product\/pelicula-soprada\/"},"modified":"2023-05-06T09:19:43","modified_gmt":"2023-05-06T09:19:43","slug":"pelicula-soprada","status":"publish","type":"product","link":"https:\/\/medposnonwoven.com\/pt-br\/produto\/pelicula-soprada\/","title":{"rendered":"Pel\u00edcula soprada"},"content":{"rendered":"<ul>\n<li>As pel\u00edculas sopradas s\u00e3o as folhas de pl\u00e1stico e as pel\u00edculas tubulares criadas pelo processo de fabrico. Estas folhas ou tubos podem ser completamente cil\u00edndricos, ou podem ser colocados outros objectos no seu interior para criar objectos \u00fateis como sacos de compras, sacos do lixo ou pel\u00edcula aderente.<br \/>\n<span id=\"inputElements~245e2695a63f9c78\" class=\"MuiTypography-root MuiTypography-inherit css-1uk1gs8\"><\/span><\/li>\n<li>Um dos muitos m\u00e9todos utilizados para fabricar pol\u00edmeros \u00e9 a extrus\u00e3o de pel\u00edculas sopradas. Este processo \u00e9 utilizado para criar pel\u00edculas de pol\u00edmeros comuns e especializadas, tais como pel\u00edculas retr\u00e1cteis, pel\u00edculas extens\u00edveis, pel\u00edculas de barreira (utilizadas para proteger carne de charcutaria), embalagens de alimentos congelados e sacos de compras, que s\u00e3o frequentemente utilizados em embalagens.<\/li>\n<li>Os pol\u00edmeros mais populares para a extrus\u00e3o de pel\u00edcula soprada s\u00e3o o polipropileno e o polietileno, embora existam tamb\u00e9m outras variedades (LDPE, HDPE e LLDPE). Este processo pode produzir pel\u00edculas monocamada, bem como pel\u00edculas multicamada mais complexas que misturam v\u00e1rios pl\u00e1sticos numa \u00fanica pel\u00edcula por co-extrus\u00e3o.<\/li>\n<\/ul>\n<p>&nbsp;<\/p>\n","protected":false},"excerpt":{"rendered":"<ul>\n<li>As nossas pel\u00edculas sopradas proporcionam um elevado desempenho em termos de impermeabilidade, suavidade, resist\u00eancia \u00e0 trac\u00e7\u00e3o e espessura uniforme.<\/li>\n<\/ul>\n<p><strong>Aplica\u00e7\u00e3o<\/strong><\/p>\n<p>Pel\u00edculas de embalagem: pel\u00edcula retr\u00e1ctil, pel\u00edcula extens\u00edvel, pel\u00edcula para sacos, revestimentos de contentores e pel\u00edcula de lamina\u00e7\u00e3o<\/p>\n<p>-Consum\u00edveis m\u00e9dicos: babetes dent\u00e1rios, len\u00e7\u00f3is de apoio, capa de maionese, etc.<\/p>\n<h4>Caracter\u00edsticas<\/h4>\n<p>Material: PEAD, PEBD, PEBD<\/p>\n<p>Tamanho: 10-200cm<\/p>\n<p>Cor: Transparente, Azul, Verde<\/p>\n<p>Tipo:Extrus\u00e3o soprada<\/p>\n<p>Embalagem: Conforme pedido<\/p>\n<p>&nbsp;<\/p>\n","protected":false},"featured_media":5435,"template":"","meta":{"site-sidebar-layout":"default","site-content-layout":"default","ast-site-content-layout":"default","site-content-style":"default","site-sidebar-style":"default","ast-global-header-display":"","ast-banner-title-visibility":"","ast-main-header-display":"","ast-hfb-above-header-display":"","ast-hfb-below-header-display":"","ast-hfb-mobile-header-display":"","site-post-title":"","ast-breadcrumbs-content":"","ast-featured-img":"","footer-sml-layout":"","ast-disable-related-posts":"","theme-transparent-header-meta":"default","adv-header-id-meta":"","stick-header-meta":"","header-above-stick-meta":"","header-main-stick-meta":"","header-below-stick-meta":"","astra-migrate-meta-layouts":"default","ast-page-background-enabled":"default","ast-page-background-meta":{"desktop":{"background-color":"","background-image":"","background-repeat":"repeat","background-position":"center center","background-size":"auto","background-attachment":"scroll","background-type":"","background-media":"","overlay-type":"","overlay-color":"","overlay-opacity":"","overlay-gradient":""},"tablet":{"background-color":"","background-image":"","background-repeat":"repeat","background-position":"center center","background-size":"auto","background-attachment":"scroll","background-type":"","background-media":"","overlay-type":"","overlay-color":"","overlay-opacity":"","overlay-gradient":""},"mobile":{"background-color":"","background-image":"","background-repeat":"repeat","background-position":"center center","background-size":"auto","background-attachment":"scroll","background-type":"","background-media":"","overlay-type":"","overlay-color":"","overlay-opacity":"","overlay-gradient":""}},"ast-content-background-meta":{"desktop":{"background-color":"var(--ast-global-color-5)","background-image":"","background-repeat":"repeat","background-position":"center center","background-size":"auto","background-attachment":"scroll","background-type":"","background-media":"","overlay-type":"","overlay-color":"","overlay-opacity":"","overlay-gradient":""},"tablet":{"background-color":"var(--ast-global-color-5)","background-image":"","background-repeat":"repeat","background-position":"center center","background-size":"auto","background-attachment":"scroll","background-type":"","background-media":"","overlay-type":"","overlay-color":"","overlay-opacity":"","overlay-gradient":""},"mobile":{"background-color":"var(--ast-global-color-5)","background-image":"","background-repeat":"repeat","background-position":"center center","background-size":"auto","background-attachment":"scroll","background-type":"","background-media":"","overlay-type":"","overlay-color":"","overlay-opacity":"","overlay-gradient":""}}},"product_brand":[],"product_cat":[130],"product_tag":[],"class_list":{"0":"post-5600","1":"product","2":"type-product","3":"status-publish","4":"has-post-thumbnail","6":"product_cat-materiais-de-pelicula-pe","7":"desktop-align-center","8":"tablet-align-left","9":"mobile-align-left","11":"first","12":"instock","13":"shipping-taxable","14":"product-type-simple"},"_links":{"self":[{"href":"https:\/\/medposnonwoven.com\/pt-br\/wp-json\/wp\/v2\/product\/5600","targetHints":{"allow":["GET"]}}],"collection":[{"href":"https:\/\/medposnonwoven.com\/pt-br\/wp-json\/wp\/v2\/product"}],"about":[{"href":"https:\/\/medposnonwoven.com\/pt-br\/wp-json\/wp\/v2\/types\/product"}],"wp:featuredmedia":[{"embeddable":true,"href":"https:\/\/medposnonwoven.com\/pt-br\/wp-json\/wp\/v2\/media\/5435"}],"wp:attachment":[{"href":"https:\/\/medposnonwoven.com\/pt-br\/wp-json\/wp\/v2\/media?parent=5600"}],"wp:term":[{"taxonomy":"product_brand","embeddable":true,"href":"https:\/\/medposnonwoven.com\/pt-br\/wp-json\/wp\/v2\/product_brand?post=5600"},{"taxonomy":"product_cat","embeddable":true,"href":"https:\/\/medposnonwoven.com\/pt-br\/wp-json\/wp\/v2\/product_cat?post=5600"},{"taxonomy":"product_tag","embeddable":true,"href":"https:\/\/medposnonwoven.com\/pt-br\/wp-json\/wp\/v2\/product_tag?post=5600"}],"curies":[{"name":"wp","href":"https:\/\/api.w.org\/{rel}","templated":true}]}}