{"id":5602,"date":"2023-01-16T16:29:20","date_gmt":"2023-01-16T16:29:20","guid":{"rendered":"https:\/\/medposnonwoven.com\/product\/protectores-de-berco-descartaveis\/"},"modified":"2023-05-06T09:35:01","modified_gmt":"2023-05-06T09:35:01","slug":"protectores-de-berco-descartaveis","status":"publish","type":"product","link":"https:\/\/medposnonwoven.com\/pt-br\/produto\/protectores-de-berco-descartaveis\/","title":{"rendered":"Protectores de ber\u00e7o descart\u00e1veis"},"content":{"rendered":"<p>Com estas coberturas descart\u00e1veis para ber\u00e7os de massagem, pode proteger a sua almofada facial de massagem. Estas coberturas de apoio facial para massagem proporcionam aos seus clientes uma \u00e1rea limpa e acolhedora para colocar o rosto durante a sess\u00e3o, evitando a contamina\u00e7\u00e3o cruzada (utiliza\u00e7\u00e3o \u00fanica). Adaptam-se \u00e0 maioria das almofadas de descanso facial para massagem e t\u00eam um aspecto polido e profissional. A cobertura, feita de polipropileno macio e n\u00e3o tecido, agrad\u00e1vel \u00e0 pele, \u00e9 fixada por um el\u00e1stico. O facto de ser descart\u00e1vel permite poupar tempo e dinheiro na lavagem de roupa e proporciona uma superf\u00edcie sempre fresca. Sem l\u00e1tex.<\/p>\n<p>&nbsp;<\/p>\n","protected":false},"excerpt":{"rendered":"<ul>\n<li>Em vez de capas de algod\u00e3o ou flanela que t\u00eam de ser lavadas ap\u00f3s cada utiliza\u00e7\u00e3o, estas capas descart\u00e1veis para apoio de cabe\u00e7a s\u00e3o simples de utilizar e poupam-lhe tempo. Design de folheto \u00fanico que \u00e9 f\u00e1cil de armazenar ou deslocar.<\/li>\n<li>Muito utilizado em SPA, gin\u00e1sio, piscina, sauna, viagens e outros tempos livres.<\/li>\n<\/ul>\n<h4>Caracter\u00edsticas<\/h4>\n<p>Material: Polipropileno Spunlace<\/p>\n<p>Tamanho: 16 &#8220;x12&#8221; ou personalizado<\/p>\n<p>Cor: Branco<\/p>\n<p>Tipo:Tamanho \u00fanico<\/p>\n<p>Embalagem: 100 unidades\/saco, 10 sacos\/caixa<\/p>\n<p>&nbsp;<\/p>\n<p>&nbsp;<\/p>\n","protected":false},"featured_media":5410,"template":"","meta":{"site-sidebar-layout":"default","site-content-layout":"default","ast-site-content-layout":"default","site-content-style":"default","site-sidebar-style":"default","ast-global-header-display":"","ast-banner-title-visibility":"","ast-main-header-display":"","ast-hfb-above-header-display":"","ast-hfb-below-header-display":"","ast-hfb-mobile-header-display":"","site-post-title":"","ast-breadcrumbs-content":"","ast-featured-img":"","footer-sml-layout":"","ast-disable-related-posts":"","theme-transparent-header-meta":"default","adv-header-id-meta":"","stick-header-meta":"","header-above-stick-meta":"","header-main-stick-meta":"","header-below-stick-meta":"","astra-migrate-meta-layouts":"default","ast-page-background-enabled":"default","ast-page-background-meta":{"desktop":{"background-color":"","background-image":"","background-repeat":"repeat","background-position":"center center","background-size":"auto","background-attachment":"scroll","background-type":"","background-media":"","overlay-type":"","overlay-color":"","overlay-opacity":"","overlay-gradient":""},"tablet":{"background-color":"","background-image":"","background-repeat":"repeat","background-position":"center center","background-size":"auto","background-attachment":"scroll","background-type":"","background-media":"","overlay-type":"","overlay-color":"","overlay-opacity":"","overlay-gradient":""},"mobile":{"background-color":"","background-image":"","background-repeat":"repeat","background-position":"center center","background-size":"auto","background-attachment":"scroll","background-type":"","background-media":"","overlay-type":"","overlay-color":"","overlay-opacity":"","overlay-gradient":""}},"ast-content-background-meta":{"desktop":{"background-color":"var(--ast-global-color-5)","background-image":"","background-repeat":"repeat","background-position":"center center","background-size":"auto","background-attachment":"scroll","background-type":"","background-media":"","overlay-type":"","overlay-color":"","overlay-opacity":"","overlay-gradient":""},"tablet":{"background-color":"var(--ast-global-color-5)","background-image":"","background-repeat":"repeat","background-position":"center center","background-size":"auto","background-attachment":"scroll","background-type":"","background-media":"","overlay-type":"","overlay-color":"","overlay-opacity":"","overlay-gradient":""},"mobile":{"background-color":"var(--ast-global-color-5)","background-image":"","background-repeat":"repeat","background-position":"center center","background-size":"auto","background-attachment":"scroll","background-type":"","background-media":"","overlay-type":"","overlay-color":"","overlay-opacity":"","overlay-gradient":""}}},"product_brand":[],"product_cat":[132],"product_tag":[],"class_list":{"0":"post-5602","1":"product","2":"type-product","3":"status-publish","4":"has-post-thumbnail","6":"product_cat-descartaveis-para-spa-e-beleza","7":"desktop-align-center","8":"tablet-align-left","9":"mobile-align-left","11":"first","12":"instock","13":"shipping-taxable","14":"product-type-simple"},"_links":{"self":[{"href":"https:\/\/medposnonwoven.com\/pt-br\/wp-json\/wp\/v2\/product\/5602","targetHints":{"allow":["GET"]}}],"collection":[{"href":"https:\/\/medposnonwoven.com\/pt-br\/wp-json\/wp\/v2\/product"}],"about":[{"href":"https:\/\/medposnonwoven.com\/pt-br\/wp-json\/wp\/v2\/types\/product"}],"wp:featuredmedia":[{"embeddable":true,"href":"https:\/\/medposnonwoven.com\/pt-br\/wp-json\/wp\/v2\/media\/5410"}],"wp:attachment":[{"href":"https:\/\/medposnonwoven.com\/pt-br\/wp-json\/wp\/v2\/media?parent=5602"}],"wp:term":[{"taxonomy":"product_brand","embeddable":true,"href":"https:\/\/medposnonwoven.com\/pt-br\/wp-json\/wp\/v2\/product_brand?post=5602"},{"taxonomy":"product_cat","embeddable":true,"href":"https:\/\/medposnonwoven.com\/pt-br\/wp-json\/wp\/v2\/product_cat?post=5602"},{"taxonomy":"product_tag","embeddable":true,"href":"https:\/\/medposnonwoven.com\/pt-br\/wp-json\/wp\/v2\/product_tag?post=5602"}],"curies":[{"name":"wp","href":"https:\/\/api.w.org\/{rel}","templated":true}]}}