{"id":5603,"date":"2023-01-17T15:23:55","date_gmt":"2023-01-17T15:23:55","guid":{"rendered":"https:\/\/medposnonwoven.com\/product\/campo-cirurgico-lateral-adesivo\/"},"modified":"2023-05-06T09:27:45","modified_gmt":"2023-05-06T09:27:45","slug":"campo-cirurgico-lateral-adesivo","status":"publish","type":"product","link":"https:\/\/medposnonwoven.com\/pt-br\/produto\/campo-cirurgico-lateral-adesivo\/","title":{"rendered":"Campo cir\u00fargico lateral adesivo"},"content":{"rendered":"<ul>\n<li>A folha lateral cir\u00fargica inclui uma folha principal e um adesivo de dupla face, em que o adesivo de dupla face est\u00e1 localizado na extremidade da folha principal. O adesivo de dupla face inclui uma camada de gel e um papel de liberta\u00e7\u00e3o, a camada de gel \u00e9 colocada num dos bordos da folha principal, o papel de liberta\u00e7\u00e3o \u00e9 colocado no topo da camada de gel, o papel de liberta\u00e7\u00e3o \u00e9 alinhado com a camada de gel ao longo do bordo da folha principal, a camada de gel \u00e9 aderida \u00e0 folha principal de um lado e ao papel de liberta\u00e7\u00e3o do outro lado. \u00c9 normalmente utilizado para cobrir a \u00e1rea n\u00e3o operada durante a cirurgia para controlo da infec\u00e7\u00e3o.<\/li>\n<li>Caracter\u00edsticas dos len\u00e7\u00f3is laterais cir\u00fargicos.1. O adesivo de dupla face pode fixar o tecido n\u00e3o tecido m\u00e9dico e a pele humana.2. a capacidade de absor\u00e7\u00e3o de fluidos, que pode absorver rapidamente o sangue e os fluidos corporais produzidos durante a cirurgia, evitando a infec\u00e7\u00e3o cruzada no corpo do paciente.\n<p>3. Descolagem f\u00e1cil e completa da folha de liberta\u00e7\u00e3o, poupando o tempo de prepara\u00e7\u00e3o para a cirurgia.<\/li>\n<\/ul>\n<p>&nbsp;<\/p>\n<p>&nbsp;<\/p>\n","protected":false},"excerpt":{"rendered":"<ul>\n<li>Estes campos adesivos est\u00e9reis s\u00e3o frequentemente utilizados numa variedade de opera\u00e7\u00f5es. \u00c9 altamente perme\u00e1vel ao ar, permitindo que a pele respire livremente. Al\u00e9m disso, este campo esterilizado descart\u00e1vel \u00e9 acess\u00edvel, limpo e suficientemente forte para resistir a rasg\u00f5es e rupturas. Por isso, tem excelentes qualidades de conforto, bem como uma excelente resist\u00eancia \u00e0 humidade.<\/li>\n<\/ul>\n<h4>Caracter\u00edsticas<\/h4>\n<p>Material: SMS, SSMMS, SMMMS, PE+SMS, PE+PPP hidrof\u00edlico, PE+Viscose<\/p>\n<p>Tamanho: 45*50cm, 75*75cm ou personalizado<\/p>\n<p>Cor: azul, verde<\/p>\n<p>Tipo: Consum\u00edveis cir\u00fargicos<\/p>\n<p>Embalagem: 1 unidade\/embalagem, 10 unidades\/caixa<\/p>\n<p>&nbsp;<\/p>\n<p>&nbsp;<\/p>\n","protected":false},"featured_media":5420,"template":"","meta":{"site-sidebar-layout":"default","site-content-layout":"default","ast-site-content-layout":"default","site-content-style":"default","site-sidebar-style":"default","ast-global-header-display":"","ast-banner-title-visibility":"","ast-main-header-display":"","ast-hfb-above-header-display":"","ast-hfb-below-header-display":"","ast-hfb-mobile-header-display":"","site-post-title":"","ast-breadcrumbs-content":"","ast-featured-img":"","footer-sml-layout":"","ast-disable-related-posts":"","theme-transparent-header-meta":"default","adv-header-id-meta":"","stick-header-meta":"","header-above-stick-meta":"","header-main-stick-meta":"","header-below-stick-meta":"","astra-migrate-meta-layouts":"default","ast-page-background-enabled":"default","ast-page-background-meta":{"desktop":{"background-color":"","background-image":"","background-repeat":"repeat","background-position":"center center","background-size":"auto","background-attachment":"scroll","background-type":"","background-media":"","overlay-type":"","overlay-color":"","overlay-opacity":"","overlay-gradient":""},"tablet":{"background-color":"","background-image":"","background-repeat":"repeat","background-position":"center center","background-size":"auto","background-attachment":"scroll","background-type":"","background-media":"","overlay-type":"","overlay-color":"","overlay-opacity":"","overlay-gradient":""},"mobile":{"background-color":"","background-image":"","background-repeat":"repeat","background-position":"center center","background-size":"auto","background-attachment":"scroll","background-type":"","background-media":"","overlay-type":"","overlay-color":"","overlay-opacity":"","overlay-gradient":""}},"ast-content-background-meta":{"desktop":{"background-color":"var(--ast-global-color-5)","background-image":"","background-repeat":"repeat","background-position":"center center","background-size":"auto","background-attachment":"scroll","background-type":"","background-media":"","overlay-type":"","overlay-color":"","overlay-opacity":"","overlay-gradient":""},"tablet":{"background-color":"var(--ast-global-color-5)","background-image":"","background-repeat":"repeat","background-position":"center center","background-size":"auto","background-attachment":"scroll","background-type":"","background-media":"","overlay-type":"","overlay-color":"","overlay-opacity":"","overlay-gradient":""},"mobile":{"background-color":"var(--ast-global-color-5)","background-image":"","background-repeat":"repeat","background-position":"center center","background-size":"auto","background-attachment":"scroll","background-type":"","background-media":"","overlay-type":"","overlay-color":"","overlay-opacity":"","overlay-gradient":""}}},"product_brand":[],"product_cat":[129],"product_tag":[],"class_list":{"0":"post-5603","1":"product","2":"type-product","3":"status-publish","4":"has-post-thumbnail","6":"product_cat-batas-e-campos-cirurgicos","7":"desktop-align-center","8":"tablet-align-left","9":"mobile-align-left","11":"first","12":"instock","13":"shipping-taxable","14":"product-type-simple"},"_links":{"self":[{"href":"https:\/\/medposnonwoven.com\/pt-br\/wp-json\/wp\/v2\/product\/5603","targetHints":{"allow":["GET"]}}],"collection":[{"href":"https:\/\/medposnonwoven.com\/pt-br\/wp-json\/wp\/v2\/product"}],"about":[{"href":"https:\/\/medposnonwoven.com\/pt-br\/wp-json\/wp\/v2\/types\/product"}],"wp:featuredmedia":[{"embeddable":true,"href":"https:\/\/medposnonwoven.com\/pt-br\/wp-json\/wp\/v2\/media\/5420"}],"wp:attachment":[{"href":"https:\/\/medposnonwoven.com\/pt-br\/wp-json\/wp\/v2\/media?parent=5603"}],"wp:term":[{"taxonomy":"product_brand","embeddable":true,"href":"https:\/\/medposnonwoven.com\/pt-br\/wp-json\/wp\/v2\/product_brand?post=5603"},{"taxonomy":"product_cat","embeddable":true,"href":"https:\/\/medposnonwoven.com\/pt-br\/wp-json\/wp\/v2\/product_cat?post=5603"},{"taxonomy":"product_tag","embeddable":true,"href":"https:\/\/medposnonwoven.com\/pt-br\/wp-json\/wp\/v2\/product_tag?post=5603"}],"curies":[{"name":"wp","href":"https:\/\/api.w.org\/{rel}","templated":true}]}}