{"id":5604,"date":"2023-01-18T05:17:09","date_gmt":"2023-01-18T05:17:09","guid":{"rendered":"https:\/\/medposnonwoven.com\/product\/pelicula-de-plastico-respiravel\/"},"modified":"2023-05-06T09:21:40","modified_gmt":"2023-05-06T09:21:40","slug":"pelicula-de-plastico-respiravel","status":"publish","type":"product","link":"https:\/\/medposnonwoven.com\/pt-br\/produto\/pelicula-de-plastico-respiravel\/","title":{"rendered":"Pel\u00edcula de pl\u00e1stico respir\u00e1vel"},"content":{"rendered":"<ul>\n<li><span id=\"inputElements~fe3dfdac5d3e091d\" class=\"MuiTypography-root MuiTypography-inherit css-1uk1gs8\">As pel\u00edculas respir\u00e1veis s\u00e3o geradas por pel\u00edcula moldada ou soprada, seguida de estiramento. O carbonato de c\u00e1lcio provoca a cria\u00e7\u00e3o de cavidades uniformes, que proporcionam caracter\u00edsticas de membrana. Estas pel\u00edculas oferecem uma alternativa de baixo custo para o controlo da humidade numa variedade de aplica\u00e7\u00f5es, incluindo len\u00e7\u00f3is de fraldas para beb\u00e9s, higiene feminina, incontin\u00eancia de adultos, coberturas, revestimento de casas e batas cir\u00fargicas.<\/span><span id=\"inputElements~245e2695a63f9c78\" class=\"MuiTypography-root MuiTypography-inherit css-1uk1gs8\"><\/span><\/li>\n<li>Para avaliar a quantidade de vapor que pode passar atrav\u00e9s de uma pel\u00edcula, mede-se a taxa de transmiss\u00e3o de vapor de \u00e1gua. As mol\u00e9culas que comp\u00f5em as pel\u00edculas de pol\u00edmero est\u00e3o dispostas em longas cadeias tridimensionais. A permeabilidade desta matriz diminui \u00e0 medida que a sua densidade aumenta numa pel\u00edcula. Os pol\u00edmeros acr\u00edlicos das nossas formula\u00e7\u00f5es criam uma matriz menos espessa que permite que a \u00e1gua vaporizada penetre na pel\u00edcula, mas n\u00e3o a \u00e1gua l\u00edquida.<\/li>\n<\/ul>\n<p>&nbsp;<\/p>\n","protected":false},"excerpt":{"rendered":"<ul>\n<li>As pel\u00edculas respir\u00e1veis s\u00e3o pel\u00edculas finas, microporosas ou monol\u00edticas, imperme\u00e1veis a l\u00edquidos (\u00e1gua\/sangue) mas perme\u00e1veis a gases (vapores de \u00e1gua). As nossas pel\u00edculas t\u00eam um elevado desempenho em termos de impermeabilidade, suavidade, resist\u00eancia \u00e0 trac\u00e7\u00e3o e espessura uniforme.<\/li>\n<\/ul>\n<p><strong>Aplica\u00e7\u00e3o<\/strong><\/p>\n<p>-Produtos de higiene: Pel\u00edcula de suporte de fraldas para beb\u00e9s, fraldas para adultos e pensos higi\u00e9nicos.<\/p>\n<p>-Produtos de cuidados de sa\u00fade: batas de protec\u00e7\u00e3o, batas cir\u00fargicas, campos m\u00e9dicos, macac\u00f5es descart\u00e1veis, len\u00e7\u00f3is.<\/p>\n<h4>Caracter\u00edsticas<\/h4>\n<p>Material: Polietileno e <span id=\"inputElements~fe3dfdac5d3e091d\" class=\"MuiTypography-root MuiTypography-inherit css-1uk1gs8\">carbonato de c\u00e1lcio<\/span><\/p>\n<p>Tamanho: 10-200cm<\/p>\n<p>Cor: Azul, verde, leitoso ou personalizado<\/p>\n<p>Tipo:Pel\u00edculas de folha posterior<\/p>\n<p>Embalagem: Como pedido<\/p>\n<p>&nbsp;<\/p>\n","protected":false},"featured_media":5433,"template":"","meta":{"site-sidebar-layout":"default","site-content-layout":"default","ast-site-content-layout":"default","site-content-style":"default","site-sidebar-style":"default","ast-global-header-display":"","ast-banner-title-visibility":"","ast-main-header-display":"","ast-hfb-above-header-display":"","ast-hfb-below-header-display":"","ast-hfb-mobile-header-display":"","site-post-title":"","ast-breadcrumbs-content":"","ast-featured-img":"","footer-sml-layout":"","ast-disable-related-posts":"","theme-transparent-header-meta":"default","adv-header-id-meta":"","stick-header-meta":"","header-above-stick-meta":"","header-main-stick-meta":"","header-below-stick-meta":"","astra-migrate-meta-layouts":"default","ast-page-background-enabled":"default","ast-page-background-meta":{"desktop":{"background-color":"","background-image":"","background-repeat":"repeat","background-position":"center center","background-size":"auto","background-attachment":"scroll","background-type":"","background-media":"","overlay-type":"","overlay-color":"","overlay-opacity":"","overlay-gradient":""},"tablet":{"background-color":"","background-image":"","background-repeat":"repeat","background-position":"center center","background-size":"auto","background-attachment":"scroll","background-type":"","background-media":"","overlay-type":"","overlay-color":"","overlay-opacity":"","overlay-gradient":""},"mobile":{"background-color":"","background-image":"","background-repeat":"repeat","background-position":"center center","background-size":"auto","background-attachment":"scroll","background-type":"","background-media":"","overlay-type":"","overlay-color":"","overlay-opacity":"","overlay-gradient":""}},"ast-content-background-meta":{"desktop":{"background-color":"var(--ast-global-color-5)","background-image":"","background-repeat":"repeat","background-position":"center center","background-size":"auto","background-attachment":"scroll","background-type":"","background-media":"","overlay-type":"","overlay-color":"","overlay-opacity":"","overlay-gradient":""},"tablet":{"background-color":"var(--ast-global-color-5)","background-image":"","background-repeat":"repeat","background-position":"center center","background-size":"auto","background-attachment":"scroll","background-type":"","background-media":"","overlay-type":"","overlay-color":"","overlay-opacity":"","overlay-gradient":""},"mobile":{"background-color":"var(--ast-global-color-5)","background-image":"","background-repeat":"repeat","background-position":"center center","background-size":"auto","background-attachment":"scroll","background-type":"","background-media":"","overlay-type":"","overlay-color":"","overlay-opacity":"","overlay-gradient":""}}},"product_brand":[],"product_cat":[130],"product_tag":[],"class_list":{"0":"post-5604","1":"product","2":"type-product","3":"status-publish","4":"has-post-thumbnail","6":"product_cat-materiais-de-pelicula-pe","7":"desktop-align-center","8":"tablet-align-left","9":"mobile-align-left","11":"first","12":"instock","13":"shipping-taxable","14":"product-type-simple"},"_links":{"self":[{"href":"https:\/\/medposnonwoven.com\/pt-br\/wp-json\/wp\/v2\/product\/5604","targetHints":{"allow":["GET"]}}],"collection":[{"href":"https:\/\/medposnonwoven.com\/pt-br\/wp-json\/wp\/v2\/product"}],"about":[{"href":"https:\/\/medposnonwoven.com\/pt-br\/wp-json\/wp\/v2\/types\/product"}],"wp:featuredmedia":[{"embeddable":true,"href":"https:\/\/medposnonwoven.com\/pt-br\/wp-json\/wp\/v2\/media\/5433"}],"wp:attachment":[{"href":"https:\/\/medposnonwoven.com\/pt-br\/wp-json\/wp\/v2\/media?parent=5604"}],"wp:term":[{"taxonomy":"product_brand","embeddable":true,"href":"https:\/\/medposnonwoven.com\/pt-br\/wp-json\/wp\/v2\/product_brand?post=5604"},{"taxonomy":"product_cat","embeddable":true,"href":"https:\/\/medposnonwoven.com\/pt-br\/wp-json\/wp\/v2\/product_cat?post=5604"},{"taxonomy":"product_tag","embeddable":true,"href":"https:\/\/medposnonwoven.com\/pt-br\/wp-json\/wp\/v2\/product_tag?post=5604"}],"curies":[{"name":"wp","href":"https:\/\/api.w.org\/{rel}","templated":true}]}}