{"id":5606,"date":"2023-01-16T15:29:05","date_gmt":"2023-01-16T15:29:05","guid":{"rendered":"https:\/\/medposnonwoven.com\/product\/roupao-de-banho-descartavel\/"},"modified":"2023-05-06T09:38:16","modified_gmt":"2023-05-06T09:38:16","slug":"roupao-de-banho-descartavel","status":"publish","type":"product","link":"https:\/\/medposnonwoven.com\/pt-br\/produto\/roupao-de-banho-descartavel\/","title":{"rendered":"Roup\u00e3o de banho descart\u00e1vel"},"content":{"rendered":"<ul>\n<li>Os roup\u00f5es de banho descart\u00e1veis s\u00e3o uma solu\u00e7\u00e3o f\u00e1cil e \u00fanica para se vestir depois de um duche ou banho. T\u00eam um ajuste agrad\u00e1vel, uma vez que s\u00e3o compostos por materiais leves e imperme\u00e1veis, como os tecidos n\u00e3o tecidos. T\u00eam uma forma envolvente com capuz e fecho com atilhos. Devido \u00e0 sua facilidade de elimina\u00e7\u00e3o ap\u00f3s a utiliza\u00e7\u00e3o, os roup\u00f5es de banho descart\u00e1veis s\u00e3o uma excelente escolha para hot\u00e9is, spas e sal\u00f5es de beleza. Podem tamb\u00e9m ser utilizados para dar mais calor e cobertura noutros locais, como consult\u00f3rios m\u00e9dicos. Para as pessoas que preferem manter a pele limpa, os roup\u00f5es de banho descart\u00e1veis existem numa variedade de tamanhos e tonalidades e oferecem uma solu\u00e7\u00e3o higi\u00e9nica. S\u00e3o uma \u00f3ptima op\u00e7\u00e3o porque s\u00e3o baratos e f\u00e1ceis de guardar.<\/li>\n<li>O tecido n\u00e3o tecido leve e de alta qualidade utilizado para fabricar este roup\u00e3o de spa descart\u00e1vel oferece durabilidade e utiliza\u00e7\u00e3o duradoura. Esta corda \u00e9 confort\u00e1vel ao toque e seca rapidamente. O seu tamanho vers\u00e1til permite satisfazer as necessidades da maioria das pessoas; \u00e9 aconchegante mas eficaz como toalha para a sua sess\u00e3o de SPA ou depois de usar a casa de banho, quando quer ter uma boa apar\u00eancia mas tamb\u00e9m se sentir confort\u00e1vel.<\/li>\n<\/ul>\n<p>&nbsp;<\/p>\n","protected":false},"excerpt":{"rendered":"<ul>\n<li>Roup\u00e3o de banho descart\u00e1vel Proporciona privacidade e promove o relaxamento com um toque de algod\u00e3o, o tecido \u00e9 mais espesso, opaco, sem sol e tem uma cintura el\u00e1stica.<\/li>\n<li>Muito utilizado em SPA, gin\u00e1sio, piscina, sauna, viagens e outros tempos livres.<\/li>\n<\/ul>\n<h4>Caracter\u00edsticas<\/h4>\n<p>Material: Polipropileno Spunbond<\/p>\n<p>Tamanho: S,M,L<\/p>\n<p>Cor: preto, branco, azul escuro<\/p>\n<p>Tipo: Com cintura el\u00e1stica<\/p>\n<p>Embalagem: 10 pcs\/saco, 20 sacos\/caixa de cart\u00e3o<\/p>\n<p>&nbsp;<\/p>\n<p>&nbsp;<\/p>\n","protected":false},"featured_media":5404,"template":"","meta":{"site-sidebar-layout":"default","site-content-layout":"default","ast-site-content-layout":"default","site-content-style":"default","site-sidebar-style":"default","ast-global-header-display":"","ast-banner-title-visibility":"","ast-main-header-display":"","ast-hfb-above-header-display":"","ast-hfb-below-header-display":"","ast-hfb-mobile-header-display":"","site-post-title":"","ast-breadcrumbs-content":"","ast-featured-img":"","footer-sml-layout":"","ast-disable-related-posts":"","theme-transparent-header-meta":"default","adv-header-id-meta":"","stick-header-meta":"","header-above-stick-meta":"","header-main-stick-meta":"","header-below-stick-meta":"","astra-migrate-meta-layouts":"default","ast-page-background-enabled":"default","ast-page-background-meta":{"desktop":{"background-color":"","background-image":"","background-repeat":"repeat","background-position":"center center","background-size":"auto","background-attachment":"scroll","background-type":"","background-media":"","overlay-type":"","overlay-color":"","overlay-opacity":"","overlay-gradient":""},"tablet":{"background-color":"","background-image":"","background-repeat":"repeat","background-position":"center center","background-size":"auto","background-attachment":"scroll","background-type":"","background-media":"","overlay-type":"","overlay-color":"","overlay-opacity":"","overlay-gradient":""},"mobile":{"background-color":"","background-image":"","background-repeat":"repeat","background-position":"center center","background-size":"auto","background-attachment":"scroll","background-type":"","background-media":"","overlay-type":"","overlay-color":"","overlay-opacity":"","overlay-gradient":""}},"ast-content-background-meta":{"desktop":{"background-color":"var(--ast-global-color-5)","background-image":"","background-repeat":"repeat","background-position":"center center","background-size":"auto","background-attachment":"scroll","background-type":"","background-media":"","overlay-type":"","overlay-color":"","overlay-opacity":"","overlay-gradient":""},"tablet":{"background-color":"var(--ast-global-color-5)","background-image":"","background-repeat":"repeat","background-position":"center center","background-size":"auto","background-attachment":"scroll","background-type":"","background-media":"","overlay-type":"","overlay-color":"","overlay-opacity":"","overlay-gradient":""},"mobile":{"background-color":"var(--ast-global-color-5)","background-image":"","background-repeat":"repeat","background-position":"center center","background-size":"auto","background-attachment":"scroll","background-type":"","background-media":"","overlay-type":"","overlay-color":"","overlay-opacity":"","overlay-gradient":""}}},"product_brand":[],"product_cat":[132],"product_tag":[],"class_list":{"0":"post-5606","1":"product","2":"type-product","3":"status-publish","4":"has-post-thumbnail","6":"product_cat-descartaveis-para-spa-e-beleza","7":"desktop-align-center","8":"tablet-align-left","9":"mobile-align-left","11":"first","12":"instock","13":"shipping-taxable","14":"product-type-simple"},"_links":{"self":[{"href":"https:\/\/medposnonwoven.com\/pt-br\/wp-json\/wp\/v2\/product\/5606","targetHints":{"allow":["GET"]}}],"collection":[{"href":"https:\/\/medposnonwoven.com\/pt-br\/wp-json\/wp\/v2\/product"}],"about":[{"href":"https:\/\/medposnonwoven.com\/pt-br\/wp-json\/wp\/v2\/types\/product"}],"wp:featuredmedia":[{"embeddable":true,"href":"https:\/\/medposnonwoven.com\/pt-br\/wp-json\/wp\/v2\/media\/5404"}],"wp:attachment":[{"href":"https:\/\/medposnonwoven.com\/pt-br\/wp-json\/wp\/v2\/media?parent=5606"}],"wp:term":[{"taxonomy":"product_brand","embeddable":true,"href":"https:\/\/medposnonwoven.com\/pt-br\/wp-json\/wp\/v2\/product_brand?post=5606"},{"taxonomy":"product_cat","embeddable":true,"href":"https:\/\/medposnonwoven.com\/pt-br\/wp-json\/wp\/v2\/product_cat?post=5606"},{"taxonomy":"product_tag","embeddable":true,"href":"https:\/\/medposnonwoven.com\/pt-br\/wp-json\/wp\/v2\/product_tag?post=5606"}],"curies":[{"name":"wp","href":"https:\/\/api.w.org\/{rel}","templated":true}]}}