{"id":5607,"date":"2023-01-18T04:15:05","date_gmt":"2023-01-18T04:15:05","guid":{"rendered":"https:\/\/medposnonwoven.com\/product\/pelicula-de-extrusao-fundida-pe\/"},"modified":"2023-05-06T09:23:10","modified_gmt":"2023-05-06T09:23:10","slug":"pelicula-de-extrusao-fundida-pe","status":"publish","type":"product","link":"https:\/\/medposnonwoven.com\/pt-br\/produto\/pelicula-de-extrusao-fundida-pe\/","title":{"rendered":"Pel\u00edcula de extrus\u00e3o fundida PE"},"content":{"rendered":"<ul>\n<li>A pel\u00edcula de pl\u00e1stico fundido utiliza o m\u00e9todo de coextrus\u00e3o, que consiste na extrus\u00e3o simult\u00e2nea de dois ou mais materiais a partir de uma \u00fanica matriz para criar uma pel\u00edcula com v\u00e1rias camadas. Isto deve-se ao facto de ser frequentemente exigido um desempenho para a aplica\u00e7\u00e3o final da pel\u00edcula de pl\u00e1stico, que n\u00e3o pode ser cumprido se a pel\u00edcula for feita de uma \u00fanica subst\u00e2ncia.<\/li>\n<li>Em contraste com o m\u00e9todo de pel\u00edcula soprada, a pel\u00edcula que utiliza a extrus\u00e3o fundida \u00e9 extremamente eficiente. Isto permite velocidades de linha de produ\u00e7\u00e3o mais r\u00e1pidas, conduzindo a taxas de produ\u00e7\u00e3o mais elevadas com caracter\u00edsticas \u00f3pticas melhoradas. O grau de trac\u00e7\u00e3o e alinhamento no processo de pel\u00edcula fundida \u00e9 substancialmente inferior ao do processo de pel\u00edcula soprada.<\/li>\n<li>O pol\u00edmero fundido \u00e9 extrudido atrav\u00e9s de um mecanismo de matriz plana para formar a forma final de pel\u00edcula plana no processo de extrus\u00e3o de pel\u00edcula fundida. O sistema de matriz \u00e9 constitu\u00eddo pela matriz e pelo bloco de alimenta\u00e7\u00e3o (se for necess\u00e1ria a coextrus\u00e3o) ou apenas pela matriz se for utilizada a extrus\u00e3o monocamada.<\/li>\n<\/ul>\n<p>&nbsp;<\/p>\n","protected":false},"excerpt":{"rendered":"<ul>\n<li>Fabricadas com material de polietileno 100% virgem, as pel\u00edculas CPE e TPE tamb\u00e9m podem ser fabricadas pelo m\u00e9todo de extrus\u00e3o por fundi\u00e7\u00e3o, as nossas pel\u00edculas t\u00eam um elevado desempenho em termos de impermeabilidade, suavidade, resist\u00eancia \u00e0 trac\u00e7\u00e3o e espessura uniforme.<\/li>\n<\/ul>\n<p><strong>Aplica\u00e7\u00e3o<\/strong><\/p>\n<p>-Produtos de higiene: Pel\u00edcula de suporte de fraldas para beb\u00e9s, fraldas para adultos, pensos higi\u00e9nicos, resguardos<\/p>\n<p>-Produtos de uso di\u00e1rio: luvas, protec\u00e7\u00f5es para sapatos, gorros, toalhas de mesa, aventais, len\u00e7\u00f3is, etc.<\/p>\n<p>Produtos de cuidados de sa\u00fade: batas de protec\u00e7\u00e3o, batas cir\u00fargicas, batas de isolamento, campos m\u00e9dicos, fatos-macaco descart\u00e1veis<\/p>\n<h4>Caracter\u00edsticas<\/h4>\n<p>Material: Polietileno PE<\/p>\n<p>Tamanho: 10-200cm<\/p>\n<p>Cor: Azul, verde, leitoso ou personalizado<\/p>\n<p>Tipo: Superf\u00edcie lisa ou com relevo<\/p>\n<p>Embalagem: Conforme pedido<\/p>\n<p>&nbsp;<\/p>\n","protected":false},"featured_media":5429,"template":"","meta":{"site-sidebar-layout":"default","site-content-layout":"default","ast-site-content-layout":"default","site-content-style":"default","site-sidebar-style":"default","ast-global-header-display":"","ast-banner-title-visibility":"","ast-main-header-display":"","ast-hfb-above-header-display":"","ast-hfb-below-header-display":"","ast-hfb-mobile-header-display":"","site-post-title":"","ast-breadcrumbs-content":"","ast-featured-img":"","footer-sml-layout":"","ast-disable-related-posts":"","theme-transparent-header-meta":"default","adv-header-id-meta":"","stick-header-meta":"","header-above-stick-meta":"","header-main-stick-meta":"","header-below-stick-meta":"","astra-migrate-meta-layouts":"default","ast-page-background-enabled":"default","ast-page-background-meta":{"desktop":{"background-color":"","background-image":"","background-repeat":"repeat","background-position":"center center","background-size":"auto","background-attachment":"scroll","background-type":"","background-media":"","overlay-type":"","overlay-color":"","overlay-opacity":"","overlay-gradient":""},"tablet":{"background-color":"","background-image":"","background-repeat":"repeat","background-position":"center center","background-size":"auto","background-attachment":"scroll","background-type":"","background-media":"","overlay-type":"","overlay-color":"","overlay-opacity":"","overlay-gradient":""},"mobile":{"background-color":"","background-image":"","background-repeat":"repeat","background-position":"center center","background-size":"auto","background-attachment":"scroll","background-type":"","background-media":"","overlay-type":"","overlay-color":"","overlay-opacity":"","overlay-gradient":""}},"ast-content-background-meta":{"desktop":{"background-color":"var(--ast-global-color-5)","background-image":"","background-repeat":"repeat","background-position":"center center","background-size":"auto","background-attachment":"scroll","background-type":"","background-media":"","overlay-type":"","overlay-color":"","overlay-opacity":"","overlay-gradient":""},"tablet":{"background-color":"var(--ast-global-color-5)","background-image":"","background-repeat":"repeat","background-position":"center center","background-size":"auto","background-attachment":"scroll","background-type":"","background-media":"","overlay-type":"","overlay-color":"","overlay-opacity":"","overlay-gradient":""},"mobile":{"background-color":"var(--ast-global-color-5)","background-image":"","background-repeat":"repeat","background-position":"center center","background-size":"auto","background-attachment":"scroll","background-type":"","background-media":"","overlay-type":"","overlay-color":"","overlay-opacity":"","overlay-gradient":""}}},"product_brand":[],"product_cat":[130],"product_tag":[],"class_list":{"0":"post-5607","1":"product","2":"type-product","3":"status-publish","4":"has-post-thumbnail","6":"product_cat-materiais-de-pelicula-pe","7":"desktop-align-center","8":"tablet-align-left","9":"mobile-align-left","11":"first","12":"instock","13":"shipping-taxable","14":"product-type-simple"},"_links":{"self":[{"href":"https:\/\/medposnonwoven.com\/pt-br\/wp-json\/wp\/v2\/product\/5607","targetHints":{"allow":["GET"]}}],"collection":[{"href":"https:\/\/medposnonwoven.com\/pt-br\/wp-json\/wp\/v2\/product"}],"about":[{"href":"https:\/\/medposnonwoven.com\/pt-br\/wp-json\/wp\/v2\/types\/product"}],"wp:featuredmedia":[{"embeddable":true,"href":"https:\/\/medposnonwoven.com\/pt-br\/wp-json\/wp\/v2\/media\/5429"}],"wp:attachment":[{"href":"https:\/\/medposnonwoven.com\/pt-br\/wp-json\/wp\/v2\/media?parent=5607"}],"wp:term":[{"taxonomy":"product_brand","embeddable":true,"href":"https:\/\/medposnonwoven.com\/pt-br\/wp-json\/wp\/v2\/product_brand?post=5607"},{"taxonomy":"product_cat","embeddable":true,"href":"https:\/\/medposnonwoven.com\/pt-br\/wp-json\/wp\/v2\/product_cat?post=5607"},{"taxonomy":"product_tag","embeddable":true,"href":"https:\/\/medposnonwoven.com\/pt-br\/wp-json\/wp\/v2\/product_tag?post=5607"}],"curies":[{"name":"wp","href":"https:\/\/api.w.org\/{rel}","templated":true}]}}