{"id":5608,"date":"2023-01-17T15:08:04","date_gmt":"2023-01-17T15:08:04","guid":{"rendered":"https:\/\/medposnonwoven.com\/product\/bata-cirurgica-reforcada\/"},"modified":"2023-05-06T09:28:05","modified_gmt":"2023-05-06T09:28:05","slug":"bata-cirurgica-reforcada","status":"publish","type":"product","link":"https:\/\/medposnonwoven.com\/pt-br\/produto\/bata-cirurgica-reforcada\/","title":{"rendered":"Bata cir\u00fargica refor\u00e7ada"},"content":{"rendered":"<ul>\n<li>A bata cir\u00fargica refor\u00e7ada descart\u00e1vel \u00e9 uma pe\u00e7a de vestu\u00e1rio de protec\u00e7\u00e3o necess\u00e1ria para os procedimentos cir\u00fargicos, a fim de reduzir o risco de contacto entre o pessoal m\u00e9dico e os microrganismos patog\u00e9nicos e tamb\u00e9m para reduzir o risco de transmiss\u00e3o de microrganismos patog\u00e9nicos entre o pessoal m\u00e9dico e os doentes, garantindo a seguran\u00e7a da opera\u00e7\u00e3o. A pe\u00e7a de refor\u00e7o incorporada, cosida no peito e nos punhos do lado oposto da bata, refor\u00e7a as suas propriedades de bloqueio de germes e melhora a resist\u00eancia ao sangue e ao \u00e1lcool.<\/li>\n<li>Utilizando a mais recente tecnologia de tecido SMS, a bata cir\u00fargica oferece uma suavidade excepcional em termos de leveza e respirabilidade. A interface ultra-s\u00f3nica selada a quente, sem furos na interface, \u00e9 soberbamente trabalhada para proporcionar um efeito de barreira eficaz.<\/li>\n<\/ul>\n<p>&nbsp;<\/p>\n<p>&nbsp;<\/p>\n","protected":false},"excerpt":{"rendered":"<ul>\n<li>Estas batas cir\u00fargicas refor\u00e7adas s\u00e3o mais fi\u00e1veis e t\u00eam um desempenho mais elevado na preven\u00e7\u00e3o da penetra\u00e7\u00e3o de sangue e bact\u00e9rias, em compara\u00e7\u00e3o com as batas cir\u00fargicas normais.<\/li>\n<li>Amplamente utilizado por cirurgi\u00f5es durante a cirurgia hospitalar, tratamento de pacientes. qualquer local onde seja necess\u00e1ria protec\u00e7\u00e3o para evitar sangue, bact\u00e9rias e v\u00edrus.<\/li>\n<\/ul>\n<h4>Caracter\u00edsticas<\/h4>\n<p>Material: Polipropileno SMS\/SMMS\/SSMMS<\/p>\n<p>Tamanho: 120x140cm, 130x150cm ou personalizado<\/p>\n<p>Cor: azul, verde<\/p>\n<p>Tipo: Com fecho de correr ou velcro. Embalagem n\u00e3o est\u00e9ril ou est\u00e9ril<\/p>\n<p>Embalagem: 1 pcs\/saco, 100 sacos\/caixa<\/p>\n<p>&nbsp;<\/p>\n<p>&nbsp;<\/p>\n","protected":false},"featured_media":5419,"template":"","meta":{"site-sidebar-layout":"default","site-content-layout":"default","ast-site-content-layout":"default","site-content-style":"default","site-sidebar-style":"default","ast-global-header-display":"","ast-banner-title-visibility":"","ast-main-header-display":"","ast-hfb-above-header-display":"","ast-hfb-below-header-display":"","ast-hfb-mobile-header-display":"","site-post-title":"","ast-breadcrumbs-content":"","ast-featured-img":"","footer-sml-layout":"","ast-disable-related-posts":"","theme-transparent-header-meta":"default","adv-header-id-meta":"","stick-header-meta":"","header-above-stick-meta":"","header-main-stick-meta":"","header-below-stick-meta":"","astra-migrate-meta-layouts":"default","ast-page-background-enabled":"default","ast-page-background-meta":{"desktop":{"background-color":"","background-image":"","background-repeat":"repeat","background-position":"center center","background-size":"auto","background-attachment":"scroll","background-type":"","background-media":"","overlay-type":"","overlay-color":"","overlay-opacity":"","overlay-gradient":""},"tablet":{"background-color":"","background-image":"","background-repeat":"repeat","background-position":"center center","background-size":"auto","background-attachment":"scroll","background-type":"","background-media":"","overlay-type":"","overlay-color":"","overlay-opacity":"","overlay-gradient":""},"mobile":{"background-color":"","background-image":"","background-repeat":"repeat","background-position":"center center","background-size":"auto","background-attachment":"scroll","background-type":"","background-media":"","overlay-type":"","overlay-color":"","overlay-opacity":"","overlay-gradient":""}},"ast-content-background-meta":{"desktop":{"background-color":"var(--ast-global-color-5)","background-image":"","background-repeat":"repeat","background-position":"center center","background-size":"auto","background-attachment":"scroll","background-type":"","background-media":"","overlay-type":"","overlay-color":"","overlay-opacity":"","overlay-gradient":""},"tablet":{"background-color":"var(--ast-global-color-5)","background-image":"","background-repeat":"repeat","background-position":"center center","background-size":"auto","background-attachment":"scroll","background-type":"","background-media":"","overlay-type":"","overlay-color":"","overlay-opacity":"","overlay-gradient":""},"mobile":{"background-color":"var(--ast-global-color-5)","background-image":"","background-repeat":"repeat","background-position":"center center","background-size":"auto","background-attachment":"scroll","background-type":"","background-media":"","overlay-type":"","overlay-color":"","overlay-opacity":"","overlay-gradient":""}}},"product_brand":[],"product_cat":[129],"product_tag":[],"class_list":{"0":"post-5608","1":"product","2":"type-product","3":"status-publish","4":"has-post-thumbnail","6":"product_cat-batas-e-campos-cirurgicos","7":"desktop-align-center","8":"tablet-align-left","9":"mobile-align-left","11":"first","12":"instock","13":"shipping-taxable","14":"product-type-simple"},"_links":{"self":[{"href":"https:\/\/medposnonwoven.com\/pt-br\/wp-json\/wp\/v2\/product\/5608","targetHints":{"allow":["GET"]}}],"collection":[{"href":"https:\/\/medposnonwoven.com\/pt-br\/wp-json\/wp\/v2\/product"}],"about":[{"href":"https:\/\/medposnonwoven.com\/pt-br\/wp-json\/wp\/v2\/types\/product"}],"wp:featuredmedia":[{"embeddable":true,"href":"https:\/\/medposnonwoven.com\/pt-br\/wp-json\/wp\/v2\/media\/5419"}],"wp:attachment":[{"href":"https:\/\/medposnonwoven.com\/pt-br\/wp-json\/wp\/v2\/media?parent=5608"}],"wp:term":[{"taxonomy":"product_brand","embeddable":true,"href":"https:\/\/medposnonwoven.com\/pt-br\/wp-json\/wp\/v2\/product_brand?post=5608"},{"taxonomy":"product_cat","embeddable":true,"href":"https:\/\/medposnonwoven.com\/pt-br\/wp-json\/wp\/v2\/product_cat?post=5608"},{"taxonomy":"product_tag","embeddable":true,"href":"https:\/\/medposnonwoven.com\/pt-br\/wp-json\/wp\/v2\/product_tag?post=5608"}],"curies":[{"name":"wp","href":"https:\/\/api.w.org\/{rel}","templated":true}]}}