{"id":5609,"date":"2023-01-18T13:54:13","date_gmt":"2023-01-18T13:54:13","guid":{"rendered":"https:\/\/medposnonwoven.com\/product\/tecido-spunbond-laminado-pe\/"},"modified":"2023-05-06T09:14:26","modified_gmt":"2023-05-06T09:14:26","slug":"tecido-spunbond-laminado-pe","status":"publish","type":"product","link":"https:\/\/medposnonwoven.com\/pt-br\/produto\/tecido-spunbond-laminado-pe\/","title":{"rendered":"Tecido Spunbond laminado PE"},"content":{"rendered":"<ul>\n<li>O n\u00e3o-tecido de lamina\u00e7\u00e3o \u00e9 o processo de fabrico de um material em v\u00e1rias camadas, normalmente uma pel\u00edcula de PE laminada com diferentes n\u00e3o-tecidos, tais como PE+spunbond, PE+SMS, PE+Viscose, PE+Spunlace e SMSPE ou SMPE. A combina\u00e7\u00e3o das caracter\u00edsticas f\u00edsicas e mec\u00e2nicas de cada camada permite obter um material comp\u00f3sito mais forte e mais resistente.<\/li>\n<li>O tecido n\u00e3o tecido laminado est\u00e1 dispon\u00edvel numa variedade de desenhos, cores e padr\u00f5es. \u00c9 \u00e0 prova de \u00e1gua e oferece uma excelente protec\u00e7\u00e3o contra os fluidos. Batas de isolamento, batas cir\u00fargicas, cortinas e coberturas, fatos de banho, embalagens de cereais para alimentos, sacos de compras e outros artigos s\u00e3o fabricados a partir de tecidos laminados.<\/li>\n<li>O tecido revestido a PE \u00e9 um tipo de tecido n\u00e3o tecido ao qual foi aplicada uma camada de pel\u00edcula de pl\u00e1stico. Esta camada de pel\u00edcula pode ser impressa a cores utilizando uma m\u00e1quina de impress\u00e3o. Apenas o padr\u00e3o de serigrafia drearyto impresso \u00e0 m\u00e3o pode ser utilizado para criar este tecido. Os produtos com longa vida \u00fatil, sem pl\u00e1sticos e sem yidihong s\u00e3o compostos antig\u00e9nicos em arraia de viscose que s\u00e3o produzidos por Dunaliella ductibility e bridge. O espa\u00e7o pode durar at\u00e9 cinco anos.<br \/>\nUtilizando o m\u00e9todo de produ\u00e7\u00e3o actual. As pel\u00edculas de tecido n\u00e3o-tecido podem ser classificadas como: composto de revestimento respir\u00e1vel de fus\u00e3o a quente, buliyate autog\u00e9nico e ILM. Cada um destes tr\u00eas m\u00e9todos tem propriedades \u00fanicas, mas os buprestoides revestidos com pol\u00edmeros superam normalmente os tecidos n\u00e3o tecidos normais em termos de efici\u00eancia de produ\u00e7\u00e3o em prazos mais longos e padr\u00f5es mais elevados.<\/li>\n<\/ul>\n<p>&nbsp;<\/p>\n<p>&nbsp;<\/p>\n","protected":false},"excerpt":{"rendered":"<ul>\n<li>Este tecido n\u00e3o tecido laminado PE + PP spunbond \u00e9 imperme\u00e1vel, n\u00e3o respir\u00e1vel, o peso b\u00e1sico do tecido varia de 30gsm a 60gsm.<\/li>\n<li>Amplamente utilizado para vestu\u00e1rio e equipamento de protec\u00e7\u00e3o no dom\u00ednio m\u00e9dico, fraldas para adultos e beb\u00e9s, produtos de higiene feminina, embalagens e sacos de compras e material de isolamento para telhados.<\/li>\n<\/ul>\n<h4>Caracter\u00edsticas<\/h4>\n<p>Material: Polipropileno e polietileno<\/p>\n<p>Tamanho: 20-200cm<\/p>\n<p>Cor: azul, verde, branco<\/p>\n<p>Tipo: Laminado ou revestido (com ou sem cola)<\/p>\n<p>Embalagem: Conforme pedido<\/p>\n<p>&nbsp;<\/p>\n","protected":false},"featured_media":5444,"template":"","meta":{"site-sidebar-layout":"default","site-content-layout":"default","ast-site-content-layout":"default","site-content-style":"default","site-sidebar-style":"default","ast-global-header-display":"","ast-banner-title-visibility":"","ast-main-header-display":"","ast-hfb-above-header-display":"","ast-hfb-below-header-display":"","ast-hfb-mobile-header-display":"","site-post-title":"","ast-breadcrumbs-content":"","ast-featured-img":"","footer-sml-layout":"","ast-disable-related-posts":"","theme-transparent-header-meta":"default","adv-header-id-meta":"","stick-header-meta":"","header-above-stick-meta":"","header-main-stick-meta":"","header-below-stick-meta":"","astra-migrate-meta-layouts":"default","ast-page-background-enabled":"default","ast-page-background-meta":{"desktop":{"background-color":"","background-image":"","background-repeat":"repeat","background-position":"center center","background-size":"auto","background-attachment":"scroll","background-type":"","background-media":"","overlay-type":"","overlay-color":"","overlay-opacity":"","overlay-gradient":""},"tablet":{"background-color":"","background-image":"","background-repeat":"repeat","background-position":"center center","background-size":"auto","background-attachment":"scroll","background-type":"","background-media":"","overlay-type":"","overlay-color":"","overlay-opacity":"","overlay-gradient":""},"mobile":{"background-color":"","background-image":"","background-repeat":"repeat","background-position":"center center","background-size":"auto","background-attachment":"scroll","background-type":"","background-media":"","overlay-type":"","overlay-color":"","overlay-opacity":"","overlay-gradient":""}},"ast-content-background-meta":{"desktop":{"background-color":"var(--ast-global-color-5)","background-image":"","background-repeat":"repeat","background-position":"center center","background-size":"auto","background-attachment":"scroll","background-type":"","background-media":"","overlay-type":"","overlay-color":"","overlay-opacity":"","overlay-gradient":""},"tablet":{"background-color":"var(--ast-global-color-5)","background-image":"","background-repeat":"repeat","background-position":"center center","background-size":"auto","background-attachment":"scroll","background-type":"","background-media":"","overlay-type":"","overlay-color":"","overlay-opacity":"","overlay-gradient":""},"mobile":{"background-color":"var(--ast-global-color-5)","background-image":"","background-repeat":"repeat","background-position":"center center","background-size":"auto","background-attachment":"scroll","background-type":"","background-media":"","overlay-type":"","overlay-color":"","overlay-opacity":"","overlay-gradient":""}}},"product_brand":[],"product_cat":[131],"product_tag":[],"class_list":{"0":"post-5609","1":"product","2":"type-product","3":"status-publish","4":"has-post-thumbnail","6":"product_cat-tecidos-nao-tecidos","7":"desktop-align-center","8":"tablet-align-left","9":"mobile-align-left","11":"first","12":"instock","13":"shipping-taxable","14":"product-type-simple"},"_links":{"self":[{"href":"https:\/\/medposnonwoven.com\/pt-br\/wp-json\/wp\/v2\/product\/5609","targetHints":{"allow":["GET"]}}],"collection":[{"href":"https:\/\/medposnonwoven.com\/pt-br\/wp-json\/wp\/v2\/product"}],"about":[{"href":"https:\/\/medposnonwoven.com\/pt-br\/wp-json\/wp\/v2\/types\/product"}],"wp:featuredmedia":[{"embeddable":true,"href":"https:\/\/medposnonwoven.com\/pt-br\/wp-json\/wp\/v2\/media\/5444"}],"wp:attachment":[{"href":"https:\/\/medposnonwoven.com\/pt-br\/wp-json\/wp\/v2\/media?parent=5609"}],"wp:term":[{"taxonomy":"product_brand","embeddable":true,"href":"https:\/\/medposnonwoven.com\/pt-br\/wp-json\/wp\/v2\/product_brand?post=5609"},{"taxonomy":"product_cat","embeddable":true,"href":"https:\/\/medposnonwoven.com\/pt-br\/wp-json\/wp\/v2\/product_cat?post=5609"},{"taxonomy":"product_tag","embeddable":true,"href":"https:\/\/medposnonwoven.com\/pt-br\/wp-json\/wp\/v2\/product_tag?post=5609"}],"curies":[{"name":"wp","href":"https:\/\/api.w.org\/{rel}","templated":true}]}}